{"id":10233,"date":"2016-08-15T23:17:18","date_gmt":"2016-08-15T16:17:18","guid":{"rendered":"https:\/\/phuquocxanh.com\/vi\/?page_id=10233"},"modified":"2023-02-25T23:28:46","modified_gmt":"2023-02-25T16:28:46","slug":"tour-du-lich-ket-hop-chup-anh-cuoi-tai-phu-quoc","status":"publish","type":"page","link":"https:\/\/phuquocxanh.com\/vi\/tour-du-lich-ket-hop-chup-anh-cuoi-tai-phu-quoc\/","title":{"rendered":"Tour du l\u1ecbch k\u1ebft h\u1ee3p ch\u1ee5p \u1ea3nh c\u01b0\u1edbi t\u1ea1i ph\u00fa qu\u1ed1c"},"content":{"rendered":"<h4 style=\"text-align: center;\"><span style=\"color: #339966;\">Nh\u1eefng chuy\u1ebfn \u0111i , nh\u1eefng k\u1ef7 ni\u1ec7m s\u1ebd t\u1ea1o n\u00ean m\u1ed1i g\u1eafn k\u1ebft gi\u00fap t\u00ecnh c\u1ea3m l\u1ee9a \u0111\u00f4i th\u00eam m\u1eb7n n\u1ed3ng v\u00e0 g\u1eafn b\u00f3 . H\u00e3y l\u01b0u gi\u1eef nh\u1eefng kho\u1ea3nh kh\u1eafc \u0111\u1eb9p v\u00e0 t\u00f4 \u0111i\u1ec3m th\u00eam cho t\u00ecnh y\u00eau l\u1ee9a \u0111\u00f4i th\u00eam m\u1eb7n n\u1ed3ng c\u00f9ng d\u1ecbch v\u1ee5 \u00a0\u0111\u1eb7c bi\u1ec7t d\u00e0nh cho c\u1eb7p \u0111\u00f4i c\u1ee7a Ph\u00fa Qu\u1ed1c Xanh<\/span><\/h4>\n<p><strong><span style=\"text-decoration: underline;\"><span style=\"color: #008000; text-decoration: underline;\"><span style=\"color: #ff0000; text-decoration: underline;\">CH\u00daNG T\u00d4I KH\u00c1C BI\u1ec6T HO\u00c0N TO\u00c0N :<\/span><img loading=\"lazy\" decoding=\"async\" class=\"wp-image-11149 alignright\" src=\"https:\/\/phuquocxanh.com\/vi\/wp-content\/uploads\/2016\/09\/Wedding-Flower-PNG-Image-1024x682.png\" alt=\"wedding-flower-png-image\" width=\"197\" height=\"131\" \/><\/span><\/span><\/strong><\/p>\n<p><span style=\"color: #0000ff;\">\u0110\u00e2y l\u00e0 d\u1ecbch v\u1ee5 \u0111\u1eb3ng c\u1ea5p VIP d\u00e0nh ri\u00eang cho 1 c\u1eb7p CD-CR nh\u1ea5t :<\/span><\/p>\n<ul>\n<li><span style=\"color: #0000ff;\">Kh\u1edfi h\u00e0nh li\u00ean t\u1ee5c h\u00e0ng tu\u1ea7n , kh\u00f4ng c\u1ea7n ch\u1edd gh\u00e9p<\/span><\/li>\n<li><span style=\"color: #0000ff;\">1 ekip ch\u1ec9 ph\u1ee5c v\u1ee5 1 c\u1eb7p CD-CR duy nh\u1ea5t su\u1ed1t h\u00e0nh tr\u00ecnh<\/span><\/li>\n<li><span style=\"color: #0000ff;\">Th\u1eddi gian ch\u1ee5p l\u00e0 do CD-CR quy\u1ebft \u0111\u1ecbnh , kh\u00f4ng g\u00f2 b\u00f3 th\u1eddi gian<\/span><\/li>\n<li><span style=\"color: #0000ff;\">\u0110\u01b0\u1ee3c l\u1ef1a ch\u1ecdn nh\u1eefng \u0111\u1ecba \u0111i\u1ec3m \u0111\u1eb9p nh\u1ea5t , hot nh\u1ea5t v\u1edbi \u0111\u1ed9i ng\u0169 t\u01b0 v\u1ea5n chuy\u00ean nghi\u1ec7p , nhi\u1ec7t t\u00ecnh nh\u1ea5t<\/span><\/li>\n<li><span style=\"color: #0000ff;\">Tho\u1ea3i m\u00e1i l\u1ef1a ch\u1ecdn nh\u1eefng m\u1eabu v\u00e1y c\u01b0\u1edbi moden nh\u1ea5t , hot nh\u1ea5t<img loading=\"lazy\" decoding=\"async\" class=\" wp-image-11135 alignright\" src=\"https:\/\/phuquocxanh.com\/vi\/wp-content\/uploads\/2016\/09\/hinh-nen-thien-than-tinh-yeu-15.jpg\" alt=\"hinh-nen-thien-than-tinh-yeu-15\" width=\"194\" height=\"259\" \/><\/span><\/li>\n<\/ul>\n<p><span style=\"color: #ff0000;\"><strong><span style=\"text-decoration: underline;\">CH\u00daNG T\u00d4I L\u00c0 TR\u1eccN G\u00d3I :<\/span><\/strong><\/span><\/p>\n<ul>\n<li><strong><span style=\"text-decoration: underline;\"><span style=\"color: #008000; text-decoration: underline;\">CD-CR \u0111\u00e3 \u0111\u01b0\u1ee3c bao to\u00e0n b\u1ed9 :<\/span><\/span><\/strong><\/li>\n<\/ul>\n<p><span style=\"color: #0000ff;\">+ Chi ph\u00ed v\u00e9 m\u00e1y bay \u0111\u1ebfn Ph\u00fa Qu\u1ed1c t\u1eeb kh\u1eafp Vi\u1ec7t Nam<\/span><\/p>\n<p><span style=\"color: #0000ff;\">+ To\u00e0n b\u1ed9 chi ph\u00ed ph\u00f2ng kh\u00e1ch s\u1ea1n 2 \u2013 4 sao cho CD-CR<\/span><\/p>\n<p><span style=\"color: #0000ff;\">+ V\u00e9 v\u00e0o c\u1ed5ng t\u1ea5t \u0111i\u1ec3m ch\u1ee5p h\u00ecnh c\u01b0\u1edbi<\/span><\/p>\n<p><span style=\"color: #0000ff;\">+ Xe \u0111\u01b0a \u0111\u00f3n theo l\u1ecbch tr\u00ecnh<\/span><\/p>\n<p><span style=\"color: #0000ff;\">+ H\u01b0\u1edbng d\u1eabn vi\u00ean hi\u1ec3u bi\u1ebft , t\u01b0 v\u1ea5n nhi\u1ec7t t\u00ecnh<\/span><\/p>\n<ul>\n<li><strong><span style=\"text-decoration: underline;\"><span style=\"color: #008000; text-decoration: underline;\"><img loading=\"lazy\" decoding=\"async\" class=\"wp-image-11136 alignleft\" src=\"https:\/\/phuquocxanh.com\/vi\/wp-content\/uploads\/2016\/09\/THIEN-THAN-CON.png\" alt=\"thien-than-con\" width=\"209\" height=\"177\" \/><span style=\"color: #ff0000; text-decoration: underline;\">CD-CR kh\u00f4ng c\u1ea7n lo :<\/span><\/span><\/span><\/strong><\/li>\n<\/ul>\n<p><span style=\"color: #008000;\">+\u00a0 \u0110i l\u1ea1i , \u0103n u\u1ed1ng ,ph\u00f2ng ngh\u1ec9 c\u1ee7a ekip<\/span><\/p>\n<p><span style=\"color: #008000;\">+ Chi ph\u00ed c\u1ea7u \u0111\u01b0\u1eddng , b\u1ebfn b\u00e3i trong su\u1ed1t h\u00e0nh tr\u00ecnh<\/span><\/p>\n<p><span style=\"color: #008000;\">+ B\u1ea5t c\u1ee9 v\u00e9 v\u00e0o c\u1ed5ng n\u00e0o kh\u00e1c<\/span><\/p>\n<p>&nbsp;<\/p>\n","protected":false},"excerpt":{"rendered":"<p>Nh\u1eefng chuy\u1ebfn \u0111i , nh\u1eefng k\u1ef7 ni\u1ec7m s\u1ebd t\u1ea1o n\u00ean m\u1ed1i g\u1eafn k\u1ebft gi\u00fap t\u00ecnh c\u1ea3m l\u1ee9a \u0111\u00f4i th\u00eam m\u1eb7n n\u1ed3ng v\u00e0 g\u1eafn b\u00f3 . H\u00e3y l\u01b0u gi\u1eef nh\u1eefng kho\u1ea3nh kh\u1eafc \u0111\u1eb9p v\u00e0 t\u00f4 \u0111i\u1ec3m th\u00eam cho t\u00ecnh y\u00eau l\u1ee9a \u0111\u00f4i th\u00eam m\u1eb7n n\u1ed3ng c\u00f9ng d\u1ecbch v\u1ee5 \u00a0\u0111\u1eb7c bi\u1ec7t d\u00e0nh cho c\u1eb7p \u0111\u00f4i c\u1ee7a Ph\u00fa [&hellip;]<\/p>\n","protected":false},"author":2,"featured_media":35485,"parent":0,"menu_order":0,"comment_status":"closed","ping_status":"closed","template":"","meta":{"footnotes":""},"yst_prominent_words":[],"class_list":["post-10233","page","type-page","status-publish","has-post-thumbnail","hentry"],"_links":{"self":[{"href":"https:\/\/phuquocxanh.com\/vi\/wp-json\/wp\/v2\/pages\/10233","targetHints":{"allow":["GET"]}}],"collection":[{"href":"https:\/\/phuquocxanh.com\/vi\/wp-json\/wp\/v2\/pages"}],"about":[{"href":"https:\/\/phuquocxanh.com\/vi\/wp-json\/wp\/v2\/types\/page"}],"author":[{"embeddable":true,"href":"https:\/\/phuquocxanh.com\/vi\/wp-json\/wp\/v2\/users\/2"}],"replies":[{"embeddable":true,"href":"https:\/\/phuquocxanh.com\/vi\/wp-json\/wp\/v2\/comments?post=10233"}],"version-history":[{"count":0,"href":"https:\/\/phuquocxanh.com\/vi\/wp-json\/wp\/v2\/pages\/10233\/revisions"}],"wp:featuredmedia":[{"embeddable":true,"href":"https:\/\/phuquocxanh.com\/vi\/wp-json\/wp\/v2\/media\/35485"}],"wp:attachment":[{"href":"https:\/\/phuquocxanh.com\/vi\/wp-json\/wp\/v2\/media?parent=10233"}],"wp:term":[{"taxonomy":"yst_prominent_words","embeddable":true,"href":"https:\/\/phuquocxanh.com\/vi\/wp-json\/wp\/v2\/yst_prominent_words?post=10233"}],"curies":[{"name":"wp","href":"https:\/\/api.w.org\/{rel}","templated":true}]}}