{"id":10235,"date":"2016-08-15T23:32:57","date_gmt":"2016-08-15T16:32:57","guid":{"rendered":"https:\/\/phuquocxanh.com\/vi\/?page_id=10235"},"modified":"2026-01-06T15:20:53","modified_gmt":"2026-01-06T08:20:53","slug":"tour-du-lich-ha-noi-phu-quoc","status":"publish","type":"page","link":"https:\/\/phuquocxanh.com\/vi\/tour-du-lich-ha-noi-phu-quoc\/","title":{"rendered":"10 Tour Du L\u1ecbch H\u00e0 N\u1ed9i Ph\u00fa Qu\u1ed1c H\u00e8 2026"},"content":{"rendered":"<p style=\"text-align: center;\"><span style=\"color: #008000;\">B\u1ea1n \u1edf H\u00e0 N\u1ed9i , b\u1ea1n \u0111\u00e3 \u0111i h\u1ebft c\u00e1c \u0111i\u1ec3m quanh H\u00e0 N\u1ed9i . H\u00e3y th\u1eed 1 l\u1ea7n &#8220;ch\u01a1i l\u1edbn&#8221; v\u1edbi t<strong>our du l\u1ecbch H\u00e0 N\u1ed9i Ph\u00fa Qu\u1ed1c<\/strong> . Ch\u1eafc ch\u1eafn , nh\u1eefng <a style=\"color: #008000;\" href=\"https:\/\/phuquocxanh.com\/vi\/cung-cap-dich-vu-du-lich-tai-dao-phu-quoc\/\">tour du lich Ph\u00fa Qu\u1ed1c t\u1eeb H\u00e0 N\u1ed9i<\/a> n\u00e0y s\u1ebd l\u00e0m c\u00e1c b\u1ea1n th\u1ef1c s\u1ef1 y\u00eau th\u00edch v\u00e0 h\u1ea5p d\u1eabn v\u1edbi b\u1ea1n.<\/span><\/p>\n","protected":false},"excerpt":{"rendered":"<p>B\u1ea1n \u1edf H\u00e0 N\u1ed9i , b\u1ea1n \u0111\u00e3 \u0111i h\u1ebft c\u00e1c \u0111i\u1ec3m quanh H\u00e0 N\u1ed9i . H\u00e3y th\u1eed 1 l\u1ea7n &#8220;ch\u01a1i l\u1edbn&#8221; v\u1edbi tour du l\u1ecbch H\u00e0 N\u1ed9i Ph\u00fa Qu\u1ed1c . Ch\u1eafc ch\u1eafn , nh\u1eefng tour du lich Ph\u00fa Qu\u1ed1c t\u1eeb H\u00e0 N\u1ed9i n\u00e0y s\u1ebd l\u00e0m c\u00e1c b\u1ea1n th\u1ef1c s\u1ef1 y\u00eau th\u00edch v\u00e0 h\u1ea5p d\u1eabn v\u1edbi [&hellip;]<\/p>\n","protected":false},"author":2,"featured_media":35112,"parent":0,"menu_order":0,"comment_status":"closed","ping_status":"closed","template":"","meta":{"footnotes":""},"yst_prominent_words":[],"class_list":["post-10235","page","type-page","status-publish","has-post-thumbnail","hentry"],"_links":{"self":[{"href":"https:\/\/phuquocxanh.com\/vi\/wp-json\/wp\/v2\/pages\/10235","targetHints":{"allow":["GET"]}}],"collection":[{"href":"https:\/\/phuquocxanh.com\/vi\/wp-json\/wp\/v2\/pages"}],"about":[{"href":"https:\/\/phuquocxanh.com\/vi\/wp-json\/wp\/v2\/types\/page"}],"author":[{"embeddable":true,"href":"https:\/\/phuquocxanh.com\/vi\/wp-json\/wp\/v2\/users\/2"}],"replies":[{"embeddable":true,"href":"https:\/\/phuquocxanh.com\/vi\/wp-json\/wp\/v2\/comments?post=10235"}],"version-history":[{"count":3,"href":"https:\/\/phuquocxanh.com\/vi\/wp-json\/wp\/v2\/pages\/10235\/revisions"}],"predecessor-version":[{"id":43083,"href":"https:\/\/phuquocxanh.com\/vi\/wp-json\/wp\/v2\/pages\/10235\/revisions\/43083"}],"wp:featuredmedia":[{"embeddable":true,"href":"https:\/\/phuquocxanh.com\/vi\/wp-json\/wp\/v2\/media\/35112"}],"wp:attachment":[{"href":"https:\/\/phuquocxanh.com\/vi\/wp-json\/wp\/v2\/media?parent=10235"}],"wp:term":[{"taxonomy":"yst_prominent_words","embeddable":true,"href":"https:\/\/phuquocxanh.com\/vi\/wp-json\/wp\/v2\/yst_prominent_words?post=10235"}],"curies":[{"name":"wp","href":"https:\/\/api.w.org\/{rel}","templated":true}]}}