{"id":10236,"date":"2016-08-16T06:30:40","date_gmt":"2016-08-15T23:30:40","guid":{"rendered":"https:\/\/phuquocxanh.com\/vi\/?page_id=10236"},"modified":"2026-01-06T15:21:34","modified_gmt":"2026-01-06T08:21:34","slug":"tour-du-lich-hai-phong-phu-quoc","status":"publish","type":"page","link":"https:\/\/phuquocxanh.com\/vi\/tour-du-lich-hai-phong-phu-quoc\/","title":{"rendered":"Ch\u00f9m Tour Du L\u1ecbch H\u1ea3i Ph\u00f2ng Ph\u00fa Qu\u1ed1c H\u00e8 2026"},"content":{"rendered":"<h3 style=\"text-align: center;\"><span style=\"color: #008000;\">V\u01b0\u01a1n \u0111\u1ebfn c\u1ef1c Nam c\u1ee7a \u0111\u1ea5t n\u01b0\u1edbc kh\u00e1m ph\u00e1 c\u1ea3nh bi\u1ec3n \u0111\u1ea3o , nh\u1eefng con s\u00f3ng \u00eam \u0111\u1ec1m v\u1ed7 v\u1ec1 c\u00f9ng tour <a href=\"https:\/\/phuquocxanh.com\/vi\/tour-du-lich-hai-phong-phu-quoc\/\">du l\u1ecbch H\u1ea3i Ph\u00f2ng \u00a0Ph\u00fa Qu\u1ed1<\/a>c v\u1edbi \u0111\u01b0\u1eddng bay th\u1eb3ng c\u1ef1c k\u1ef3 ti\u1ebft ki\u1ec7m c\u1ee7a h\u00e3ng h\u00e0ng kh\u00f4ng Vietjetair . B\u1ea1n s\u1ebd c\u00f3 1 h\u00e0nh tr\u00ecnh \u0111\u1ea7y m\u1edbi l\u1ea1 v\u00e0 h\u1ea5p d\u1eabn t\u1ea1i thi\u00ean \u0111\u01b0\u1eddng \u0111\u1ea3o ngo\u1ea1c Ph\u00fa Qu\u1ed1c v\u1edbi <a href=\"https:\/\/phuquocxanh.com\/vi\/\">tour du l\u1ecbch Ph\u00fa Qu\u1ed1c<\/a> c\u1ee7a c\u00f4ng ty Ph\u00fa QU\u1ed1c Xanh<\/span><\/h3>\n","protected":false},"excerpt":{"rendered":"<p>V\u01b0\u01a1n \u0111\u1ebfn c\u1ef1c Nam c\u1ee7a \u0111\u1ea5t n\u01b0\u1edbc kh\u00e1m ph\u00e1 c\u1ea3nh bi\u1ec3n \u0111\u1ea3o , nh\u1eefng con s\u00f3ng \u00eam \u0111\u1ec1m v\u1ed7 v\u1ec1 c\u00f9ng tour du l\u1ecbch H\u1ea3i Ph\u00f2ng \u00a0Ph\u00fa Qu\u1ed1c v\u1edbi \u0111\u01b0\u1eddng bay th\u1eb3ng c\u1ef1c k\u1ef3 ti\u1ebft ki\u1ec7m c\u1ee7a h\u00e3ng h\u00e0ng kh\u00f4ng Vietjetair . B\u1ea1n s\u1ebd c\u00f3 1 h\u00e0nh tr\u00ecnh \u0111\u1ea7y m\u1edbi l\u1ea1 v\u00e0 h\u1ea5p d\u1eabn t\u1ea1i [&hellip;]<\/p>\n","protected":false},"author":2,"featured_media":35123,"parent":0,"menu_order":0,"comment_status":"closed","ping_status":"closed","template":"","meta":{"footnotes":""},"yst_prominent_words":[],"class_list":["post-10236","page","type-page","status-publish","has-post-thumbnail","hentry"],"_links":{"self":[{"href":"https:\/\/phuquocxanh.com\/vi\/wp-json\/wp\/v2\/pages\/10236","targetHints":{"allow":["GET"]}}],"collection":[{"href":"https:\/\/phuquocxanh.com\/vi\/wp-json\/wp\/v2\/pages"}],"about":[{"href":"https:\/\/phuquocxanh.com\/vi\/wp-json\/wp\/v2\/types\/page"}],"author":[{"embeddable":true,"href":"https:\/\/phuquocxanh.com\/vi\/wp-json\/wp\/v2\/users\/2"}],"replies":[{"embeddable":true,"href":"https:\/\/phuquocxanh.com\/vi\/wp-json\/wp\/v2\/comments?post=10236"}],"version-history":[{"count":4,"href":"https:\/\/phuquocxanh.com\/vi\/wp-json\/wp\/v2\/pages\/10236\/revisions"}],"predecessor-version":[{"id":43084,"href":"https:\/\/phuquocxanh.com\/vi\/wp-json\/wp\/v2\/pages\/10236\/revisions\/43084"}],"wp:featuredmedia":[{"embeddable":true,"href":"https:\/\/phuquocxanh.com\/vi\/wp-json\/wp\/v2\/media\/35123"}],"wp:attachment":[{"href":"https:\/\/phuquocxanh.com\/vi\/wp-json\/wp\/v2\/media?parent=10236"}],"wp:term":[{"taxonomy":"yst_prominent_words","embeddable":true,"href":"https:\/\/phuquocxanh.com\/vi\/wp-json\/wp\/v2\/yst_prominent_words?post=10236"}],"curies":[{"name":"wp","href":"https:\/\/api.w.org\/{rel}","templated":true}]}}