{"id":10237,"date":"2016-08-15T23:39:22","date_gmt":"2016-08-15T16:39:22","guid":{"rendered":"https:\/\/phuquocxanh.com\/vi\/?page_id=10237"},"modified":"2026-01-06T15:22:59","modified_gmt":"2026-01-06T08:22:59","slug":"tour-mien-tay-phu-quoc","status":"publish","type":"page","link":"https:\/\/phuquocxanh.com\/vi\/tour-mien-tay-phu-quoc\/","title":{"rendered":"Ch\u00f9m Tour Mi\u1ec1n T\u00e2y Ph\u00fa Qu\u1ed1c H\u00e8 2026"},"content":{"rendered":"<h4><strong><span style=\"color: #008000;\">Book ngay tour Du L\u1ecbch Mi\u1ec1n T\u00e2y Ph\u00fa Qu\u1ed1c si\u00eau h\u1ea5p d\u1eabn . C\u00f9ng v\u1edbi h\u00e0nh tr\u00ecnh kh\u00e1m ph\u00e1 <a href=\"https:\/\/phuquocxanh.com\/vi\/\">\u0111\u1ea3o ng\u1ecdc Ph\u00fa Qu\u1ed1c 2026<\/a> h\u00e3y c\u00f9ng ch\u00fang t\u00f4i kh\u00e1m ph\u00e1 m\u1ea3nh \u0111\u1ea5t &#8221; ch\u00edn r\u1ed3ng&#8221; v\u1edbi <a href=\"https:\/\/phuquocxanh.com\/vi\/tour-mien-tay-phu-quoc\/\">tour mi\u1ec1n t\u00e2y ph\u00fa qu\u1ed1c<\/a> c\u1ef1c k\u1ef3 h\u1ea5p d\u1eabn. V\u1edbi h\u00e0nh tr\u00ecnh kh\u00e1m ph\u00e1 bi\u1ec3n \u0111\u1ea3o s\u00f4ng n\u01b0\u1edbc k\u1ebft h\u1ee3p s\u1ebd \u0111em \u0111\u1ebfn nh\u1eefng tr\u1ea3i nghi\u1ec7m m\u1edbi l\u1ea1 cho m\u1ed7i du kh\u00e1ch .<\/span><\/strong><\/h4>\n<h3><span style=\"color: #ff0000;\">Qu\u00fd kh\u00e1ch c\u00f3 r\u1ea5t nhi\u1ec1u s\u1ef1 l\u1ef1a ch\u1ecdn v\u1edbi ch\u01b0\u01a1ng tr\u00ecnh tour Ph\u00fa Qu\u1ed1c Mi\u1ec1n T\u00e2y l\u1ecbch tr\u00ecnh :<\/span><\/h3>\n<ul>\n<li>Tour Ph\u00fa Qu\u1ed1c &#8211; C\u00e0 mau &#8211; B\u1ea1c Li\u00eau &#8211; S\u00f3c Tr\u0103ng &#8211; C\u1ea7n Th\u01a1<\/li>\n<li>Tour Ph\u00fa Qu\u1ed1c &#8211; C\u00e0 mau &#8211; B\u1ea1c Li\u00eau &#8211; S\u00f3c Tr\u0103ng &#8211; C\u1ea7n Th\u01a1- Ti\u1ec1n Giang- B\u1ebfn Tre- S\u00e0i G\u00f2n<\/li>\n<li>Tour S\u00e0i G\u00f2n\u00a0 &#8211; C\u1ea7n Th\u01a1 &#8211; B\u1ea1c Li\u00eau &#8211; S\u00f3c Tr\u0103ng- C\u00e0 Mau- Ph\u00fa QU\u1ed1c<\/li>\n<li>Tour S\u00e0i G\u00f2n &#8211; Ti\u1ec1n Giang &#8211; B\u1ebfn Tre- C\u1ea7n Th\u01a1- Ph\u00fa Qu\u1ed1c<\/li>\n<li>Tour S\u00e0i G\u00f2n &#8211; C\u1ea7n Th\u01a1 &#8211; Ph\u00fa Qu\u1ed1c<\/li>\n<li>Tour H\u00e0 N\u1ed9i &#8211; C\u1ea7n Th\u01a1 &#8211; Ph\u00fa Qu\u1ed1c<\/li>\n<li>Tour H\u00e0 N\u1ed9i &#8211; C\u1ea7n Th\u01a1 &#8211; Ch\u00e2u \u0110\u1ed1c- H\u00e0 Ti\u00ean &#8211; Ph\u00fa Qu\u1ed1c<\/li>\n<li>Tour H\u00e0 N\u1ed9i\u00a0 &#8211; Ph\u00fa QU\u1ed1c &#8211; C\u00e0 Mau &#8211; C\u1ea7n Th\u01a1<\/li>\n<li>Tour H\u00e0 N\u1ed9i &#8211; Ph\u00fa Qu\u1ed1c &#8211; C\u1ea7n Th\u01a1- S\u00e0i G\u00d2n<\/li>\n<\/ul>\n<h4>Ho\u1eb7c qu\u00fd kh\u00e1ch c\u00f3 th\u1ec3 l\u1ef1a ch\u1ecdn tour Mi\u1ec1n T\u00e2y v\u1edbi th\u1eddi gian tu\u1ef3 ch\u1ecdn:<\/h4>\n<ul>\n<li>\u00a0Tour Mi\u1ec1n T\u00e2y 3 Ng\u00e0y 2 \u0110\u00eam<\/li>\n<li>Tour Mi\u1ec1n T\u00e2y 4 Ng\u00e0y 3 \u0110\u00eam<\/li>\n<li>Tour Mi\u1ec1n T\u00e2y 5 Ng\u00e0y 6 \u0110\u00eam<\/li>\n<li>Tour Mi\u1ec1n T\u00e2y 6 Ng\u00e0y 5 \u0110\u00eam<\/li>\n<\/ul>\n","protected":false},"excerpt":{"rendered":"<p>Book ngay tour Du L\u1ecbch Mi\u1ec1n T\u00e2y Ph\u00fa Qu\u1ed1c si\u00eau h\u1ea5p d\u1eabn . C\u00f9ng v\u1edbi h\u00e0nh tr\u00ecnh kh\u00e1m ph\u00e1 \u0111\u1ea3o ng\u1ecdc Ph\u00fa Qu\u1ed1c 2026 h\u00e3y c\u00f9ng ch\u00fang t\u00f4i kh\u00e1m ph\u00e1 m\u1ea3nh \u0111\u1ea5t &#8221; ch\u00edn r\u1ed3ng&#8221; v\u1edbi tour mi\u1ec1n t\u00e2y ph\u00fa qu\u1ed1c c\u1ef1c k\u1ef3 h\u1ea5p d\u1eabn. V\u1edbi h\u00e0nh tr\u00ecnh kh\u00e1m ph\u00e1 bi\u1ec3n \u0111\u1ea3o s\u00f4ng n\u01b0\u1edbc k\u1ebft [&hellip;]<\/p>\n","protected":false},"author":2,"featured_media":35150,"parent":0,"menu_order":0,"comment_status":"closed","ping_status":"closed","template":"","meta":{"footnotes":""},"yst_prominent_words":[],"class_list":["post-10237","page","type-page","status-publish","has-post-thumbnail","hentry"],"_links":{"self":[{"href":"https:\/\/phuquocxanh.com\/vi\/wp-json\/wp\/v2\/pages\/10237","targetHints":{"allow":["GET"]}}],"collection":[{"href":"https:\/\/phuquocxanh.com\/vi\/wp-json\/wp\/v2\/pages"}],"about":[{"href":"https:\/\/phuquocxanh.com\/vi\/wp-json\/wp\/v2\/types\/page"}],"author":[{"embeddable":true,"href":"https:\/\/phuquocxanh.com\/vi\/wp-json\/wp\/v2\/users\/2"}],"replies":[{"embeddable":true,"href":"https:\/\/phuquocxanh.com\/vi\/wp-json\/wp\/v2\/comments?post=10237"}],"version-history":[{"count":5,"href":"https:\/\/phuquocxanh.com\/vi\/wp-json\/wp\/v2\/pages\/10237\/revisions"}],"predecessor-version":[{"id":43089,"href":"https:\/\/phuquocxanh.com\/vi\/wp-json\/wp\/v2\/pages\/10237\/revisions\/43089"}],"wp:featuredmedia":[{"embeddable":true,"href":"https:\/\/phuquocxanh.com\/vi\/wp-json\/wp\/v2\/media\/35150"}],"wp:attachment":[{"href":"https:\/\/phuquocxanh.com\/vi\/wp-json\/wp\/v2\/media?parent=10237"}],"wp:term":[{"taxonomy":"yst_prominent_words","embeddable":true,"href":"https:\/\/phuquocxanh.com\/vi\/wp-json\/wp\/v2\/yst_prominent_words?post=10237"}],"curies":[{"name":"wp","href":"https:\/\/api.w.org\/{rel}","templated":true}]}}