{"id":10238,"date":"2016-08-16T00:57:53","date_gmt":"2016-08-15T17:57:53","guid":{"rendered":"https:\/\/phuquocxanh.com\/vi\/?page_id=10238"},"modified":"2025-05-15T15:38:13","modified_gmt":"2025-05-15T08:38:13","slug":"tour-phu-quoc-3-ngay-2-dem","status":"publish","type":"page","link":"https:\/\/phuquocxanh.com\/vi\/tour-phu-quoc-3-ngay-2-dem\/","title":{"rendered":"Tour Ph\u00fa Qu\u1ed1c 3 Ng\u00e0y 2 \u0110\u00eam \u0110i t\u1eeb S\u00e0i G\u00f2n , H\u00e0 N\u1ed9i , C\u1ea7n Th\u01a1 ,H\u1ea3i Ph\u00f2ng"},"content":{"rendered":"<p><strong>Ch\u00f9m <span style=\"color: #008000;\"><a href=\"https:\/\/phuquocxanh.com\/vi\/tour-phu-quoc-3-ngay-2-dem\/\">Tour ph\u00fa qu\u1ed1c 3 ng\u00e0y 2<\/a> \u0111\u00eam <\/span>tr\u1ecdn g\u00f3i <span style=\"color: #008000;\">kh\u1edfi h\u00e0nh t\u1eeb m\u1ecdi mi\u1ec1n \u0111\u1ea5t n\u01b0\u1edbc : H\u00e0 N\u1ed9i , S\u00e0i G\u00f2n , H\u1ea3i Ph\u00f2ng , C\u1ea7n Th\u01a1 , Ph\u00fa Qu\u1ed1c&#8230;.T\u1ea5t c\u1ea3 c\u00e1c tour 3 ng\u00e0y 2 \u0111\u00eam \u0111i Ph\u00fa Qu\u1ed1c \u0111\u01b0\u1ee3c t\u1ed5 ch\u1ee9c b\u1edfi c\u00f4ng ty du l\u1ecbch Ph\u00fa Qu\u1ed1c Xanh . \u0110\u01a1n v\u1ecb l\u1eef h\u00e0nh <\/span><span style=\"color: #008000;\">h\u00e0ng \u0111\u1ea7u t\u1ea1i Ph\u00fa Qu\u1ed1c v\u1edbi d<\/span><span style=\"color: #008000;\">\u1ecbch v\u1ee5 chuy\u00ean nghi\u1ec7p , uy t\u00edn , gi\u00e1 c\u1ea3 h\u1ea5p d\u1eabn <\/span><\/strong><\/p>\n","protected":false},"excerpt":{"rendered":"<p>Ch\u00f9m Tour ph\u00fa qu\u1ed1c 3 ng\u00e0y 2 \u0111\u00eam tr\u1ecdn g\u00f3i kh\u1edfi h\u00e0nh t\u1eeb m\u1ecdi mi\u1ec1n \u0111\u1ea5t n\u01b0\u1edbc : H\u00e0 N\u1ed9i , S\u00e0i G\u00f2n , H\u1ea3i Ph\u00f2ng , C\u1ea7n Th\u01a1 , Ph\u00fa Qu\u1ed1c&#8230;.T\u1ea5t c\u1ea3 c\u00e1c tour 3 ng\u00e0y 2 \u0111\u00eam \u0111i Ph\u00fa Qu\u1ed1c \u0111\u01b0\u1ee3c t\u1ed5 ch\u1ee9c b\u1edfi c\u00f4ng ty du l\u1ecbch Ph\u00fa Qu\u1ed1c Xanh . \u0110\u01a1n [&hellip;]<\/p>\n","protected":false},"author":2,"featured_media":34911,"parent":0,"menu_order":0,"comment_status":"closed","ping_status":"closed","template":"","meta":{"footnotes":""},"yst_prominent_words":[],"class_list":["post-10238","page","type-page","status-publish","has-post-thumbnail","hentry"],"_links":{"self":[{"href":"https:\/\/phuquocxanh.com\/vi\/wp-json\/wp\/v2\/pages\/10238","targetHints":{"allow":["GET"]}}],"collection":[{"href":"https:\/\/phuquocxanh.com\/vi\/wp-json\/wp\/v2\/pages"}],"about":[{"href":"https:\/\/phuquocxanh.com\/vi\/wp-json\/wp\/v2\/types\/page"}],"author":[{"embeddable":true,"href":"https:\/\/phuquocxanh.com\/vi\/wp-json\/wp\/v2\/users\/2"}],"replies":[{"embeddable":true,"href":"https:\/\/phuquocxanh.com\/vi\/wp-json\/wp\/v2\/comments?post=10238"}],"version-history":[{"count":3,"href":"https:\/\/phuquocxanh.com\/vi\/wp-json\/wp\/v2\/pages\/10238\/revisions"}],"predecessor-version":[{"id":42788,"href":"https:\/\/phuquocxanh.com\/vi\/wp-json\/wp\/v2\/pages\/10238\/revisions\/42788"}],"wp:featuredmedia":[{"embeddable":true,"href":"https:\/\/phuquocxanh.com\/vi\/wp-json\/wp\/v2\/media\/34911"}],"wp:attachment":[{"href":"https:\/\/phuquocxanh.com\/vi\/wp-json\/wp\/v2\/media?parent=10238"}],"wp:term":[{"taxonomy":"yst_prominent_words","embeddable":true,"href":"https:\/\/phuquocxanh.com\/vi\/wp-json\/wp\/v2\/yst_prominent_words?post=10238"}],"curies":[{"name":"wp","href":"https:\/\/api.w.org\/{rel}","templated":true}]}}