{"id":10239,"date":"2016-08-16T00:59:30","date_gmt":"2016-08-15T17:59:30","guid":{"rendered":"https:\/\/phuquocxanh.com\/vi\/?page_id=10239"},"modified":"2025-05-15T15:38:20","modified_gmt":"2025-05-15T08:38:20","slug":"tour-phu-quoc-4-ngay-3-dem","status":"publish","type":"page","link":"https:\/\/phuquocxanh.com\/vi\/tour-phu-quoc-4-ngay-3-dem\/","title":{"rendered":"Tour Ph\u00fa Qu\u1ed1c 4 Ng\u00e0y 3 \u0110\u00eam \u0110i t\u1eeb S\u00e0i G\u00f2n , H\u00e0 N\u1ed9i , H\u1ea3i Ph\u00f2ng , \u0110\u00e0 N\u1eb5ng"},"content":{"rendered":"<p><strong><span style=\"color: #008000;\">Ch\u00f9m <a style=\"color: #008000;\" href=\"https:\/\/phuquocxanh.com\/vi\/tour-phu-quoc-4-ngay-3-dem\/\">Tour ph\u00fa qu\u1ed1c 4 ng\u00e0y<\/a> 3 \u0111\u00eam tr\u1ecdn g\u00f3i kh\u1edfi h\u00e0nh t\u1eeb m\u1ecdi mi\u1ec1n \u0111\u1ea5t n\u01b0\u1edbc : H\u00e0 N\u1ed9i , S\u00e0i G\u00f2n , H\u1ea3i Ph\u00f2ng , C\u1ea7n Th\u01a1 , Ph\u00fa Qu\u1ed1c&#8230;. T\u1ea5t c\u1ea3 c\u00e1c tour du l\u1ecbch Ph\u00fa Qu\u1ed1c 4 ng\u00e0y \u0111\u1ec1u \u0111\u01b0\u1ee3c t\u1ed5 ch\u1ee9c b\u1edfi c\u00f4ng ty du l\u1ecbch Ph\u00fa Qu\u1ed1c\u00a0 Xanh . \u0110\u01a1n v\u1ecb l\u1eef h\u00e0nh h\u00e0ng \u0111\u1ea7u v\u1edbi d\u1ecbch v\u1ee5 chuy\u00ean nghi\u1ec7p , uy t\u00edn , gi\u00e1 c\u1ea3 h\u1ea5p d\u1eabn\u00a0<\/span><\/strong><\/p>\n","protected":false},"excerpt":{"rendered":"<p>Ch\u00f9m Tour ph\u00fa qu\u1ed1c 4 ng\u00e0y 3 \u0111\u00eam tr\u1ecdn g\u00f3i kh\u1edfi h\u00e0nh t\u1eeb m\u1ecdi mi\u1ec1n \u0111\u1ea5t n\u01b0\u1edbc : H\u00e0 N\u1ed9i , S\u00e0i G\u00f2n , H\u1ea3i Ph\u00f2ng , C\u1ea7n Th\u01a1 , Ph\u00fa Qu\u1ed1c&#8230;. T\u1ea5t c\u1ea3 c\u00e1c tour du l\u1ecbch Ph\u00fa Qu\u1ed1c 4 ng\u00e0y \u0111\u1ec1u \u0111\u01b0\u1ee3c t\u1ed5 ch\u1ee9c b\u1edfi c\u00f4ng ty du l\u1ecbch Ph\u00fa Qu\u1ed1c\u00a0 Xanh . [&hellip;]<\/p>\n","protected":false},"author":2,"featured_media":34472,"parent":0,"menu_order":0,"comment_status":"closed","ping_status":"closed","template":"","meta":{"footnotes":""},"yst_prominent_words":[],"class_list":["post-10239","page","type-page","status-publish","has-post-thumbnail","hentry"],"_links":{"self":[{"href":"https:\/\/phuquocxanh.com\/vi\/wp-json\/wp\/v2\/pages\/10239","targetHints":{"allow":["GET"]}}],"collection":[{"href":"https:\/\/phuquocxanh.com\/vi\/wp-json\/wp\/v2\/pages"}],"about":[{"href":"https:\/\/phuquocxanh.com\/vi\/wp-json\/wp\/v2\/types\/page"}],"author":[{"embeddable":true,"href":"https:\/\/phuquocxanh.com\/vi\/wp-json\/wp\/v2\/users\/2"}],"replies":[{"embeddable":true,"href":"https:\/\/phuquocxanh.com\/vi\/wp-json\/wp\/v2\/comments?post=10239"}],"version-history":[{"count":2,"href":"https:\/\/phuquocxanh.com\/vi\/wp-json\/wp\/v2\/pages\/10239\/revisions"}],"predecessor-version":[{"id":42789,"href":"https:\/\/phuquocxanh.com\/vi\/wp-json\/wp\/v2\/pages\/10239\/revisions\/42789"}],"wp:featuredmedia":[{"embeddable":true,"href":"https:\/\/phuquocxanh.com\/vi\/wp-json\/wp\/v2\/media\/34472"}],"wp:attachment":[{"href":"https:\/\/phuquocxanh.com\/vi\/wp-json\/wp\/v2\/media?parent=10239"}],"wp:term":[{"taxonomy":"yst_prominent_words","embeddable":true,"href":"https:\/\/phuquocxanh.com\/vi\/wp-json\/wp\/v2\/yst_prominent_words?post=10239"}],"curies":[{"name":"wp","href":"https:\/\/api.w.org\/{rel}","templated":true}]}}