{"id":10241,"date":"2016-08-16T01:06:41","date_gmt":"2016-08-15T18:06:41","guid":{"rendered":"https:\/\/phuquocxanh.com\/vi\/?page_id=10241"},"modified":"2025-05-15T15:36:49","modified_gmt":"2025-05-15T08:36:49","slug":"dai-ly-ve-vinpearl-phu-quoc","status":"publish","type":"page","link":"https:\/\/phuquocxanh.com\/vi\/dai-ly-ve-vinpearl-phu-quoc\/","title":{"rendered":"\u0110\u1ea1i L\u00fd V\u00e9 Vinpearl Ph\u00fa Qu\u1ed1c Gi\u00e1 T\u1ed1t Nh\u1ea5t"},"content":{"rendered":"<h4><span style=\"color: #008000;\">B\u1ea1n mua v\u00e9 m\u00e1y bay qua \u0111\u1ea1i l\u00fd \u0111\u1ec3 \u0111\u01b0\u1ee3c gi\u00e1 r\u1ebb . V\u1eady sao b\u1ea1n kh\u00f4ng<a style=\"color: #008000;\" href=\"https:\/\/phuquocxanh.com\/vi\/dai-ly-ve-vinpearl-phu-quoc\/\"> mua v\u00e9 Vinpearl Ph\u00fa Qu\u1ed1c<\/a> qua <a style=\"color: #008000;\" href=\"https:\/\/phuquocxanh.com\/vi\/dai-ly-ve-vinpearl-phu-quoc\/\">\u0111\u1ea1i l\u00fd v\u00e9 Vinpearl Ph\u00fa Qu\u1ed1c<\/a> \u0111\u1ec3 \u0111\u01b0\u1ee3c gi\u00e1 \u01b0u \u0111\u00e3i . N\u1ebfu b\u1ea1n c\u00f2n b\u0103n kho\u0103n \u0111i\u1ec1u g\u00ec . H\u00e3y g\u1ecdi ngay cho \u0111\u1ea1i l\u00fd v\u00e9 Vinpearl Ph\u00fa Qu\u1ed1c Xanh \u0111\u1ec3 \u0111\u01b0\u1ee3c h\u1ed7 tr\u1ee3 mi\u1ec5n ph\u00ed v\u00e0 \u01b0u \u0111\u00e3i gi\u1ea3m \u0111\u1ebfn 10% nh\u00e9<\/span><\/h4>\n<p><script type=\"application\/ld+json\">\n{\n  \"@context\": \"https:\/\/schema.org\/\",\n  \"@type\": \"Product\",\n  \"name\": \" V\u00e9 Vinpearl Ph\u00fa Qu\u1ed1c\",\n  \"image\": [\n    \"https:\/\/phuquocxanh.com\/vi\/wp-content\/uploads\/2015\/08\/ve-vinpearl-phu-quoc-400x400.jpg\",\n    \"https:\/\/phuquocxanh.com\/vi\/wp-content\/uploads\/2015\/08\/ve-combo-vinpearl-phu-quoc-moi-400x280.jpg\",\n    \"https:\/\/phuquocxanh.com\/vi\/wp-content\/uploads\/2017\/08\/Vinpearl-Safari-Ph%C3%BA-Qu%E1%BB%91c-5-400x280.jpg\"\n   ],\n  \"description\": \"B\u1ea1n \u0111\u00e3 \u0111\u1ebfn Ph\u00fa Qu\u1ed1c v\u00e0 mu\u1ed1n \u0111\u1ebfn Vinpearl Ph\u00fa Qu\u1ed1c ch\u01a1i . B\u1ea1n \u0111ang mu\u1ed1n chuy\u1ebfn \u0111i vui v\u1ebb ti\u1ebft ki\u1ec7m , h\u00e3y li\u00ean h\u1ec7 ngay v\u1edbi ch\u00fang t\u00f4i. L\u00e0 \u0111\u1ea1i l\u00fd v\u00e9 ch\u00ednh th\u1ee9c c\u1ee7a Vinpearl Ph\u00fa Qu\u1ed1c ch\u00fang t\u00f4i cam k\u1ebft \u0111em \u0111\u1ebfn qu\u00fd kh\u00e1ch h\u00e0ng nh\u1eefng m\u1ee9c gi\u00e1 \u01b0u \u0111\u00e3i nh\u1ea5t\",\n  \"sku\": \"0966551252\",\n  \"mpn\": \"556952\",\n  \"brand\": {\n    \"@type\": \"Brand\",\n    \"name\": \"PhuQuocXanh\"\n  },\n  \"review\": {\n    \"@type\": \"Review\",\n    \"reviewRating\": {\n      \"@type\": \"Rating\",\n      \"ratingValue\": \"5\",\n      \"bestRating\": \"10\"\n    },\n    \"author\": {\n      \"@type\": \"Person\",\n      \"name\": \"Mr Quang \"\n    }\n  },\n  \"aggregateRating\": {\n    \"@type\": \"AggregateRating\",\n    \"worstRating\": \"1\",\n    \"bestRating\": \"10\",\n    \"ratingValue\": \"8.8\",\n    \"reviewCount\": \"135\"\n  },\n  \"offers\": {\n    \"@type\": \"Offer\",\n    \"url\": \"https:\/\/phuquocxanh.com\/vi\/dai-ly-ve-vinpearl-phu-quoc\/\",\n    \"priceCurrency\": \"VND\",\n    \"price\": \"450000\",\n    \"priceValidUntil\": \"2020-12-31\",\n    \"itemCondition\": \"https:\/\/schema.org\/UsedCondition\",\n    \"availability\": \"https:\/\/schema.org\/InStock\",\n    \"seller\": {\n      \"@type\": \"Organization\",\n      \"name\": \"Lotus Nguyen\"\n    }\n  }\n}\n<\/script><\/p>\n","protected":false},"excerpt":{"rendered":"<p>B\u1ea1n mua v\u00e9 m\u00e1y bay qua \u0111\u1ea1i l\u00fd \u0111\u1ec3 \u0111\u01b0\u1ee3c gi\u00e1 r\u1ebb . V\u1eady sao b\u1ea1n kh\u00f4ng mua v\u00e9 Vinpearl Ph\u00fa Qu\u1ed1c qua \u0111\u1ea1i l\u00fd v\u00e9 Vinpearl Ph\u00fa Qu\u1ed1c \u0111\u1ec3 \u0111\u01b0\u1ee3c gi\u00e1 \u01b0u \u0111\u00e3i . N\u1ebfu b\u1ea1n c\u00f2n b\u0103n kho\u0103n \u0111i\u1ec1u g\u00ec . H\u00e3y g\u1ecdi ngay cho \u0111\u1ea1i l\u00fd v\u00e9 Vinpearl Ph\u00fa Qu\u1ed1c Xanh \u0111\u1ec3 [&hellip;]<\/p>\n","protected":false},"author":2,"featured_media":34398,"parent":0,"menu_order":0,"comment_status":"closed","ping_status":"closed","template":"","meta":{"footnotes":""},"yst_prominent_words":[],"class_list":["post-10241","page","type-page","status-publish","has-post-thumbnail","hentry"],"_links":{"self":[{"href":"https:\/\/phuquocxanh.com\/vi\/wp-json\/wp\/v2\/pages\/10241","targetHints":{"allow":["GET"]}}],"collection":[{"href":"https:\/\/phuquocxanh.com\/vi\/wp-json\/wp\/v2\/pages"}],"about":[{"href":"https:\/\/phuquocxanh.com\/vi\/wp-json\/wp\/v2\/types\/page"}],"author":[{"embeddable":true,"href":"https:\/\/phuquocxanh.com\/vi\/wp-json\/wp\/v2\/users\/2"}],"replies":[{"embeddable":true,"href":"https:\/\/phuquocxanh.com\/vi\/wp-json\/wp\/v2\/comments?post=10241"}],"version-history":[{"count":2,"href":"https:\/\/phuquocxanh.com\/vi\/wp-json\/wp\/v2\/pages\/10241\/revisions"}],"predecessor-version":[{"id":42784,"href":"https:\/\/phuquocxanh.com\/vi\/wp-json\/wp\/v2\/pages\/10241\/revisions\/42784"}],"wp:featuredmedia":[{"embeddable":true,"href":"https:\/\/phuquocxanh.com\/vi\/wp-json\/wp\/v2\/media\/34398"}],"wp:attachment":[{"href":"https:\/\/phuquocxanh.com\/vi\/wp-json\/wp\/v2\/media?parent=10241"}],"wp:term":[{"taxonomy":"yst_prominent_words","embeddable":true,"href":"https:\/\/phuquocxanh.com\/vi\/wp-json\/wp\/v2\/yst_prominent_words?post=10241"}],"curies":[{"name":"wp","href":"https:\/\/api.w.org\/{rel}","templated":true}]}}