{"id":11519,"date":"2016-10-11T18:17:29","date_gmt":"2016-10-11T11:17:29","guid":{"rendered":"https:\/\/phuquocxanh.com\/vi\/?page_id=11519"},"modified":"2023-02-25T23:01:34","modified_gmt":"2023-02-25T16:01:34","slug":"danh-sach-thi-sinh-tham-gia-cuoc-thi-viet-bai-le-hoi-tinh-nhan-xanh","status":"publish","type":"page","link":"https:\/\/phuquocxanh.com\/vi\/danh-sach-thi-sinh-tham-gia-cuoc-thi-viet-bai-le-hoi-tinh-nhan-xanh\/","title":{"rendered":"Danh s\u00e1ch th\u00ed sinh tham gia cu\u1ed9c thi vi\u1ebft b\u00e0i &#8220;l\u1ec5 h\u1ed9i t\u00ecnh nh\u00e2n xanh&#8221;"},"content":{"rendered":"<div class=\"gdlr-core-tab-item gdlr-core-js gdlr-core-item-pdb  gdlr-core-left-align gdlr-core-tab-style1-horizontal\"  ><div class=\"gdlr-core-tab-item-title-wrap clearfix gdlr-core-title-font\" ><div class=\"gdlr-core-tab-item-title  gdlr-core-active\" data-tab-id=\"1\" >CH\u01af\u01a0NG TR\u00ccNH L\u1ec4 H\u1ed8I<\/div><div class=\"gdlr-core-tab-item-title \" data-tab-id=\"2\" >V\u00c9 THAM GIA <\/div><div class=\"gdlr-core-tab-item-title \" data-tab-id=\"3\" >TH\u1ec2 L\u1ec6 CU\u1ed8C THI<\/div><div class=\"gdlr-core-tab-item-title \" data-tab-id=\"4\" >C\u01a0 C\u1ea4U GI\u1ea2I TH\u01af\u1edeNG<\/div><div class=\"gdlr-core-tab-item-title \" data-tab-id=\"5\" >DANH S\u00c1CH X\u1ebeP H\u1ea0NG<\/div><\/div><div class=\"gdlr-core-tab-item-content-wrap clearfix\" ><div class=\"gdlr-core-tab-item-content  gdlr-core-active\" data-tab-id=\"1\"  ><\/p>\n<p>The Green Valentine Ph\u00fa Qu\u1ed1c Festival\u00a0l\u00e0\u00a0l\u1ec5 h\u1ed9i Valentine l\u1edbn v\u00e0 \u0111\u1ed9c \u0111\u00e1o nh\u1ea5t l\u1ea7n \u0111\u1ea7u ti\u00ean \u0111\u01b0\u1ee3c t\u1ed5 ch\u1ee9c t\u1ea1i \u0111\u1ea3o ng\u1ecdc Ph\u00fa Qu\u1ed1c do c\u00f4ng ty du l\u1ecbch Ph\u00fa Qu\u1ed1c Xanh l\u00e0 \u0111\u01a1n v\u1ecb ch\u1ee7 qu\u1ea3n. \u0110\u00e2y l\u00e0 l\u1ec5 h\u1ed9i d\u00e0nh ri\u00eang cho c\u00e1c c\u1eb7p \u0111\u00f4i ch\u01b0a y\u00eau, \u0111ang y\u00eau v\u00e0 \u0111\u00e3 y\u00eau \u0111\u01b0\u1ee3c di\u1ec5n ra ng\u00e0y 11 v\u00e0 12\/2\/2017. V\u1edbi s\u00e2n kh\u1ea5u ho\u00e0nh tr\u00e1ng \u0111\u01b0\u1ee3c d\u00e0n d\u1ef1ng c\u00f4ng phu, \u00e2m nh\u1ea1c s\u00f4i \u0111\u1ed9ng, \u1ea9m th\u1ef1c h\u1ea5p d\u1eabn, v.v.\u00a0The Green Valentine Ph\u00fa Qu\u1ed1c Festival\u00a0h\u1ee9a h\u1eb9n s\u1ebd mang \u0111\u1ebfn cho c\u00e1c b\u1ea1n m\u1ed9t<br \/>\nng\u00e0y l\u1ec5 t\u00ecnh nh\u00e2n \u201cc\u1ef1c ch\u1ea5t\u201d.<\/p>\n<p>The Green Circle &#8211; Nh\u1eefng ho\u1ea1t \u0111\u1ed9ng k\u1ebft n\u1ed1i c\u1ef1c s\u00f4i \u0111\u1ed9ng<\/p>\n<p>Nh\u1eefng tr\u00f2 ch\u01a1i c\u1ef1c \u201cng\u1ea7u\u201d nh\u01b0 b\u1ecbt m\u1eaft b\u1eaft d\u00ea th\u1eddi @, x\u00e2y c\u1ea7u t\u00ecnh nh\u00e2n, run devil run, thi u\u1ed1ng bia, v.v s\u1ebd khi\u1ebfn cho b\u1ea7u kh\u00f4ng kh\u00ed b\u00e3i bi\u1ec3n Ph\u00fa Qu\u1ed1c nh\u01b0 b\u00f9ng n\u1ed5 b\u1edfi nh\u1eefng ti\u1ebfng h\u00f2 h\u00e9t.<\/p>\n<p>The Green Show &#8211; S\u00e2n kh\u1ea5u ho\u00e0nh tr\u00e1ng + \u00a0DJ c\u1ef1c \u0111\u1ec9nh<\/p>\n<p>H\u1ec7 th\u1ed1ng \u00e2m thanh si\u00eau kh\u1ee7ng, DJ chuy\u00ean nghi\u1ec7p, h\u1ee9a h\u1eb9n Green Party s\u1ebd l\u00e0 b\u1eefa ti\u1ec7c bi\u1ec3n s\u00f4i \u0111\u1ed9ng nh\u1ea5t t\u1eeb tr\u01b0\u1edbc \u0111\u1ebfn nay \u1edf Ph\u00fa Qu\u1ed1c. Nh\u1eefng tay \u201cxoay \u0111\u0129a\u201d c<br \/>\n\u1ef1c ng\u1ea7u ch\u1eafc ch\u1eafn s\u1ebd khi\u1ebfn Green Party n\u00f3ng h\u01a1n bao gi\u1edd h\u1ebft v\u1edbi nh\u1eefng b\u1ea3n ph\u1ed1i c\u1ee7a h\u1ecd.<\/p>\n<p>Finding Green Love \u2013 T\u00ecm ki\u1ebfm t\u00ecnh y\u00eau<\/p>\n<p>Khi b\u01b0\u1edbc qua The Green Gate c\u00e1c b\u1ea1n \u0111\u1ec1u \u0111\u01b0\u1ee3c \u0111\u00e1nh d\u1ea5u b\u1eb1ng nh\u1eefng k\u00fd hi\u1ec7u kh\u00e1c nhau \u0111\u1ec3 c\u00e1c FA-er c\u00f3 th\u1ec3 d\u1ec5 d\u00e0ng nh\u1eadn ra \u0111\u1ed1i t\u01b0\u1ee3ng c\u1ee7a m\u00ecnh. \u0110\u00e2y c\u00f3 th\u1ec3 g\u1ecdi l\u00e0 bu\u1ed5i ti\u1ec7c mai m\u1ed1i l\u1edbn nh\u1ea5t t\u1eeb tr\u01b0\u1edbc \u0111\u1ebfn nay. Ph\u1ea7n th\u01b0\u1edfng cho c\u00e1c c\u1eb7p \u0111\u00f4i khi t\u00ecm \u0111\u01b0\u1ee3c b\u1ea1n \u0111\u1eddi c\u1ee7a m\u00ecnh qua Green Party s\u1ebd l\u00e0 voucher gi\u1ea3m gi\u00e1 cho\u00a0g\u00f3i ch\u1ee5p \u1ea3nh c\u01b0\u1edbi k\u1ebft h\u1ee3p tu\u1ea7n tr\u0103ng m\u1eadt \u0111\u1eb3ng c\u1ea5p 4 sao VIP tr\u1ecb gi\u00e1 60 tri\u1ec7u \u0111\u1ed3ng\u00a0t\u1ea1i Ph\u00fa Qu\u1ed1c.<\/p>\n<p>The Green Carnival &#8211; V\u0169 h\u1ed9i ho\u00e1 trang +\u00a0\u0110\u1ea1i ti\u1ec7c\u00a0The\u00a0Green BBQ<\/p>\n<p>Ho\u00e1 th\u00e2n th\u00e0nh c\u00e1c n\u00e0ng c\u00f4ng ch\u00faa, ho\u00e0ng t\u1eed trong nh\u1eefng<br \/>\nb\u1ed9 trang ph\u1ee5c l\u1ed9ng l\u1eaby, quy\u1ebfn r\u0169, ho\u00e0 m\u00ecnh v\u00e0o n\u1ec1n nh\u1ea1c du d\u01b0\u01a1ng d\u01b0\u1edbi \u00e1nh n\u1ebfn lung linh trong b\u1ea3n t\u00ecnh ca c\u1ee7a bi\u1ec3n tr\u1eddi Ph\u00fa Qu\u1ed1c. C\u00e1c c\u00f4 n\u00e0ng ki\u00eau sa d\u01b0\u1edbi l\u1edbp m\u1eb7t n\u1ea1 b\u00ed \u1ea9n c\u00f9ng tr\u00f2 chuy\u1ec7n v\u00e0 th\u01b0\u1edfng th\u1ee9c \u0111\u1ea1i ti\u1ec7c BBQ b\u00ean c\u00e1c ch\u00e0ng trai l\u1ecbch l\u00e3m.<\/p>\n<p>V\u1edbi th\u1ef1c \u0111\u01a1n h\u1ea3i s\u1ea3n phong ph\u00fa nh\u01b0: t\u00f4m n\u01b0\u1edbng m\u1ecdi, m\u1ef1c n\u01b0\u1edbng sate, c\u00f2i bi\u00ean mang n\u01b0\u1edbng mu\u1ed1i \u1edbt, gh\u1eb9 h\u1ea5p bia, v.v\u2026. Green BBQ s\u1ebd mang \u0111\u1ebfn cho c\u00e1c b\u1ea1n nh\u1eefng h\u01b0\u01a1ng v\u1ecb \u0111\u1ed9c \u0111\u00e1o nh\u1ea5t, \u0111\u1eb7c bi\u1ec7t nh\u1ea5t c\u1ee7a c\u00e1c m\u00f3n h\u1ea3i s\u1ea3n t\u01b0\u01a1i t\u1ea1i \u0111\u1ea3o ng\u1ecdc Ph\u00fa Qu\u1ed1c c\u00f9ng v\u1edbi v\u1ecb th\u01a1m n\u1ed3ng ly r\u01b0\u1ee3u vang sim tr\u1ee9 danh x\u1ee9 \u0111\u1ea3o.<\/p>\n<p>The Endless Love \u2013 Kh\u1eb3ng \u0111\u1ecbnh t\u00ecnh y\u00eau<\/p>\n<p>Nh\u1eefng c\u1eb7p \u0111\u00f4i y\u00eau nhau s\u1ebd \u0111\u01b0\u1ee3c \u0111\u00e1nh d\u1ea5u b\u1eb1ng nh\u1eefng k\u00fd hi\u1ec7u ri\u00eang khi b\u01b0\u1edbc qua The Green Gate \u0111\u1ec3 c\u00f3 th\u1ec3 c\u00f9ng nhau tr\u1ea3i nghi\u1ec7m nh\u1eefng tr\u00f2 ch\u01a1i c\u1ef1c \u0111\u1ed9c nh\u01b0: b\u1ecbt m\u1eaft t\u00ecm ng\u01b0\u1eddi y\u00eau, n\u1ee5 h\u00f4n ng\u1ecdt ng\u00e0o\u00a0c\u00f9ng h\u00e0ng t\u00e1\u00a0tr\u00f2 ch\u01a1i t\u01b0\u01a1ng t\u00e1c \u201cb\u00e1 \u0111\u1ea1o kh\u00e1c\u201d.<\/p>\n<p>Feel The Green Beat \u2013 \u00c2m nh\u1ea1c v\u00e0 t\u00ecnh nh\u00e2n<\/p>\n<p>Nh\u1eefng v\u0169 \u0111i\u1ec7u Hawaii b\u1ed1c l\u1eeda, nh\u1eefng b\u1ea3n Balad t\u00ecnh t\u1ee9 nh\u1eb9 nh\u00e0ng hay nh\u1eefng b\u00e0i EDM th\u1eddi th\u01b0\u1ee3ng \u0111\u01b0\u1ee3c \u0111\u00e1nh t\u1eeb nh\u1eefng tay DJ c\u1ef1c \u0111\u1ec9nh s\u1ebd khi\u1ebfn cho b\u1ea7u kh\u00f4ng kh\u00ed kh\u00f4ng ng\u1eebng n\u00f3ng l\u00ean. H\u00e3y l\u1eafc l\u01b0 c\u1ea3m nh\u1eadn v\u00e0 ho\u00e0 nh\u1ecbp c\u00f9ng \u00e2m nh\u1ea1c mu\u00f4n m\u00e0u t\u1ea1i thi\u00ean \u0111\u01b0\u1eddng Ph\u00fa Qu\u1ed1c.<\/p>\n<p>Nh\u1eefng l\u00fd do tr\u00ean \u0111\u00e3 \u0111\u1ee7 \u0111\u1ec3 c\u00e1c \u0111\u00f4i t\u00ecnh nh\u00e2n tr\u1ebb \u201cqu\u1ea9y\u201d nhi\u1ec7t t\u00ecnh t\u1ea1i \u0111\u00eam h\u1ed9i T\u00ecnh nh\u00e2n Xanh \u0111\u1ed9c \u0111\u00e1o nh\u1ea5t Vi\u1ec7t Nam ch\u01b0a. H\u00e3y book v\u00e9 ngay h\u00f4m nay \u0111\u1ec3 Valentine 2017 tr\u1edf th\u00e0nh m\u00f9a Valentine \u0111\u00e1ng nh\u1edb nh\u1ea5t c\u1ee7a c\u00e1c b\u1ea1n nh\u00e9!<\/p>\n<p>\n<\/div><div class=\"gdlr-core-tab-item-content \" data-tab-id=\"2\"  ><\/p>\n<p>\u0110\u1ec3 \u0111\u00e1p \u1ee9ng nhu c\u1ea7u c\u1ee7a kh\u00e1ch h\u00e0ng , Ph\u00fa Qu\u1ed1c Xanh cung c\u1ea5p 2 lo\u1ea1i \u00a0v\u00e9 v\u1edbi h\u00ecnh th\u1ee9c v\u00e0 m\u1ee9c gi\u00e1 ho\u00e0n to\u00e0n kh\u00e1c nhau :<\/p>\n<p>V\u00c9 THAM GIA CH\u01af\u01a0NG TR\u00ccNH L\u1ec4 H\u00d4I<\/p>\n<p>Lo\u1ea1i v\u00e9 n\u00e0y d\u00e0nh cho qu\u00fd du kh\u00e1ch \u0111\u00e3 \u0111\u0103ng k\u00fd c\u00e1c lo\u1ea1i tour kh\u00e1c c\u1ee7a Ph\u00fa Qu\u1ed1c Xanh ho\u1eb7c c\u00e1c b\u1ea1n tr\u1ebb t\u1ea1i Ph\u00fa Qu\u1ed1c \u00a0mu\u1ed1n tham gia bu\u1ed5i l\u1ec5 \u0111\u1ec3 g\u1eafn k\u1ebft t\u00ecnh y\u00eau ho\u1eb7c t\u00ecm ki\u1ebfm cho m\u00ecnh m\u1ed9t n\u1eeda c\u00f2n l\u1ea1i c\u1ee7a m\u00ecnh .<\/p>\n<p>&nbsp;<\/p>\n<p>Qu\u00fd kh\u00e1ch c\u00f3 th\u1ec3 tham kh\u1ea3o t\u1ea1i \u0111\u00e2y :<\/p>\n<p>TOUR THAM D\u1ef0 &#8221; GREEN VALENTINE FESTIVAL&#8221;<\/p>\n<p>Lo\u1ea1i tour n\u00e0y \u00e1p d\u1ee5ng cho c\u00e1c b\u1ea1n tr\u1ebb t\u1ea1i S\u00e0i G\u00f2n v\u00e0 c\u00e1c t\u1ec9nh l\u00e2n c\u1eadn , tour n\u00e0y \u0111\u00e3 bao to\u00e0n b\u1ed9 chi ph\u00ed \u0111i l\u1ea1i , ph\u00f2ng ngh\u1ec9 , v\u00e9 tham d\u1ef1 ch\u01b0\u01a1ng tr\u00ecnh l\u1ec5 h\u1ed9i v\u1edbi m\u1ee9c gi\u00e1 c\u1ef1c k\u1ef3 \u01b0u \u0111\u00e3i do \u0111\u01b0\u1ee3c cung c\u1ea5p v\u1edbi s\u1ed1 l\u01b0\u01a1ng l\u1edbn<\/p>\n<p>&nbsp;<\/p>\n<p>&nbsp;<\/p>\n<p>Qu\u00fd kh\u00e1ch c\u00f3 th\u1ec3 tham kh\u1ea3o t\u1ea1i :<\/p>\n<p>Nh\u1eefng nh\u00f3m b\u1ea1n tr\u1ebb \u1edf c\u00e1c t\u1ec9nh th\u00e0nh kh\u00e1c mu\u1ed1n tham d\u1ef1 l\u1ec5 h\u1ed9i c\u1ea7n h\u1ed7 tr\u1ee3 vui l\u00f2ng li\u00ean h\u1ec7 hotline : 0963 55 29 71 ho\u1eb7c tr\u1ef1c ti\u1ebfp tr\u00ean website PhuQuocXanh.Com th\u00f4ng qua\u00a0chat tr\u1ef1c ti\u1ebfp ( mi\u1ec5n ph\u00ed ) v\u1edbi nh\u00e2n vi\u00ean t\u01b0 v\u1ea5n c\u1ee7a ch\u00fang t\u00f4i<\/p>\n<p>\n<\/div><div class=\"gdlr-core-tab-item-content \" data-tab-id=\"3\"  ><\/p>\n<p>1.M\u1ee5c \u0111\u00edch:<br \/>\n&#8211; Gi\u1edbi thi\u1ec7u \u0111\u1ebfn c\u00e1c b\u1ea1n tr\u1ebb v\u1ec1 s\u1ef1 ki\u1ec7n ng\u00e0y valentine xanh \u0111\u1ed9c \u0111\u00e1o l\u1ea7n \u0111\u1ea7u ti\u00ean c\u00f3 m\u1eb7t t\u1ea1i Vi\u1ec7t Nam \u0111\u01b0\u1ee3c t\u1ed5 ch\u1ee9c t\u1ea1i thi\u00ean \u0111\u01b0\u1eddng du l\u1ecbch \u0111\u1ea3o ng\u1ecdc Ph\u00fa Qu\u1ed1c<br \/>\n&#8211; T\u1ea1o s\u00e2n ch\u01a1i \u0111\u1ec3 c\u00e1c b\u1ea1n c\u00f3 d\u1ecbp chia s\u1ebb nh\u1eefng k\u1ef7 ni\u1ec7m \u0111\u00e1ng nh\u1edb v\u00e0 kho\u1ea3ng kh\u1eafc ng\u1ecdt ng\u00e0o trong ng\u00e0y valentine c\u1ee7a c\u1eb7p \u0111\u00f4i<br \/>\n&#8211; T\u1ea1o \u0111i\u1ec1u ki\u1ec7n \u0111\u1ec3 c\u00e1c b\u1ea1n c\u00f3 c\u01a1 h\u1ed9i tham d\u1ef1 m\u1ed9t l\u1ec5 h\u1ed9i Valentine Xanh ho\u00e0nh tr\u00e1ng l\u1ea7n \u0111\u1ea7u ti\u00ean c\u00f3 m\u1eb7t t\u1ea1i Vi\u1ec7t Nam.<br \/>\n2.\u0110\u1ed1i t\u01b0\u1ee3ng d\u1ef1 thi:<br \/>\n&#8211; Nh\u1eefng b\u1ea1n tr\u1ebb \u0111ang y\u00eau, \u0111\u00e3 y\u00eau hay \u0111\u00e3 l\u1eadp gia \u0111\u00ecnh<br \/>\n&#8211; Kh\u00f4ng gi\u1edbi h\u1ea1n tu\u1ed5i t\u00e1c, gi\u1edbi t\u00ednh<br \/>\n&#8211; Th\u00edch vi\u1ebft l\u00e1ch<br \/>\n&#8211; Th\u00edch \u0111i du l\u1ecbch \u0111\u1eb7c bi\u1ec7t l\u00e0 \u0111\u1ebfn v\u1edbi Ph\u00fa Qu\u1ed1c<br \/>\n3.\u0110\u1ec1 thi:<br \/>\n\u0110\u1ec1 thi c\u00f3 2 ph\u1ea7n:<br \/>\n&#8211; Ph\u1ea7n 1: H\u00e3y vi\u1ebft v\u1ec1 duy\u00ean c\u1edb g\u1eb7p nhau hay nh\u1eefng k\u1ef7 ni\u1ec7m vui, k\u1ef7 ni\u1ec7m bu\u1ed3n v\u00e0 c\u1ea3 nh\u1eefng kho\u1ea3nh kh\u1eafc ng\u1ecdt ng\u00e0o c\u1ee7a l\u1ee9a \u0111\u00f4i.<br \/>\n&#8211; Ph\u1ea7n 2: nh\u1eefng k\u1ef7 ni\u1ec7m v\u1ec1 ng\u00e0y valentine \u0111\u00e1ng nh\u1edb. B\u1ea1n h\u00e3y th\u1eed l\u00ean k\u1ecbch b\u1ea3n cho m\u1ed9t bu\u1ed5i t\u1ecf t\u00ecnh ho\u1eb7c bu\u1ed5i c\u1ea7u h\u00f4n l\u00e3ng m\u1ea1n tr\u00ean bi\u1ec3n Ph\u00fa Qu\u1ed1c cho ch\u00ednh m\u00ecnh.<br \/>\n4.Y\u00eau c\u1ea7u \u0111\u1ed1i v\u1edbi b\u00e0i d\u1ef1 thi<br \/>\n&#8211; Ti\u00eau \u0111\u1ec1 ghi: T\u00caN T\u00c1C GI\u1ea2 \u2013 T\u00caN T\u00c1C PH\u1ea8M \u2013 phuquocxanh.com<br \/>\nVD: N\u1ea4M L\u00d9N \u2013 VALENTINE BU\u1ed2N \u2013 phuquocxanh.com<br \/>\n&#8211; Cu\u1ed1i b\u00e0i ghi: t\u00f4i \u0111\u1ed3ng \u00fd v\u1edbi c\u00e1c \u0111i\u1ec1u kho\u1ea3n c\u1ee7a cu\u1ed9c thi. H\u1ecd v\u00e0 t\u00ean; Email:\u2026\u2026.; Facebook:\u2026\u2026..<br \/>\n&#8211; B\u00e0i vi\u1ebft kho\u1ea3ng 1000 &#8211; 1500 t\u1eeb, c\u00f3 \u00edt nh\u1ea5t 5 \u1ea3nh ch\u1ee5p c\u1ee7a b\u1ea1n v\u00e0 ng\u01b0\u1eddi \u1ea5y<br \/>\n&#8211; Kh\u00f4ng s\u1eed d\u1ee5ng teencode, t\u1eeb vi\u1ebft t\u1eaft<br \/>\n&#8211; C\u01a1 c\u1ea5u \u0111i\u1ec3m<br \/>\n+\u00a0H\u00ecnh th\u1ee9c (tr\u00ecnh b\u00e0y, b\u1ed1 c\u1ee5c ch\u00ednh t\u1ea3, h\u00ecnh \u1ea3nh,\u2026): 1\u0111<br \/>\n+\u00a0N\u1ed9i dung (c\u00e2u chuy\u1ec7n vui, \u00fd ngh\u0129a,\u2026): 1\u0111<br \/>\n+\u00a0V\u0103n phong (c\u00e1ch vi\u1ebft hay, gi\u1ecdng v\u0103n h\u1ea5p d\u1eabn): 1\u0111<br \/>\n+\u00a0\u0110i\u1ec3m t\u01b0\u01a1ng t\u00e1c: 7\u0111 (d\u00e0nh cho b\u00e0i vi\u1ebft c\u00f3 t\u1ed5ng l\u01b0\u1ee3t like cao nh\u1ea5t l\u00e0 3\u0111 v\u00e0 t\u1ed5ng l\u01b0\u1ee3t share cao nh\u1ea5t l\u00e0 4\u0111)<br \/>\n*L\u01b0u \u00fd:<br \/>\n&#8211; M\u1ecdi h\u00ecnh th\u1ee9c like \u1ea3o, share \u1ea3o \u0111\u1ec1u b\u1ecb nghi\u00eam c\u1ea5m. Tr\u01b0\u1eddng h\u1ee3p b\u1ecb ph\u00e1t hi\u1ec7n s\u1ebd b\u1ecb h\u1ee7y b\u1ecf t\u01b0 c\u00e1ch d\u1ef1 thi.<br \/>\n&#8211; 1 l\u01b0\u1ee3t share ch\u1ec9 t\u00ednh cho 1 t\u00e0i kho\u1ea3ng.<br \/>\n&#8211; T\u1ed5ng l\u01b0\u1ee3t like, share s\u1ebd \u0111\u01b0\u1ee3c c\u1eadp nh\u1eadt th\u1ed1ng k\u00ea h\u00e0ng tu\u1ea7n v\u00e0 \u0111\u01b0\u1ee3c \u0111\u0103ng t\u1ea3i tr\u00ean website www.phuquocxanh.com<br \/>\n*C\u00e1ch quy \u0111\u1ed5i t\u1eeb l\u01b0\u1ee3t like, share sang \u0111i\u1ec3m<br \/>\n&#8211; \u0110i\u1ec3m like = S\u1ed1 like c\u1ee7a b\u1ea1n\/S\u1ed1 like cao nh\u1ea5t X 3<br \/>\n&#8211; \u0110i\u1ec3m share = S\u1ed1 share c\u1ee7a b\u1ea1n\/S\u1ed1 share cao nh\u1ea5t X 4<br \/>\n5.\u0110i\u1ec1u kho\u1ea3ng d\u1ef1 thi:<br \/>\n&#8211; Y\u00eau c\u1ea7u b\u00e0i vi\u1ebft l\u00e0 do t\u1ef1 c\u00e1 nh\u00e2n th\u1ef1c hi\u1ec7n, kh\u00f4ng coppy, kh\u00f4ng \u0111\u1ea1o v\u0103n<br \/>\n&#8211; Trong b\u00e0i vi\u1ebft kh\u00f4ng s\u1eed d\u1ee5ng nh\u1eefng t\u1eeb ng\u1eef ph\u1ea3n c\u1ea3m, k\u00edch \u0111\u1ed9ng, ph\u1ea3n \u0111\u1ed9ng hay kh\u00f4ng ph\u00f9 h\u1ee3p v\u1edbi thu\u1ea7n phong m\u1ef9 t\u1ee5c c\u1ee7a ng\u01b0\u1eddi Vi\u1ec7t Nam<br \/>\n&#8211; B\u00e0i vi\u1ebft \u0111\u01b0\u1ee3c g\u1eedi l\u00e0 \u0111\u00e3 m\u1eb7c \u0111\u1ecbnh d\u1ef1 thi<br \/>\n&#8211; C\u00f4ng ty Ph\u00fa Qu\u1ed1c Xanh s\u1ebd c\u00f3 to\u00e0n quy\u1ec1n s\u1eed d\u1ee5ng c\u00e1c b\u00e0i d\u1ef1 thi \u0111\u01b0\u1ee3c g\u1eedi v\u1ec1.<br \/>\n&#8211; Th\u1eddi h\u1ea1n n\u1ed9p b\u00e0i v\u00e0 c\u00e1ch t\u00ednh like<br \/>\n&#8211; T\u1eeb 12h00 ng\u00e0y 20\/10\/2017 \u0111\u1ebfn 11h59 ng\u00e0y 10\/01\/2017<br \/>\n&#8211; B\u00e0i d\u1ef1 thi s\u1ebd \u0111\u01b0\u1ee3c post l\u00ean website v\u00e0 fanpage<br \/>\n&#8211; K\u1ebft qu\u1ea3 s\u1ebd c\u00f4ng b\u1ed1 v\u00e0o l\u00fac 22h00 ng\u00e0y 13\/01\/2017 tr\u00ean website v\u00e0 fanpage<br \/>\n6.C\u00e1ch th\u1ee9c g\u1eedi b\u00e0i<br \/>\n&#8211; B\u00e0i d\u1ef1 thi s\u1ebd g\u1eedi v\u1ec1 \u0111\u1ecba ch\u1ec9 mail: greenvalentine@phuquocxanh.com \u0111\u00ednh k\u00e8m file word v\u00e0 \u1ea3nh c\u1ee7a c\u1eb7p \u0111\u00f4i.<br \/>\n&#8211; C\u00f4ng b\u1ed1 \u0111i\u1ec3m v\u00e0 trao gi\u1ea3i<br \/>\n+ Gi\u1ea3i th\u01b0\u1eddng s\u1ebd \u0111\u01b0\u1ee3c c\u00f4ng b\u1ed1 v\u00e0 trao tay ng\u01b0\u1eddi chi\u1ebfn th\u1eafng t\u1ea1i bu\u1ed5i h\u1ecdp m\u1eb7t giao l\u01b0u d\u00e0nh cho c\u00e1c th\u00ed sinh v\u00e0o l\u00fac 09h00 ng\u00e0y 15\/01\/2017 t\u1ea1i h\u1ed9i tr\u01b0\u1eddng c\u00f4ng ty du l\u1ecbch Ph\u00fa Qu\u1ed1c Xanh.<br \/>\n+ Th\u01b0 m\u1eddi tham d\u1ef1 bu\u1ed5i trao gi\u1ea3i s\u1ebd \u0111\u01b0\u1ee3c g\u1eedi tr\u1ef1c ti\u1ebfp qua mail m\u00e0 b\u1ea1n \u0111\u00e3 \u0111\u0103ng k\u00fd d\u1ef1 thi<br \/>\n+ Trong bu\u1ed5i h\u1ecdp m\u1eb7t, c\u00e1c b\u1ea1n s\u1ebd c\u00f3 d\u1ecbp giao l\u01b0u, r\u00fat th\u0103m tr\u00fang th\u01b0\u1edfng v\u1edbi nh\u1eefng m\u00f3n qu\u00e0 h\u1ea5p d\u1eabn l\u00ean \u0111\u1ebfn h\u00e0ng tr\u0103m tri\u1ec7u \u0111\u1ed3ng. B\u00ean c\u1ea1nh \u0111\u00f3, \u0111\u00e2y s\u1ebd l\u00e0 c\u01a1 h\u1ed9i \u0111\u1ec3 m\u1ecdi ng\u01b0\u1eddi c\u00f3 th\u1ec3 tr\u1edf th\u00e0nh c\u00f4ng t\u00e1c vi\u00ean th\u1eadm ch\u00ed l\u00e0 nh\u00e2n vi\u00ean ch\u00ednh th\u1ee9c c\u1ee7a Ph\u00fa Qu\u1ed1c Xanh<\/p>\n<p>&nbsp;<\/p>\n<p>\n<\/div><div class=\"gdlr-core-tab-item-content \" data-tab-id=\"4\"  ><\/p>\n<p>Gi\u1ea3i nh\u1ea5t : 1 c\u1eb7p v\u00e9 tr\u1ecdn g\u00f3i cho 2 ng\u01b0\u1eddi tham gia tour Ph\u00fa Qu\u1ed1c 3 ng\u00e0y 3 \u0111\u00eam ti\u00eau chu\u1ea9n 4 sao VIP resort c\u00f3 bi\u1ec3n v\u00e0 h\u1ed3 b\u01a1i ri\u00eang sang tr\u1ecdng b\u1eadc nh\u1ea5t k\u1ebft h\u1ee3p tham d\u1ef1 l\u1ec5 h\u1ed9i Valentine Xanh v\u00e0 vui ch\u01a1i t\u1ea1i thi\u00ean \u0111\u01b0\u1eddng Ph\u00fa Qu\u1ed1c. Ngo\u00e0i ra Ph\u00fa Qu\u1ed1c Xanh s\u1ebd t\u00e0i tr\u1ee3 kinh ph\u00ed \u0111\u1ec3 th\u1ef1c hi\u1ec7n bu\u1ed5i t\u1ecf t\u00ecnh\/c\u1ea7u h\u00f4n d\u1ef1a tr\u00ean k\u1ebf ho\u1ea1ch c\u1ee7a b\u1ea1n v\u1edbi t\u1ed5ng tr\u1ecb gi\u00e1 gi\u1ea3i th\u01b0\u1edfng l\u00ean \u0111\u1ebfn 50.000.000\u0111 .<br \/>\nGi\u1ea3i nh\u00ec: 1 c\u1eb7p v\u00e9 tr\u1ecdn g\u00f3i cho 2 ng\u01b0\u1eddi tham gia tour Ph\u00fa Qu\u1ed1c 3 ng\u00e0y 3 \u0111\u00eam ti\u00eau chu\u1ea9n 4 sao resort c\u00f3 bi\u1ec3n v\u00e0 h\u1ed3 b\u01a1i ri\u00eang sang tr\u1ecdng b\u1eadc nh\u1ea5t k\u1ebft h\u1ee3p tham d\u1ef1 l\u1ec5 h\u1ed9i Valentine Xanh v\u00e0 vui ch\u01a1i t\u1ea1i thi\u00ean \u0111\u01b0\u1eddng Ph\u00fa Qu\u1ed1c. T\u1ed5ng tr\u1ecb gi\u00e1 gi\u1ea3i th\u01b0\u1edfng l\u00ean \u0111\u1ebfn 20.000.000\u0111.<br \/>\nGi\u1ea3i khuy\u1ebfn kh\u00edch: 10 voucher tr\u1ecb gi\u00e1 500.000\u0111 (\u00e1p d\u1ee5ng cho t\u1ea5t c\u1ea3 c\u00e1c tour tr\u1ecdn g\u00f3i c\u1ee7a h\u1ec7 th\u1ed1ng du l\u1ecbch Ph\u00fa Qu\u1ed1c Xanh) v\u00e0 nhi\u1ec1u ph\u1ea7n qu\u00e0 h\u1ea5p d\u1eabn kh\u00e1c&#8230;<\/p>\n<p>\n<\/div><div class=\"gdlr-core-tab-item-content \" data-tab-id=\"5\"  ><\/p>\n<p>&nbsp;<\/p>\n<p>1.Th\u00ed sinh 123<\/p>\n<p>link b\u00e0i vi\u1ebft<\/p>\n<p>lik face<br \/>\nlink web<\/p>\n<p>Th\u00f4ng tin \u0111i\u1ec3m<\/p>\n<p>diem noi dung<br \/>\ndiem trinh bay<br \/>\nlike<br \/>\nshare<\/p>\n<p>1.Th\u00ed sinh 123<\/p>\n<p>link b\u00e0i vi\u1ebft<\/p>\n<p>lik face<br \/>\nlink web<\/p>\n<p>Th\u00f4ng tin \u0111i\u1ec3m<\/p>\n<p>diem noi dung<br \/>\ndiem trinh bay<br \/>\nlike<br \/>\nshare<\/p>\n<p>1.Th\u00ed sinh 123<\/p>\n<p>link b\u00e0i vi\u1ebft<\/p>\n<p>lik face<br \/>\nlink web<\/p>\n<p>Th\u00f4ng tin \u0111i\u1ec3m<\/p>\n<p>diem noi dung<br \/>\ndiem trinh bay<br \/>\nlike<br \/>\nshare<\/p>\n<p>\n<\/div><\/div><\/div>\n","protected":false},"excerpt":{"rendered":"","protected":false},"author":2,"featured_media":11406,"parent":0,"menu_order":0,"comment_status":"closed","ping_status":"closed","template":"","meta":{"footnotes":""},"yst_prominent_words":[],"class_list":["post-11519","page","type-page","status-publish","has-post-thumbnail","hentry"],"_links":{"self":[{"href":"https:\/\/phuquocxanh.com\/vi\/wp-json\/wp\/v2\/pages\/11519","targetHints":{"allow":["GET"]}}],"collection":[{"href":"https:\/\/phuquocxanh.com\/vi\/wp-json\/wp\/v2\/pages"}],"about":[{"href":"https:\/\/phuquocxanh.com\/vi\/wp-json\/wp\/v2\/types\/page"}],"author":[{"embeddable":true,"href":"https:\/\/phuquocxanh.com\/vi\/wp-json\/wp\/v2\/users\/2"}],"replies":[{"embeddable":true,"href":"https:\/\/phuquocxanh.com\/vi\/wp-json\/wp\/v2\/comments?post=11519"}],"version-history":[{"count":0,"href":"https:\/\/phuquocxanh.com\/vi\/wp-json\/wp\/v2\/pages\/11519\/revisions"}],"wp:featuredmedia":[{"embeddable":true,"href":"https:\/\/phuquocxanh.com\/vi\/wp-json\/"}],"wp:attachment":[{"href":"https:\/\/phuquocxanh.com\/vi\/wp-json\/wp\/v2\/media?parent=11519"}],"wp:term":[{"taxonomy":"yst_prominent_words","embeddable":true,"href":"https:\/\/phuquocxanh.com\/vi\/wp-json\/wp\/v2\/yst_prominent_words?post=11519"}],"curies":[{"name":"wp","href":"https:\/\/api.w.org\/{rel}","templated":true}]}}