{"id":11806,"date":"2016-11-27T00:27:19","date_gmt":"2016-11-26T17:27:19","guid":{"rendered":"https:\/\/phuquocxanh.com\/vi\/?page_id=11806"},"modified":"2016-11-27T00:27:19","modified_gmt":"2016-11-26T17:27:19","slug":"dieu-khoan-chung","status":"publish","type":"page","link":"https:\/\/phuquocxanh.com\/vi\/dieu-khoan-chung\/","title":{"rendered":"\u0110i\u1ec1u kho\u1ea3n chung"},"content":{"rendered":"<p style=\"text-align: center;\"><span style=\"text-decoration: underline;\"><strong>\u0110I\u1ec0U KHO\u1ea2N CHUNG<\/strong><\/span><\/p>\n<p>Kh\u00e1ch h\u00e0ng khi \u0111\u0103ng k\u00fd th\u00e0nh vi\u00ean t\u1ea1i trang web <a href=\"https:\/\/phuquocxanh.com\/\">https:\/\/phuquocxanh.com\/<\/a> c\u1ee7a C\u00f4ng ty TNHH Th\u01b0\u01a1ng M\u1ea1i D\u1ecbch V\u1ee5 Du L\u1ecbch Ph\u00fa Qu\u1ed1c Xanh ( T\u00ean ti\u1ebfng Anh : Phu Quoc Green Travel ) ph\u1ea3i \u0111\u1ecdc v\u00e0 \u0111\u1ed3ng \u00fd v\u1edbi \u0111i\u1ec1u kho\u1ea3n n\u00e0y.<\/p>\n<p>1.V\u1ec1 s\u1edf h\u1eefu b\u1ea3n quy\u1ec1n<\/p>\n<p>Trang web <a href=\"https:\/\/phuquocxanh.com\/\">https:\/\/phuquocxanh.com\/<\/a> thu\u1ed9c quy\u1ec1n s\u1edf h\u1eefu c\u1ee7a C\u00f4ng ty TNHH Th\u01b0\u01a1ng M\u1ea1i D\u1ecbch V\u1ee5 Du L\u1ecbch Ph\u00fa Qu\u1ed1c Xanh (Phu Quoc Green Travel) v\u00e0 \u0111\u01b0\u1ee3c b\u1ea3o v\u1ec7 theo lu\u1eadt b\u1ea3n quy\u1ec1n, qu\u00fd kh\u00e1ch ch\u1ec9 \u0111\u01b0\u1ee3c s\u1eed d\u1ee5ng c\u00e1c trang web n\u00e0y v\u1edbi m\u1ee5c \u0111\u00edch xem th\u00f4ng tin v\u00e0 \u0111\u0103ng k\u00fd th\u00e0nh vi\u00ean \u0111\u1ec3 \u0111\u1eb7t d\u1ecbch v\u1ee5 cho c\u00e1 nh\u00e2n ch\u1ee9 kh\u00f4ng \u0111\u01b0\u1ee3c s\u1eed d\u1ee5ng cho b\u1ea5t c\u1ee9 m\u1ee5c \u0111\u00edch th\u01b0\u01a1ng m\u1ea1i n\u00e0o kh\u00e1c.<\/p>\n<p>Vi\u1ec7c l\u1ea5y n\u1ed9i dung \u0111\u1ec3 tham kh\u1ea3o, l\u00e0m t\u00e0i li\u1ec7u cho nghi\u00ean c\u1ee9u ph\u1ea3i ghi r\u00f5 r\u00e0ng ngu\u1ed3n l\u1ea5y t\u1eeb n\u1ed9i dung trang web c\u1ee7a C\u00f4ng ty TNHH Th\u01b0\u01a1ng M\u1ea1i D\u1ecbch V\u1ee5 Du L\u1ecbch Ph\u00fa Qu\u1ed1c Xanh. Kh\u00f4ng \u0111\u01b0\u1ee3c s\u1eed d\u1ee5ng c\u00e1c logo, c\u00e1c nh\u00e3n hi\u1ec7u C\u00f4ng ty TNHH Th\u01b0\u01a1ng M\u1ea1i D\u1ecbch V\u1ee5 Du L\u1ecbch Ph\u00fa Qu\u1ed1c Xanh d\u01b0\u1edbi m\u1ecdi h\u00ecnh th\u1ee9c n\u1ebfu ch\u01b0a c\u00f3 s\u1ef1 \u0111\u1ed3ng \u00fd c\u1ee7a C\u00f4ng ty TNHH Th\u01b0\u01a1ng M\u1ea1i D\u1ecbch V\u1ee5 Du L\u1ecbch Ph\u00fa Qu\u1ed1c Xanh b\u1eb1ng v\u0103n b\u1ea3n.<\/p>\n<p>2.V\u1ec1 th\u00f4ng tin kh\u00e1ch h\u00e0ng\u00a0<img loading=\"lazy\" decoding=\"async\" class=\" wp-image-11807 alignright\" src=\"https:\/\/phuquocxanh.com\/vi\/wp-content\/uploads\/2016\/11\/\u0111i\u00eau-khoan-tai-tour-phu-quoc.jpg\" alt=\"dieu-khoan-tai-tour-phu-quoc\" width=\"285\" height=\"157\" \/><\/p>\n<p>Khi \u0111\u0103ng k\u00fd th\u00e0nh vi\u00ean d\u1ec3 \u0111\u1eb7t d\u1ecbch v\u1ee5 t\u1ea1i trang web <a href=\"https:\/\/phuquocxanh.com\">https:\/\/phuquocxanh.com<\/a>\/, qu\u00fd kh\u00e1ch s\u1ebd \u0111\u01b0\u1ee3c y\u00eau c\u1ea7u cung c\u1ea5p m\u1ed9t s\u1ed1 th\u00f4ng tin c\u00e1 nh\u00e2n. Nh\u1eefng th\u00f4ng tin n\u00e0y ch\u1ec9 \u0111\u1ec3 ph\u1ee5c v\u1ee5 cho nhu c\u1ea7u x\u00e1c nh\u1eadn vi\u1ec7c \u0111\u1eb7t d\u1ecbch v\u1ee5 c\u1ee7a qu\u00fd kh\u00e1ch v\u00e0 s\u1ebd hi\u1ec3n th\u1ecb nh\u1eefng n\u1ed9i dung c\u1ea7n thi\u1ebft tr\u00ean v\u00e9 \u0111i\u1ec7n t\u1eed. C\u00f4ng ty TNHH Th\u01b0\u01a1ng M\u1ea1i D\u1ecbch V\u1ee5 Du L\u1ecbch Ph\u00fa Qu\u1ed1c Xanh (Phu Quoc Green Travel) c\u0169ng s\u1ebd s\u1eed d\u1ee5ng nh\u1eefng th\u00f4ng tin li\u00ean l\u1ea1c n\u00e0y \u0111\u1ec3 g\u1eedi \u0111\u1ebfn qu\u00fd kh\u00e1ch nh\u1eefng s\u1ef1 ki\u1ec7n, nh\u1eefng tin t\u1ee9c khuy\u1ebfn m\u00e3i v\u00e0 nh\u1eefng \u01b0u \u0111\u00e3i \u0111\u1eb7c bi\u1ec7t n\u1ebfu qu\u00fd kh\u00e1ch \u0111\u1ed3ng \u00fd. Nh\u1eefng th\u00f4ng tin n\u00e0y c\u1ee7a qu\u00fd kh\u00e1ch s\u1ebd \u0111\u01b0\u1ee3c Phu Quoc Green Travel gi\u1eef m\u1eadt v\u00e0 kh\u00f4ng ti\u1ebft l\u1ed9 cho b\u00ean th\u1ee9 ba bi\u1ebft ngo\u1ea1i tr\u1eeb s\u1ef1 \u0111\u1ed3ng \u00fd c\u1ee7a qu\u00fd kh\u00e1ch ho\u1eb7c l\u00e0 ph\u1ea3i ti\u1ebft l\u1ed9 theo s\u1ef1 tu\u00e2n th\u1ee7 lu\u1eadt ph\u00e1p quy \u0111\u1ecbnh.<\/p>\n<p>3.V\u1ec1 mua v\u00e0 h\u1ee7y tour<\/p>\n<p>Sau khi \u0111\u0103ng k\u00fd, thanh to\u00e1n \u00edt nh\u1ea5t 50% ti\u1ec1n c\u1ecdc v\u00e0 \u0111\u00f3ng tr\u01b0\u1edbc kh\u1edfi h\u00e0nh 4 ng\u00e0y ( \u0111\u1ed1i v\u1edbi tr\u01b0\u1eddng h\u1ee3p ngo\u1ea1i l\u1ec7 , hai b\u00ean s\u1ebd \u0111\u01b0a ra ph\u01b0\u01a1ng \u00e1n c\u1ee5 th\u1ec3 ).Ri\u00eang t\u01b0\u1eddng h\u1ee3p tour c\u00f3 v\u00e9 m\u00e1y bay vui l\u00f2ng thanh to\u00e1n \u0111\u1eb7t c\u1ecdc 100% gi\u00e1 tr\u1ecb v\u00e9 v\u00e0 t\u1ed1i thi\u1ec3u 50% gi\u00e1 tr\u1ecb tour<\/p>\n<p>D\u1eddi ng\u00e0y kh\u1edfi h\u00e0nh : c\u00e1c chi ph\u00ed ph\u00e1t sinh n\u1ebfu c\u00f3 s\u1ebd d\u1ef1a tr\u00ean \u0111i\u1ec1u ki\u1ec7n th\u1ef1c t\u1ebf nh\u01b0ng tr\u01b0\u1edbc ng\u00e0y kh\u1edfi h\u00e0nh 10 ng\u00e0y , sau ng\u00e0y n\u00e0y kh\u00f4ng \u0111\u01b0\u1ee3c d\u1eddi ng\u00e0y kh\u1edfi h\u00e0nh ( ri\u00eang th\u1eddi \u0111i\u1ec3m l\u1ec5 t\u1ebft , cao \u0111i\u1ec3m , l\u1ec5 t\u1ebft kh\u00f4ng ch\u1ea5p nh\u1eadn d\u1eddi ng\u00e0y sau khi \u0111\u00e3 \u0111\u1eb7t tour)<\/p>\n<p>&#8211; Sau khi \u0111\u0103ng k\u00fd hu\u1ef7 tour trong v\u00f2ng 24h ( tr\u01b0\u1edbc ng\u00e0y kh\u1edfi h\u00e0nh 10 ng\u00e0y tr\u1edf l\u00ean) m\u1ea5t 10% gi\u00e1 tour<\/p>\n<p>&#8211; Tr\u01b0\u1edbc ng\u00e0y kh\u1edfi h\u00e0nh 4 ng\u00e0y ch\u1ecbu ph\u00ed 50% gi\u00e1 tour.( Kh\u00f4ng t\u00ednh ng\u00e0y l\u1ec5 v\u00e0 ch\u1ee7 nh\u1eadt)<\/p>\n<p>&#8211; T\u1eeb 2 \u0111\u1ebfn 4 ng\u00e0y tr\u01b0\u1edbc ng\u00e0y kh\u1edfi h\u00e0nh ch\u1ecbu ph\u00ed 70% gi\u00e1 tour.( Kh\u00f4ng t\u00ednh ng\u00e0y l\u1ec5 v\u00e0 ch\u1ee7 nh\u1eadt)<\/p>\n<p>&#8211; T\u1eeb 2 ng\u00e0y tr\u01b0\u1edbc ng\u00e0y kh\u1edfi h\u00e0nh ch\u1ecbu ph\u00ed 100% gi\u00e1 tour.( Kh\u00f4ng t\u00ednh ng\u00e0y l\u1ec5 v\u00e0 ch\u1ee7 nh\u1eadt)<\/p>\n<p>C\u00e1c quy \u0111\u1ecbnh tr\u00ean kh\u00f4ng \u00e1p d\u1ee5ng cho c\u00e1c d\u1ecbp l\u1ec5 v\u00e0 t\u1ebft.<\/p>\n<p>C\u00e1c ng\u00e0y l\u1ec5 t\u1ebft vi\u1ec7c d\u1eddi ng\u00e0y v\u00e0 h\u1ee7y tour tr\u01b0\u1edbc 15 ng\u00e0y kh\u1edfi h\u00e0nh m\u1ea5t 50% gi\u00e1 tour. Sau 15 ng\u00e0y so v\u1edbi ng\u00e0y kh\u1edfi h\u00e0nh m\u1ea5t 100% gi\u00e1 tour.(Kh\u00f4ng t\u00ednh ng\u00e0y ch\u1ee7 nh\u1eadt.)<\/p>\n<p>Sau khi h\u1ee7y tour, du kh\u00e1ch vui l\u00f2ng \u0111\u1ebfn c\u00f4ng ty nh\u1eadn ti\u1ec1n trong v\u00f2ng 2 tu\u1ea7n k\u1ec3 t\u1eeb ng\u00e0y \u0111\u0103ng k\u00fd tour. Ch\u00fang t\u00f4i ch\u1ec9 thanh to\u00e1n trong th\u1eddi gian 14 ng\u00e0y n\u00f3i tr\u00ean.<img loading=\"lazy\" decoding=\"async\" class=\"size-full wp-image-11808 alignright\" src=\"https:\/\/phuquocxanh.com\/vi\/wp-content\/uploads\/2016\/11\/dieu-khoan-dich-vu.jpg\" alt=\"dieu-khoan-dich-vu\" width=\"250\" height=\"300\" \/><\/p>\n<p>Tr\u01b0\u1eddng h\u1ee3p h\u1ee7y tour do s\u1ef1 c\u1ed1 kh\u00e1ch quan nh\u01b0 thi\u00ean tai, d\u1ecbch b\u1ec7nh ho\u1eb7c do t\u00e0u th\u1ee7y, xe l\u1eeda, m\u00e1y bay ho\u00e3n\/h\u1ee7y chuy\u1ebfn, Phu Quoc Green Travel s\u1ebd kh\u00f4ng ch\u1ecbu tr\u00e1ch nhi\u1ec7m b\u1ed3i th\u01b0\u1eddng th\u00eam b\u1ea5t k\u1ef3 chi ph\u00ed n\u00e0o kh\u00e1c ngo\u00e0i vi\u1ec7c ho\u00e0n tr\u1ea3 chi ph\u00ed nh\u1eefng d\u1ecbch v\u1ee5 ch\u01b0a \u0111\u01b0\u1ee3c s\u1eed d\u1ee5ng c\u1ee7a tour \u0111\u00f3.<\/p>\n<p>4.V\u1ec1 tr\u1ebb em<\/p>\n<p>&#8211; Tr\u1ebb em d\u01b0\u1edbi 05 tu\u00f4\u0309i, cao d\u01b0\u1edbi 1m: mi\u00ea\u0303n ph\u00ed, cha m\u1eb9 lo to\u00e0n b\u1ed9 chi ph\u00ed cho b\u00e9 n\u1ebfu c\u00f3 ph\u00e1t sinh. 02 ng\u01b0\u1eddi l\u1edbn ch\u1ec9 \u0111\u01b0\u1ee3c k\u00e8m 01 tr\u1ebb em. Tr\u01b0\u1eddng h\u1ee3p 02 ng\u01b0\u1eddi l\u1edbn k\u00e8m 02 tr\u1ebb em d\u01b0\u1edbi 05 tu\u1ed5i. Tr\u1ebb em th\u1ee9 1 \u0111\u01b0\u1ee3c mi\u1ec5n ph\u00ed, tr\u1ebb em th\u1ee9 2 \u00e1p d\u1ee5ng m\u1ee9c ph\u00ed: 50%\/m\u1ee9c ph\u00ed ng\u01b0\u1eddi l\u1edbn.\u0111i\u00eau khoan tai tour phu quoc<\/p>\n<p>&#8211; Tr\u1ebb em t\u1eeb 05 &#8211; 10 tu\u00f4\u0309i, cao t\u1eeb 1m &#8211; 1.4m: 60%\/m\u1ee9c ph\u00ed ng\u01b0\u1eddi l\u1edbn, bao g\u1ed3m t\u1ea5t c\u1ea3 c\u00e1c chi ph\u00ed &amp;gh\u1ebf ng\u1ed3i ri\u00eang tr\u00ean xe, ng\u1ee7 chung gi\u01b0\u1eddng v\u1edbi b\u00f4\u0301 m\u1eb9. 02 ng\u01b0\u1eddi l\u1edbn ch\u1ec9 \u0111\u01b0\u1ee3c k\u00e8m 01 tr\u1ebb em. Tr\u01b0\u1eddng h\u1ee3p 02 ng\u01b0\u1eddi l\u1edbn \u0111i k\u00e8m 02 tr\u1ebb em, tr\u1ebb em th\u1ee9 2 ph\u1ea3i \u00e1p d\u1ee5ng m\u1ee9c ph\u00ed c\u1ee7a ng\u01b0\u1eddi l\u1edbn.<\/p>\n<p>&#8211; Tr\u1ebb em t\u1eeb 05 &#8211; 10 tu\u00f4\u0309i, cao tr\u00ean 1m4: 75%\/m\u1ee9c ph\u00ed ng\u01b0\u1eddi l\u1edbn, bao g\u00f4\u0300m t\u00e2\u0301t c\u1ea3 c\u00e1c chi ph\u00ed &amp; gh\u00ea\u0301 ng\u00f4\u0300i ri\u00eang tr\u00ean xe, ng\u1ee7 chung gi\u01b0\u1eddng v\u1edbi b\u00f4\u0301 m\u1eb9. 02 ng\u01b0\u1eddi l\u1edbn ch\u1ec9 \u0111\u01b0\u1ee3c k\u00e8m 01 tr\u1ebb em. Tr\u01b0\u1eddng h\u1ee3p 02 ng\u01b0\u1eddi l\u1edbn \u0111i k\u00e8m 02 tr\u1ebb em, tr\u1ebb em th\u1ee9 2 ph\u1ea3i \u00e1p d\u1ee5ng m\u1ee9c ph\u00ed c\u1ee7a ng\u01b0\u1eddi l\u1edbn.<\/p>\n<p>Tr\u1ebb em t\u1eeb 11 tu\u00f4\u0309i: 100% gi\u00e1 tour &#8211; nh\u01b0 ng\u01b0\u1eddi l\u1edbn.<\/p>\n<p>5.V\u1ec1 ph\u00ed ph\u1ee5 thu<\/p>\n<p>Gi\u00e1 ni\u00eam y\u1ebft s\u1ea3n ph\u1ea9m d\u1ecbch v\u1ee5 tr\u00ean trang web <a href=\"https:\/\/phuquocxanh.com\/\">https:\/\/phuquocxanh.com\/<\/a> c\u1ee7a C\u00f4ng ty TNHH Th\u01b0\u01a1ng M\u1ea1i D\u1ecbch V\u1ee5 Du L\u1ecbch Ph\u00fa Qu\u1ed1c Xanh (Phu Quoc Green Travel) s\u1ebd c\u00f3 ho\u1eb7c kh\u00f4ng c\u00f3 ph\u1ee5 thu t\u00f9y t\u1eebng d\u1ecbch v\u1ee5 v\u00e0 ng\u00e0y ti\u1ebfn h\u00e0nh d\u1ecbch v\u1ee5.<\/p>\n<p>Ph\u00ed ph\u1ee5 thu \u0111\u01b0\u1ee3c \u00e1p d\u1ee5ng cho c\u00e1c tr\u01b0\u1eddng h\u1ee3p sau : ng\u00e0y cu\u1ed1i tu\u1ea7n, ng\u00e0y l\u1ec5, \u1edf ph\u00f2ng ri\u00eang ( theo y\u00eau c\u1ea7u ), tr\u1ebb em d\u01b0\u1edbi 5 tu\u1ed5i ( theo y\u00eau c\u1ea7u ), ph\u01b0\u01a1ng ti\u1ec7n ri\u00eang ( theo y\u00eau c\u1ea7u ).<\/p>\n<p>Ph\u00ed ph\u1ee5 thu s\u1ebd thay \u0111\u1ed5i t\u00f9y t\u1eebng th\u1eddi \u0111i\u1ec3m, t\u1eebng lo\u1ea1i d\u1ecbch v\u1ee5 kh\u00e1c nhau v\u00e0 \u0111\u01b0\u1ee3c c\u00f4ng khai trong b\u1ea3ng ch\u01b0\u01a1ng tr\u00ecnh d\u1ecbch v\u1ee5 chi ti\u1ebft.<\/p>\n<p>6.V\u1ec1 banner v\u00e0 trang web li\u00ean k\u1ebft<\/p>\n<p>C\u00e1c trang web c\u1ee7a C\u00f4ng ty TNHH Th\u01b0\u01a1ng M\u1ea1i D\u1ecbch V\u1ee5 Du L\u1ecbch Ph\u00fa Qu\u1ed1c Xanh (Phu Quoc Green Travel) c\u00f3 ch\u1ee9a nh\u1eefng li\u00ean h\u1ec7 k\u1ebft n\u1ed1i v\u1edbi trang web c\u1ee7a b\u00ean th\u1ee9 ba. Vi\u1ec7c li\u00ean k\u1ebft trang web c\u1ee7a b\u00ean th\u1ee9 ba n\u00e0y nh\u1eb1m ch\u1ec9 cung c\u1ea5p nh\u1eefng s\u1ef1 ti\u1ec7n l\u1ee3i cho qu\u00fd kh\u00e1ch ch\u1ee9 kh\u00f4ng ph\u1ea3i l\u00e0 s\u1ef1 t\u00e1n th\u00e0nh, ch\u1ea5p nh\u1eadn nh\u1eefng n\u1ed9i dung, th\u00f4ng tin s\u1ea3n ph\u1ea9m c\u1ee7a nh\u1eefng trang web b\u00ean th\u1ee9 ba. C\u00f4ng ty TNHH Th\u01b0\u01a1ng M\u1ea1i D\u1ecbch V\u1ee5 DU L\u1ecbch Ph\u00fa Qu\u1ed1c Xanh (Phu Quoc Green Travel) s\u1ebd kh\u00f4ng chiu tr\u00e1ch nhi\u1ec7m v\u1ec1 b\u1ea5t c\u1ee9 tr\u00e1ch nhi\u1ec7m ph\u00e1p l\u00fd n\u00e0o li\u00ean quan \u0111\u1ebfn nh\u1eefng th\u00f4ng tin g\u00ec trong c\u00e1c trang web b\u00ean th\u1ee9 ba.<\/p>\n","protected":false},"excerpt":{"rendered":"<p>\u0110I\u1ec0U KHO\u1ea2N CHUNG Kh\u00e1ch h\u00e0ng khi \u0111\u0103ng k\u00fd th\u00e0nh vi\u00ean t\u1ea1i trang web https:\/\/phuquocxanh.com\/ c\u1ee7a C\u00f4ng ty TNHH Th\u01b0\u01a1ng M\u1ea1i D\u1ecbch V\u1ee5 Du L\u1ecbch Ph\u00fa Qu\u1ed1c Xanh ( T\u00ean ti\u1ebfng Anh : Phu Quoc Green Travel ) ph\u1ea3i \u0111\u1ecdc v\u00e0 \u0111\u1ed3ng \u00fd v\u1edbi \u0111i\u1ec1u kho\u1ea3n n\u00e0y. 1.V\u1ec1 s\u1edf h\u1eefu b\u1ea3n quy\u1ec1n Trang web https:\/\/phuquocxanh.com\/ thu\u1ed9c [&hellip;]<\/p>\n","protected":false},"author":2,"featured_media":11808,"parent":0,"menu_order":0,"comment_status":"closed","ping_status":"closed","template":"","meta":{"footnotes":""},"yst_prominent_words":[],"class_list":["post-11806","page","type-page","status-publish","has-post-thumbnail","hentry"],"_links":{"self":[{"href":"https:\/\/phuquocxanh.com\/vi\/wp-json\/wp\/v2\/pages\/11806","targetHints":{"allow":["GET"]}}],"collection":[{"href":"https:\/\/phuquocxanh.com\/vi\/wp-json\/wp\/v2\/pages"}],"about":[{"href":"https:\/\/phuquocxanh.com\/vi\/wp-json\/wp\/v2\/types\/page"}],"author":[{"embeddable":true,"href":"https:\/\/phuquocxanh.com\/vi\/wp-json\/wp\/v2\/users\/2"}],"replies":[{"embeddable":true,"href":"https:\/\/phuquocxanh.com\/vi\/wp-json\/wp\/v2\/comments?post=11806"}],"version-history":[{"count":0,"href":"https:\/\/phuquocxanh.com\/vi\/wp-json\/wp\/v2\/pages\/11806\/revisions"}],"wp:featuredmedia":[{"embeddable":true,"href":"https:\/\/phuquocxanh.com\/vi\/wp-json\/"}],"wp:attachment":[{"href":"https:\/\/phuquocxanh.com\/vi\/wp-json\/wp\/v2\/media?parent=11806"}],"wp:term":[{"taxonomy":"yst_prominent_words","embeddable":true,"href":"https:\/\/phuquocxanh.com\/vi\/wp-json\/wp\/v2\/yst_prominent_words?post=11806"}],"curies":[{"name":"wp","href":"https:\/\/api.w.org\/{rel}","templated":true}]}}