{"id":1426,"date":"2012-02-22T20:05:05","date_gmt":"2012-02-22T20:05:05","guid":{"rendered":"https:\/\/themes.goodlayers.com\/modernize\/?page_id=1426"},"modified":"2023-02-26T22:48:47","modified_gmt":"2023-02-26T15:48:47","slug":"video","status":"publish","type":"page","link":"https:\/\/phuquocxanh.com\/vi\/video\/","title":{"rendered":"Video Gi\u1edbi Thi\u1ec7u V\u1ec1 C\u00f4ng Ty Ph\u00fa Qu\u1ed1c Xanh"},"content":{"rendered":"<p>V\u1edbi ph\u01b0\u01a1ng ch\u00e2m cung c\u1ea5p t\u1edbi qu\u00fd du kh\u00e1ch d\u1ecbch v\u1ee5 chuy\u00ean nghi\u1ec7p nghi\u1ec7p nh\u1ea5t , ch\u00fang t\u00f4i d\u01b0\u1edbng \u0111\u1ebfn cung c\u1ea5p cho qu\u00fd du kh\u00e1ch d\u1ecbch v\u1ee5 tour ph\u00fa qu\u1ed1c tr\u1ecdn g\u00f3i , thi\u1ebft k\u1ebf ri\u00eang , tour ph\u00fa qu\u1ed1c h\u00e0ng ng\u00e0y v\u1edbi d\u1ecbch v\u1ee5 chuy\u00ean nghi\u1ec7p , \u0111\u1ed9i ng\u0169 ph\u1ee5c v\u1ee5 t\u1eadn t\u00ecnh chu \u0111\u00e1o v\u00e0o gi\u00e1 c\u1ea3 c\u1ea1nh tranh nh\u1ea5t .<\/p>\n<p><iframe loading=\"lazy\" title=\"C\u00f4ng ty Du L\u1ecbch Ph\u00fa Qu\u1ed1c Xanh - \u0110\u01a1n V\u1ecb Chuy\u00ean T\u1ed5 Ch\u1ee9c Tour Ph\u00fa QU\u1ed1c\" width=\"1150\" height=\"647\" src=\"https:\/\/www.youtube.com\/embed\/Suu2zPcZge0?feature=oembed\" frameborder=\"0\" allow=\"accelerometer; autoplay; clipboard-write; encrypted-media; gyroscope; picture-in-picture; web-share\" allowfullscreen><\/iframe><\/p>\n<p>V\u1edbi kinh nghi\u1ec7m l\u00e2u n\u0103m trong d\u1ecbch v\u1ee5 tour ph\u00fa qu\u1ed1c ch\u00fang t\u00f4i s\u1ebd \u0111em \u0111\u1ebfn cho qu\u00fd kh\u00e1ch c\u00f9ng gia \u0111\u00ecnh 1 k\u1ef3 ngh\u1ec9 vui v\u1ebb , l\u00fd th\u00fa v\u00e0 th\u1eadt nhi\u1ec1u \u00fd ngh\u0129a D\u00f9 l\u00e0 y\u00eau c\u1ea7u nh\u1ecf b\u00e9 r\u1ea5t v\u1ec1 du l\u1ecbch Ph\u00fa Qu\u1ed1c ch\u00fang t\u00f4i v\u1eabn r\u1ea5t mong mu\u1ed1n \u0111\u01b0\u1ee3c ph\u1ee5c v\u1ee5 qu\u00fd kh\u00e1ch Ch\u00fang t\u00f4i cung c\u1ea5p d\u1ecbch v\u1ee5 \u0111\u1eb7t ph\u00f2ng kh\u00e1ch s\u1ea1n , cho thu\u00ea xe du l\u1ecbch , v\u00e9 Vinpearlland ph\u00fa qu\u1ed1c , v\u00e9 vinpearll Safari , cho thu\u00ea t\u00e0u c\u00e2u m\u1ef1c , t\u00e0u c\u00e2u c\u00e1 l\u1eb7n ng\u1eafm san h\u00f4 Ch\u00fang t\u00f4i cung c\u1ea5p \u0111a d\u1ea1ng c\u00e1c d\u1ecbch v\u1ee5 tour kh\u1edfi h\u00e0nh t\u1eeb m\u1ecdi mi\u1ec1n \u0111\u1ea5t n\u01b0\u1edbc :<\/p>\n<ul>\n<li>Tour H\u00e0 N\u1ed9i Ph\u00fa Qu\u1ed1c<\/li>\n<li>Tour S\u00e0i G\u00f2n Ph\u00fa Qu\u1ed1c<\/li>\n<li>Tour H\u1ea3i Ph\u00f2ng Ph\u00fa Qu\u1ed1c<\/li>\n<li>Tour C\u1ea7n Th\u01a1 Ph\u00fa Qu\u1ed1c &#8230;.<\/li>\n<\/ul>\n<p>V\u1edbi th\u1eddi gian v\u00e0 l\u1ecbch tr\u00ecnh l\u1ecbch tr\u00ecnh linh ho\u1ea1t qu\u00fd kh\u00e1ch c\u00f3 th\u1ec3 l\u1ef1a ch\u1ecdn c\u00e1c tour : tour ph\u00fa qu\u1ed1c 3 ng\u00e0y 2 \u0111\u00eam , tour ph\u00fa qu\u1ed1c 4 ng\u00e0y 3 \u0111em , tour ph\u00fa qu\u1ed1c 5 ng\u00e0y 4 \u0111em , tour ph\u00fa qu\u1ed1c 1 ng\u00e0y , tour ph\u00fa qu\u1ed1c n\u1eeda ng\u00e0y &#8230;.. \u0110\u1eb7c bi\u1ec7t v\u1edbi d\u1ecbch v\u1ee5 tour Ph\u00fa Qu\u1ed1c thi\u1ebft k\u1ebf ri\u00eang , gi\u00fap qu\u00fd kh\u00e1ch v\u01b0\u1ee3t kh\u1ecfi s\u1ef1 g\u00f2 b\u00f3 c\u1ee7a nh\u1eefng l\u1ecbch tr\u00ecnh c\u1ed1 \u0111\u1ecbnh \u0111\u01b0\u1ee3c qu\u00fd du kh\u00e1ch nhi\u1ec7t t\u00ecnh \u1ee7ng h\u1ed9 v\u00e0 y\u00eau th\u00edch Ngo\u00e0i cung c\u1ea5p d\u1ecbch v\u1ee5 th\u00ec m\u1ed9t ph\u1ea7n g\u00f3p ph\u1ea7n t\u1ea1o n\u00ean th\u00e0nh c\u00f4ng c\u1ee7a ch\u00fang t\u00f4i \u0111\u00f3 l\u00e0 website phuquocxanh.com , cung c\u1ea5p \u0111\u1ea7y \u0111\u1ee7 chi ti\u1ebft v\u1ec1 du l\u1ecbch ph\u00fa qu\u1ed1c.<\/p>\n<p>&nbsp;<\/p>\n","protected":false},"excerpt":{"rendered":"<p>V\u1edbi ph\u01b0\u01a1ng ch\u00e2m cung c\u1ea5p t\u1edbi qu\u00fd du kh\u00e1ch d\u1ecbch v\u1ee5 chuy\u00ean nghi\u1ec7p nghi\u1ec7p nh\u1ea5t , ch\u00fang t\u00f4i d\u01b0\u1edbng \u0111\u1ebfn cung c\u1ea5p cho qu\u00fd du kh\u00e1ch d\u1ecbch v\u1ee5 tour ph\u00fa qu\u1ed1c tr\u1ecdn g\u00f3i , thi\u1ebft k\u1ebf ri\u00eang , tour ph\u00fa qu\u1ed1c h\u00e0ng ng\u00e0y v\u1edbi d\u1ecbch v\u1ee5 chuy\u00ean nghi\u1ec7p , \u0111\u1ed9i ng\u0169 ph\u1ee5c v\u1ee5 t\u1eadn t\u00ecnh [&hellip;]<\/p>\n","protected":false},"author":2,"featured_media":37953,"parent":0,"menu_order":0,"comment_status":"closed","ping_status":"open","template":"","meta":{"footnotes":""},"yst_prominent_words":[],"class_list":["post-1426","page","type-page","status-publish","has-post-thumbnail","hentry"],"_links":{"self":[{"href":"https:\/\/phuquocxanh.com\/vi\/wp-json\/wp\/v2\/pages\/1426","targetHints":{"allow":["GET"]}}],"collection":[{"href":"https:\/\/phuquocxanh.com\/vi\/wp-json\/wp\/v2\/pages"}],"about":[{"href":"https:\/\/phuquocxanh.com\/vi\/wp-json\/wp\/v2\/types\/page"}],"author":[{"embeddable":true,"href":"https:\/\/phuquocxanh.com\/vi\/wp-json\/wp\/v2\/users\/2"}],"replies":[{"embeddable":true,"href":"https:\/\/phuquocxanh.com\/vi\/wp-json\/wp\/v2\/comments?post=1426"}],"version-history":[{"count":0,"href":"https:\/\/phuquocxanh.com\/vi\/wp-json\/wp\/v2\/pages\/1426\/revisions"}],"wp:featuredmedia":[{"embeddable":true,"href":"https:\/\/phuquocxanh.com\/vi\/wp-json\/wp\/v2\/media\/37953"}],"wp:attachment":[{"href":"https:\/\/phuquocxanh.com\/vi\/wp-json\/wp\/v2\/media?parent=1426"}],"wp:term":[{"taxonomy":"yst_prominent_words","embeddable":true,"href":"https:\/\/phuquocxanh.com\/vi\/wp-json\/wp\/v2\/yst_prominent_words?post=1426"}],"curies":[{"name":"wp","href":"https:\/\/api.w.org\/{rel}","templated":true}]}}