{"id":16520,"date":"2017-02-15T08:14:09","date_gmt":"2017-02-15T01:14:09","guid":{"rendered":"https:\/\/phuquocxanh.com\/vi\/?page_id=16520"},"modified":"2023-06-02T16:51:45","modified_gmt":"2023-06-02T09:51:45","slug":"thong-tin-du-lich-phu-quoc-a-z","status":"publish","type":"page","link":"https:\/\/phuquocxanh.com\/vi\/thong-tin-du-lich-phu-quoc-a-z\/","title":{"rendered":"Th\u00f4ng Tin Kinh Nghi\u1ec7m Du L\u1ecbch Ph\u00fa Qu\u1ed1c t\u1eeb A- Z"},"content":{"rendered":"<h3><span style=\"color: #008000;\">Th\u00f4ng tin chia \u00a0s\u1ebb kinh nghi\u1ec7m \u00a0<a href=\"https:\/\/phuquocxanh.com\/vi\/\">du l\u1ecbch ph\u00fa qu\u1ed1c<\/a> chi ti\u1ebft r\u00f5 r\u00e0ng , c\u1ee5 th\u1ec3 . Gi\u00fap b\u1ea1n l\u00ean l\u1ecbch tr\u00ecnh cho 1 chuy\u1ebfn \u0111i <a href=\"https:\/\/phuquocxanh.com\/vi\/\">du l\u1ecbch ph\u00fa qu\u1ed1c <\/a>th\u1eadt \u00fd ngh\u0129a v\u00e0 tr\u1ecdn v\u1eb9n . T\u1ea5t c\u1ea3 s\u1ebd c\u00f3 trong th\u00f4ng tin du l\u1ecbch ph\u00fa qu\u1ed1c vi\u1ebft b\u1edfi <a href=\"https:\/\/phuquocxanh.com\/vi\/\">ph\u00fa qu\u1ed1c xanh\u00a0<\/a><\/span><\/h3>\n<p>\u0110\u1ebfn v\u1edbi c\u1ea9m nang du l\u1ecbch Ph\u00fa Qu\u1ed1c c\u1ee7a ch\u00fang t\u00f4i , qu\u00fd kh\u00e1ch s\u1ebd \u0111\u01b0\u1ee3c bi\u1ebft th\u00eam nhi\u1ec1u th\u00f4ng tin m\u1edbi v\u1ec1 du l\u1ecbch Ph\u00fa Qu\u1ed1c . Nh\u1eefng kinh nghi\u1ec7m chia s\u1ebb qu\u00fd b\u00e1u v\u1ec1 du l\u1ecbch Ph\u00fa Qu\u1ed1c. Qu\u00fd kh\u00e1ch s\u1ebd c\u00f3 th\u1ec3 t\u1ef1 l\u00ean cho m\u00ecnh nh\u1eefng chuy\u1ebfn \u0111i ri\u00eang v\u1edbi chi Ph\u00ed si\u00eau ti\u1ebft ki\u1ec7m . Ch\u00fang t\u00f4i kh\u00f4ng th\u1ec3 gi\u1ea3m gi\u00e1 d\u1ecbch v\u1ee5 hay t\u1eb7ng ti\u1ec1n cho b\u1ea1n . Nh\u01b0ng ch\u00fang t\u00f4i c\u00f3 th\u1ec3 gi\u00fap b\u1ea1n ti\u1ebft ki\u1ec7m ti\u1ec1n khi \u0111i du l\u1ecbch Ph\u00fa Qu\u1ed1c.<\/p>\n","protected":false},"excerpt":{"rendered":"<p>Th\u00f4ng tin chia \u00a0s\u1ebb kinh nghi\u1ec7m \u00a0du l\u1ecbch ph\u00fa qu\u1ed1c chi ti\u1ebft r\u00f5 r\u00e0ng , c\u1ee5 th\u1ec3 . Gi\u00fap b\u1ea1n l\u00ean l\u1ecbch tr\u00ecnh cho 1 chuy\u1ebfn \u0111i du l\u1ecbch ph\u00fa qu\u1ed1c th\u1eadt \u00fd ngh\u0129a v\u00e0 tr\u1ecdn v\u1eb9n . T\u1ea5t c\u1ea3 s\u1ebd c\u00f3 trong th\u00f4ng tin du l\u1ecbch ph\u00fa qu\u1ed1c vi\u1ebft b\u1edfi ph\u00fa qu\u1ed1c xanh\u00a0 \u0110\u1ebfn [&hellip;]<\/p>\n","protected":false},"author":2,"featured_media":34684,"parent":0,"menu_order":0,"comment_status":"closed","ping_status":"closed","template":"","meta":{"footnotes":""},"yst_prominent_words":[],"class_list":["post-16520","page","type-page","status-publish","has-post-thumbnail","hentry"],"_links":{"self":[{"href":"https:\/\/phuquocxanh.com\/vi\/wp-json\/wp\/v2\/pages\/16520","targetHints":{"allow":["GET"]}}],"collection":[{"href":"https:\/\/phuquocxanh.com\/vi\/wp-json\/wp\/v2\/pages"}],"about":[{"href":"https:\/\/phuquocxanh.com\/vi\/wp-json\/wp\/v2\/types\/page"}],"author":[{"embeddable":true,"href":"https:\/\/phuquocxanh.com\/vi\/wp-json\/wp\/v2\/users\/2"}],"replies":[{"embeddable":true,"href":"https:\/\/phuquocxanh.com\/vi\/wp-json\/wp\/v2\/comments?post=16520"}],"version-history":[{"count":0,"href":"https:\/\/phuquocxanh.com\/vi\/wp-json\/wp\/v2\/pages\/16520\/revisions"}],"wp:featuredmedia":[{"embeddable":true,"href":"https:\/\/phuquocxanh.com\/vi\/wp-json\/wp\/v2\/media\/34684"}],"wp:attachment":[{"href":"https:\/\/phuquocxanh.com\/vi\/wp-json\/wp\/v2\/media?parent=16520"}],"wp:term":[{"taxonomy":"yst_prominent_words","embeddable":true,"href":"https:\/\/phuquocxanh.com\/vi\/wp-json\/wp\/v2\/yst_prominent_words?post=16520"}],"curies":[{"name":"wp","href":"https:\/\/api.w.org\/{rel}","templated":true}]}}