{"id":20909,"date":"2017-07-11T14:38:25","date_gmt":"2017-07-11T07:38:25","guid":{"rendered":"https:\/\/phuquocxanh.com\/vi\/?page_id=20909"},"modified":"2023-03-06T17:02:09","modified_gmt":"2023-03-06T10:02:09","slug":"di-bo-duoi-bien-o-phu-quoc-kham-pha-long-dai-duong-sea-walker-sea-walking","status":"publish","type":"page","link":"https:\/\/phuquocxanh.com\/vi\/di-bo-duoi-bien-o-phu-quoc-kham-pha-long-dai-duong-sea-walker-sea-walking\/","title":{"rendered":"\u0110i B\u1ed9 D\u01b0\u1edbi Bi\u1ec3n \u1ede Ph\u00fa Qu\u1ed1c  Kh\u00e1m Ph\u00e1 L\u00f2ng \u0110\u1ea1i D\u01b0\u01a1ng Sea Walker"},"content":{"rendered":"<p><strong><span style=\"color: #339966;\">B\u1ea1n \u0111ang mu\u1ed1n kh\u00e1m ph\u00e1 \u0111\u00e1y bi\u1ec3n Ph\u00fa Qu\u1ed1c .<a href=\"https:\/\/phuquocxanh.com\/vi\/tour-di-bo-duoi-bien-hay-seawalker-la-gi\/\">Tour \u0111i b\u1ed9 d\u01b0\u1edbi bi\u1ec3n<\/a> hay <a href=\"https:\/\/phuquocxanh.com\/vi\/tour-di-bo-duoi-bien-hay-seawalker-la-gi\/\">Seawalker<\/a> l\u00e0 l\u1ef1a ch\u1ecdn l\u00fd t\u01b0\u1edfng cho nh\u1eefng ai mu\u1ed1n kh\u00e1m ph\u00e1 cu\u1ed9c s\u1ed1ng d\u01b0\u1edbi bi\u1ec3n nh\u01b0ng kh\u00f4ng gi\u1ecfi b\u01a1i l\u1ed9i ho\u1eb7c kh\u00f4ng mu\u1ed1n l\u1eb7n. <a href=\"https:\/\/phuquocxanh.com\/vi\/tour-di-bo-duoi-bien-hay-seawalker-la-gi\/\">Seawalker <\/a>l\u00e0 m\u1ed9t h\u1ec7 th\u1ed1ng l\u1eb7n m\u1ec1m. B\u1ea1n s\u1ebd \u0111\u01b0\u1ee3c trang b\u1ecb c\u00f4ng ngh\u1ec7 th\u0103m d\u00f2 m\u1edbi nh\u1ea5t, m\u0169 b\u1ea3o hi\u1ec3m v\u1edbi t\u1ea5m ch\u1eafn trong su\u1ed1t, kh\u00f4ng c\u1ea7n th\u00f9ng ch\u1ee9a kh\u00ed, v\u00ec v\u1eady b\u1ea1n nh\u1eb9 v\u00e0 linh ho\u1ea1t.<\/span><\/strong><\/p>\n","protected":false},"excerpt":{"rendered":"<p>B\u1ea1n \u0111ang mu\u1ed1n kh\u00e1m ph\u00e1 \u0111\u00e1y bi\u1ec3n Ph\u00fa Qu\u1ed1c .Tour \u0111i b\u1ed9 d\u01b0\u1edbi bi\u1ec3n hay Seawalker l\u00e0 l\u1ef1a ch\u1ecdn l\u00fd t\u01b0\u1edfng cho nh\u1eefng ai mu\u1ed1n kh\u00e1m ph\u00e1 cu\u1ed9c s\u1ed1ng d\u01b0\u1edbi bi\u1ec3n nh\u01b0ng kh\u00f4ng gi\u1ecfi b\u01a1i l\u1ed9i ho\u1eb7c kh\u00f4ng mu\u1ed1n l\u1eb7n. Seawalker l\u00e0 m\u1ed9t h\u1ec7 th\u1ed1ng l\u1eb7n m\u1ec1m. B\u1ea1n s\u1ebd \u0111\u01b0\u1ee3c trang b\u1ecb c\u00f4ng ngh\u1ec7 th\u0103m [&hellip;]<\/p>\n","protected":false},"author":2,"featured_media":34758,"parent":0,"menu_order":0,"comment_status":"closed","ping_status":"closed","template":"","meta":{"footnotes":""},"yst_prominent_words":[],"class_list":["post-20909","page","type-page","status-publish","has-post-thumbnail","hentry"],"_links":{"self":[{"href":"https:\/\/phuquocxanh.com\/vi\/wp-json\/wp\/v2\/pages\/20909","targetHints":{"allow":["GET"]}}],"collection":[{"href":"https:\/\/phuquocxanh.com\/vi\/wp-json\/wp\/v2\/pages"}],"about":[{"href":"https:\/\/phuquocxanh.com\/vi\/wp-json\/wp\/v2\/types\/page"}],"author":[{"embeddable":true,"href":"https:\/\/phuquocxanh.com\/vi\/wp-json\/wp\/v2\/users\/2"}],"replies":[{"embeddable":true,"href":"https:\/\/phuquocxanh.com\/vi\/wp-json\/wp\/v2\/comments?post=20909"}],"version-history":[{"count":0,"href":"https:\/\/phuquocxanh.com\/vi\/wp-json\/wp\/v2\/pages\/20909\/revisions"}],"wp:featuredmedia":[{"embeddable":true,"href":"https:\/\/phuquocxanh.com\/vi\/wp-json\/wp\/v2\/media\/34758"}],"wp:attachment":[{"href":"https:\/\/phuquocxanh.com\/vi\/wp-json\/wp\/v2\/media?parent=20909"}],"wp:term":[{"taxonomy":"yst_prominent_words","embeddable":true,"href":"https:\/\/phuquocxanh.com\/vi\/wp-json\/wp\/v2\/yst_prominent_words?post=20909"}],"curies":[{"name":"wp","href":"https:\/\/api.w.org\/{rel}","templated":true}]}}