{"id":21576,"date":"2017-08-15T05:44:32","date_gmt":"2017-08-14T22:44:32","guid":{"rendered":"https:\/\/phuquocxanh.com\/vi\/?page_id=21576"},"modified":"2023-03-06T17:01:44","modified_gmt":"2023-03-06T10:01:44","slug":"cung-cap-dich-vu-du-lich-tai-dao-phu-quoc","status":"publish","type":"page","link":"https:\/\/phuquocxanh.com\/vi\/cung-cap-dich-vu-du-lich-tai-dao-phu-quoc\/","title":{"rendered":"Cung C\u1ea5p D\u1ecbch V\u1ee5 Du L\u1ecbch T\u1ea1i \u0110\u1ea3o Ph\u00fa Qu\u1ed1c"},"content":{"rendered":"<p><strong><span style=\"color: #008000;\">B\u1ea1n c\u00f3 th\u1ec3 <a style=\"color: #008000;\" href=\"https:\/\/phuquocxanh.com\/vi\/\">\u0111i du l\u1ecbch Ph\u00fa Qu\u1ed1c<\/a> t\u1ef1 t\u00fac nh\u01b0ng ch\u1eafc ch\u1eafn b\u1ea1n v\u1eabn c\u1ea7n nh\u1eefng <a style=\"color: #008000;\" href=\"https:\/\/phuquocxanh.com\/vi\/cung-cap-dich-vu-du-lich-tai-dao-phu-quoc\/\">d\u1ecbch v\u1ee5 du l\u1ecbch t\u1ea1i Ph\u00fa Qu\u1ed1c <\/a>\u0111\u00fang kh\u00f4ng n\u00e0o . N\u1ebfu kh\u00f4ng r\u00f5 nh\u1eefng <a style=\"color: #008000;\" href=\"https:\/\/phuquocxanh.com\/vi\/cung-cap-dich-vu-du-lich-tai-dao-phu-quoc\/\">d\u1ecbch v\u1ee5 du l\u1ecbch Ph\u00fa Qu\u1ed1c<\/a> b\u1ea1n c\u1ea7n l\u00e0 g\u00ec hay c\u00f3 g\u00ec th\u00ec tham kh\u1ea3o b\u00ean d\u01b0\u1edbi nh\u00e9.<\/span><\/strong><\/p>\n","protected":false},"excerpt":{"rendered":"<p>B\u1ea1n c\u00f3 th\u1ec3 \u0111i du l\u1ecbch Ph\u00fa Qu\u1ed1c t\u1ef1 t\u00fac nh\u01b0ng ch\u1eafc ch\u1eafn b\u1ea1n v\u1eabn c\u1ea7n nh\u1eefng d\u1ecbch v\u1ee5 du l\u1ecbch t\u1ea1i Ph\u00fa Qu\u1ed1c \u0111\u00fang kh\u00f4ng n\u00e0o . N\u1ebfu kh\u00f4ng r\u00f5 nh\u1eefng d\u1ecbch v\u1ee5 du l\u1ecbch Ph\u00fa Qu\u1ed1c b\u1ea1n c\u1ea7n l\u00e0 g\u00ec hay c\u00f3 g\u00ec th\u00ec tham kh\u1ea3o b\u00ean d\u01b0\u1edbi nh\u00e9.<\/p>\n","protected":false},"author":2,"featured_media":34770,"parent":0,"menu_order":0,"comment_status":"closed","ping_status":"closed","template":"","meta":{"footnotes":""},"yst_prominent_words":[],"class_list":["post-21576","page","type-page","status-publish","has-post-thumbnail","hentry"],"_links":{"self":[{"href":"https:\/\/phuquocxanh.com\/vi\/wp-json\/wp\/v2\/pages\/21576","targetHints":{"allow":["GET"]}}],"collection":[{"href":"https:\/\/phuquocxanh.com\/vi\/wp-json\/wp\/v2\/pages"}],"about":[{"href":"https:\/\/phuquocxanh.com\/vi\/wp-json\/wp\/v2\/types\/page"}],"author":[{"embeddable":true,"href":"https:\/\/phuquocxanh.com\/vi\/wp-json\/wp\/v2\/users\/2"}],"replies":[{"embeddable":true,"href":"https:\/\/phuquocxanh.com\/vi\/wp-json\/wp\/v2\/comments?post=21576"}],"version-history":[{"count":0,"href":"https:\/\/phuquocxanh.com\/vi\/wp-json\/wp\/v2\/pages\/21576\/revisions"}],"wp:featuredmedia":[{"embeddable":true,"href":"https:\/\/phuquocxanh.com\/vi\/wp-json\/wp\/v2\/media\/34770"}],"wp:attachment":[{"href":"https:\/\/phuquocxanh.com\/vi\/wp-json\/wp\/v2\/media?parent=21576"}],"wp:term":[{"taxonomy":"yst_prominent_words","embeddable":true,"href":"https:\/\/phuquocxanh.com\/vi\/wp-json\/wp\/v2\/yst_prominent_words?post=21576"}],"curies":[{"name":"wp","href":"https:\/\/api.w.org\/{rel}","templated":true}]}}