{"id":21580,"date":"2017-08-15T06:28:47","date_gmt":"2017-08-14T23:28:47","guid":{"rendered":"https:\/\/phuquocxanh.com\/vi\/?page_id=21580"},"modified":"2023-03-08T16:37:08","modified_gmt":"2023-03-08T09:37:08","slug":"cho-thue-tau-du-lich-phuc-vu-cau-ca-cau-muc-lan-ngam-san-ho-tren-dao-phu-quoc","status":"publish","type":"page","link":"https:\/\/phuquocxanh.com\/vi\/cho-thue-tau-du-lich-phuc-vu-cau-ca-cau-muc-lan-ngam-san-ho-tren-dao-phu-quoc\/","title":{"rendered":"Cho thu\u00ea t\u00e0u du l\u1ecbch ph\u1ee5c v\u1ee5 c\u00e2u c\u00e1 c\u00e2u m\u1ef1c l\u1eb7n ng\u1eafm san h\u00f4 t\u1ea1i Ph\u00fa Qu\u1ed1c"},"content":{"rendered":"<p><span style=\"color: #008000;\">Hi\u1ec7n nay c\u00f3 r\u1ea5t nhi\u1ec1u du kh\u00e1ch mu\u1ed1n tr\u1ea3i nghi\u1ec7m <strong>c\u00e2u c\u00e1 , c\u00e2u m\u1ef1c<\/strong> hay <strong>l\u1eb7n ng\u1eafm san h\u00f4<\/strong> . V\u1eady sao b\u1ea1n kh\u00f4ng <a href=\"https:\/\/phuquocxanh.com\/vi\/package\/cho-thue-tau-tai-phu-quoc\/\"><strong>thu\u00ea t\u00e0u \u0111i c\u00e2u c\u00e1 l\u1eb7n san h\u00f4<\/strong><\/a> hay <a href=\"https:\/\/phuquocxanh.com\/vi\/package\/cho-thue-tau-cau-muc-dem-tai-phu-quoc\/\"><strong>t\u00e0u \u0111i c\u00e2u m\u1ef1c<\/strong><\/a> ri\u00eang nh\u1ec9 . \u0110i\u1ec1u \u0111\u00f3 \u0111\u00e2u qu\u00e1 kh\u00f3 kh\u0103n hay chi ph\u00ed &#8220;si\u00eau kh\u1ee7ng&#8221; nh\u01b0 b\u1ea1n v\u1eabn l\u1ea7m t\u01b0\u1edfng.<\/span><br \/>\n<script type=\"application\/ld+json\">\n{\n  \"@context\": \"https:\/\/schema.org\/\",\n  \"@type\": \"Product\",\n  \"name\": \"Cho Thu\u00ea Ph\u00fa Qu\u1ed1c \",\n  \"image\": [\n    \"https:\/\/phuquocxanh.com\/vi\/wp-content\/uploads\/2016\/01\/cau-ca-phu-quoc-400x280.jpg\",\n    \"https:\/\/phuquocxanh.com\/vi\/wp-content\/uploads\/2015\/06\/tour-lan-ngam-san-ho-phu-quoc-400x300.jpg\",\n    \"https:\/\/phuquocxanh.com\/vi\/wp-content\/uploads\/2016\/01\/cau-muc-phu-quoc-400x280.jpg\"\n   ],\n  \"description\": \" Hi\u1ec7n nay c\u00f3 r\u1ea5t nhi\u1ec1u du kh\u00e1ch mu\u1ed1n tr\u1ea3i nghi\u1ec7m c\u00e2u c\u00e1 , c\u00e2u m\u1ef1c hay l\u1eb7n ng\u1eafm san h\u00f4 . V\u1eady sao b\u1ea1n kh\u00f4ng thu\u00ea t\u00e0u \u0111i c\u00e2u c\u00e1 l\u1eb7n san h\u00f4 hay t\u00e0u \u0111i c\u00e2u m\u1ef1c ri\u00eang nh\u1ec9 . \u0110i\u1ec1u \u0111\u00f3 \u0111\u00e2u qu\u00e1 kh\u00f3 kh\u0103n hay chi ph\u00ed \u201csi\u00eau kh\u1ee7ng\u201d nh\u01b0 b\u1ea1n v\u1eabn l\u1ea7m t\u01b0\u1edfng. \n\",\n  \"sku\": \"0943651279\",\n  \"mpn\": \"542629\",\n  \"brand\": {\n    \"@type\": \"Brand\",\n    \"name\": \"PhuQuocXanh\"\n  },\n  \"review\": {\n    \"@type\": \"Review\",\n    \"reviewRating\": {\n      \"@type\": \"Rating\",\n      \"ratingValue\": \"5\",\n      \"bestRating\": \"10\"\n    },\n    \"author\": {\n      \"@type\": \"Person\",\n      \"name\": \"Mr Quang\"\n    }\n  },\n  \"aggregateRating\": {\n    \"@type\": \"AggregateRating\",\n    \"worstRating\": \"1\",\n    \"bestRating\": \"10\",\n    \"ratingValue\": \"9.6\",\n    \"reviewCount\": \"198\"\n  },\n  \"offers\": {\n    \"@type\": \"Offer\",\n    \"url\": \"https:\/\/phuquocxanh.com\/vi\/cho-thue-tau-du-lich-phuc-vu-cau-ca-cau-muc-lan-ngam-san-ho-tren-dao-phu-quoc\/\",\n    \"priceCurrency\": \"VND\",\n    \"price\": \"2400000\",\n    \"priceValidUntil\": \"2020-12-16\",\n    \"itemCondition\": \"https:\/\/schema.org\/UsedCondition\",\n    \"availability\": \"https:\/\/schema.org\/InStock\",\n    \"seller\": {\n      \"@type\": \"Organization\",\n      \"name\": \"Lotus Nguyen\"\n    }\n  }\n}\n<\/script><\/p>\n","protected":false},"excerpt":{"rendered":"<p>Hi\u1ec7n nay c\u00f3 r\u1ea5t nhi\u1ec1u du kh\u00e1ch mu\u1ed1n tr\u1ea3i nghi\u1ec7m c\u00e2u c\u00e1 , c\u00e2u m\u1ef1c hay l\u1eb7n ng\u1eafm san h\u00f4 . V\u1eady sao b\u1ea1n kh\u00f4ng thu\u00ea t\u00e0u \u0111i c\u00e2u c\u00e1 l\u1eb7n san h\u00f4 hay t\u00e0u \u0111i c\u00e2u m\u1ef1c ri\u00eang nh\u1ec9 . \u0110i\u1ec1u \u0111\u00f3 \u0111\u00e2u qu\u00e1 kh\u00f3 kh\u0103n hay chi ph\u00ed &#8220;si\u00eau kh\u1ee7ng&#8221; nh\u01b0 b\u1ea1n v\u1eabn [&hellip;]<\/p>\n","protected":false},"author":2,"featured_media":34688,"parent":0,"menu_order":0,"comment_status":"closed","ping_status":"closed","template":"","meta":{"footnotes":""},"yst_prominent_words":[],"class_list":["post-21580","page","type-page","status-publish","has-post-thumbnail","hentry"],"_links":{"self":[{"href":"https:\/\/phuquocxanh.com\/vi\/wp-json\/wp\/v2\/pages\/21580","targetHints":{"allow":["GET"]}}],"collection":[{"href":"https:\/\/phuquocxanh.com\/vi\/wp-json\/wp\/v2\/pages"}],"about":[{"href":"https:\/\/phuquocxanh.com\/vi\/wp-json\/wp\/v2\/types\/page"}],"author":[{"embeddable":true,"href":"https:\/\/phuquocxanh.com\/vi\/wp-json\/wp\/v2\/users\/2"}],"replies":[{"embeddable":true,"href":"https:\/\/phuquocxanh.com\/vi\/wp-json\/wp\/v2\/comments?post=21580"}],"version-history":[{"count":0,"href":"https:\/\/phuquocxanh.com\/vi\/wp-json\/wp\/v2\/pages\/21580\/revisions"}],"wp:featuredmedia":[{"embeddable":true,"href":"https:\/\/phuquocxanh.com\/vi\/wp-json\/wp\/v2\/media\/34688"}],"wp:attachment":[{"href":"https:\/\/phuquocxanh.com\/vi\/wp-json\/wp\/v2\/media?parent=21580"}],"wp:term":[{"taxonomy":"yst_prominent_words","embeddable":true,"href":"https:\/\/phuquocxanh.com\/vi\/wp-json\/wp\/v2\/yst_prominent_words?post=21580"}],"curies":[{"name":"wp","href":"https:\/\/api.w.org\/{rel}","templated":true}]}}