{"id":5006,"date":"2015-05-22T21:41:58","date_gmt":"2015-05-22T14:41:58","guid":{"rendered":"https:\/\/tourismphuquocisland.com\/vi\/?page_id=5006"},"modified":"2023-02-26T22:52:59","modified_gmt":"2023-02-26T15:52:59","slug":"cho-thue-xe-du-lich-tai-phu-quoc","status":"publish","type":"page","link":"https:\/\/phuquocxanh.com\/vi\/cho-thue-xe-du-lich-tai-phu-quoc\/","title":{"rendered":"Nh\u00e0 Xe Ph\u00fa Qu\u1ed1c &#8211; \u0110\u1ecba Ch\u1ec9 Cho thu\u00ea xe du l\u1ecbch t\u1ea1i Ph\u00fa Qu\u1ed1c"},"content":{"rendered":"<p><strong><span style=\"color: #008000;\">\u0110\u1ec3 \u0111i <a style=\"color: #008000;\" href=\"https:\/\/phuquocxanh.com\/vi\/\">du l\u1ecbch Ph\u00fa Qu\u1ed1c<\/a> m\u00e0 kh\u00f4ng \u0111i theo tour th\u00ec ch\u1eafc ch\u1eafn b\u1ea1n s\u1ebd c\u1ea7n 1 thu\u00ea xe t\u1ea1i Ph\u00fa Qu\u1ed1c \u0111\u1ec3 \u0111i th\u0103m quan \u0111\u00e2y \u0111\u00f3 . Hay b\u1ea1n c\u0169ng c\u1ea7n xe cho nh\u1eefng chuy\u1ebfn c\u00f4ng t\u00e1c c\u1ee7a m\u00ecnh t\u1ea1i Ph\u00fa Qu\u1ed1c . V\u1eady b\u1ea1n h\u00e3y t\u00ecm hi\u1ec3u v\u1ec1 <a style=\"color: #008000;\" href=\"https:\/\/phuquocxanh.com\/vi\/package\/cho-thue-xe-tai-phu-quoc\/\">thu\u00ea xe Ph\u00fa Qu\u1ed1c<\/a> c\u00f3 g\u00ec c\u1ea7n l\u01b0u \u00fd nh\u00e9.<\/span><\/strong><\/p>\n","protected":false},"excerpt":{"rendered":"<p>\u0110\u1ec3 \u0111i du l\u1ecbch Ph\u00fa Qu\u1ed1c m\u00e0 kh\u00f4ng \u0111i theo tour th\u00ec ch\u1eafc ch\u1eafn b\u1ea1n s\u1ebd c\u1ea7n 1 thu\u00ea xe t\u1ea1i Ph\u00fa Qu\u1ed1c \u0111\u1ec3 \u0111i th\u0103m quan \u0111\u00e2y \u0111\u00f3 . Hay b\u1ea1n c\u0169ng c\u1ea7n xe cho nh\u1eefng chuy\u1ebfn c\u00f4ng t\u00e1c c\u1ee7a m\u00ecnh t\u1ea1i Ph\u00fa Qu\u1ed1c . V\u1eady b\u1ea1n h\u00e3y t\u00ecm hi\u1ec3u v\u1ec1 thu\u00ea xe Ph\u00fa [&hellip;]<\/p>\n","protected":false},"author":2,"featured_media":34554,"parent":0,"menu_order":0,"comment_status":"closed","ping_status":"closed","template":"","meta":{"footnotes":""},"yst_prominent_words":[],"class_list":["post-5006","page","type-page","status-publish","has-post-thumbnail","hentry"],"_links":{"self":[{"href":"https:\/\/phuquocxanh.com\/vi\/wp-json\/wp\/v2\/pages\/5006","targetHints":{"allow":["GET"]}}],"collection":[{"href":"https:\/\/phuquocxanh.com\/vi\/wp-json\/wp\/v2\/pages"}],"about":[{"href":"https:\/\/phuquocxanh.com\/vi\/wp-json\/wp\/v2\/types\/page"}],"author":[{"embeddable":true,"href":"https:\/\/phuquocxanh.com\/vi\/wp-json\/wp\/v2\/users\/2"}],"replies":[{"embeddable":true,"href":"https:\/\/phuquocxanh.com\/vi\/wp-json\/wp\/v2\/comments?post=5006"}],"version-history":[{"count":0,"href":"https:\/\/phuquocxanh.com\/vi\/wp-json\/wp\/v2\/pages\/5006\/revisions"}],"wp:featuredmedia":[{"embeddable":true,"href":"https:\/\/phuquocxanh.com\/vi\/wp-json\/wp\/v2\/media\/34554"}],"wp:attachment":[{"href":"https:\/\/phuquocxanh.com\/vi\/wp-json\/wp\/v2\/media?parent=5006"}],"wp:term":[{"taxonomy":"yst_prominent_words","embeddable":true,"href":"https:\/\/phuquocxanh.com\/vi\/wp-json\/wp\/v2\/yst_prominent_words?post=5006"}],"curies":[{"name":"wp","href":"https:\/\/api.w.org\/{rel}","templated":true}]}}