{"id":6145,"date":"2015-09-09T09:11:51","date_gmt":"2015-09-09T02:11:51","guid":{"rendered":"https:\/\/phuquocxanh.com\/vi\/?page_id=6145"},"modified":"2026-01-06T15:22:27","modified_gmt":"2026-01-06T08:22:27","slug":"tour-phu-quoc-ghep-doan","status":"publish","type":"page","link":"https:\/\/phuquocxanh.com\/vi\/tour-phu-quoc-ghep-doan\/","title":{"rendered":"Top 10 Tour Gh\u00e9p Ph\u00fa Qu\u1ed1c H\u00e8 Gi\u00e1 T\u1ed1t Nh\u1ea5t 2026"},"content":{"rendered":"<p><strong><span style=\"color: #008000;\">T\u1ed5ng h\u1ee3p c\u00e1c <a href=\"https:\/\/phuquocxanh.com\/vi\/\">tour du l\u1ecbch ph\u00fa qu\u1ed1c<\/a> gh\u00e9p \u0111o\u00e0n si\u00eau ti\u1ebft ki\u1ec7m c\u1ee7a c\u00f4ng ty du l\u1ecbch ph\u00fa qu\u1ed1c xanh . \u0110i gh\u00e9p \u0111o\u00e0n vui h\u01a1n , ti\u1ebft ki\u1ec7m h\u01a1n&#8230;&#8230;&#8230;&#8230;H\u00e3y c\u00f9ng l\u00ean k\u1ebf ho\u1ea1ch cho chuy\u1ebfn \u0111i Ph\u00fa Qu\u1ed1c c\u1ee7a b\u1ea1n ngay h\u00f4m nay th\u00f4i .<\/span><\/strong><\/p>\n<p style=\"text-align: center;\"><span style=\"color: #ff0000;\"><strong>\u00a0Qu\u00fd kh\u00e1ch vui l\u00f2ng li\u00ean h\u1ec7 tr\u1ef1c ti\u1ebfp qua \u0111i\u1ec7n tho\u1ea1i \/ zalo \/ chat \u0111\u1ec3 \u0111\u01b0\u1ee3c t\u01b0 v\u1ea5n chi ti\u1ebft v\u1ec1 th\u1eddi gian kh\u1edfi h\u00e0nh<\/strong><\/span><\/p>\n","protected":false},"excerpt":{"rendered":"<p>T\u1ed5ng h\u1ee3p c\u00e1c tour du l\u1ecbch ph\u00fa qu\u1ed1c gh\u00e9p \u0111o\u00e0n si\u00eau ti\u1ebft ki\u1ec7m c\u1ee7a c\u00f4ng ty du l\u1ecbch ph\u00fa qu\u1ed1c xanh . \u0110i gh\u00e9p \u0111o\u00e0n vui h\u01a1n , ti\u1ebft ki\u1ec7m h\u01a1n&#8230;&#8230;&#8230;&#8230;H\u00e3y c\u00f9ng l\u00ean k\u1ebf ho\u1ea1ch cho chuy\u1ebfn \u0111i Ph\u00fa Qu\u1ed1c c\u1ee7a b\u1ea1n ngay h\u00f4m nay th\u00f4i . \u00a0Qu\u00fd kh\u00e1ch vui l\u00f2ng li\u00ean h\u1ec7 tr\u1ef1c ti\u1ebfp [&hellip;]<\/p>\n","protected":false},"author":2,"featured_media":31138,"parent":0,"menu_order":0,"comment_status":"closed","ping_status":"closed","template":"","meta":{"footnotes":""},"yst_prominent_words":[],"class_list":["post-6145","page","type-page","status-publish","has-post-thumbnail","hentry"],"_links":{"self":[{"href":"https:\/\/phuquocxanh.com\/vi\/wp-json\/wp\/v2\/pages\/6145","targetHints":{"allow":["GET"]}}],"collection":[{"href":"https:\/\/phuquocxanh.com\/vi\/wp-json\/wp\/v2\/pages"}],"about":[{"href":"https:\/\/phuquocxanh.com\/vi\/wp-json\/wp\/v2\/types\/page"}],"author":[{"embeddable":true,"href":"https:\/\/phuquocxanh.com\/vi\/wp-json\/wp\/v2\/users\/2"}],"replies":[{"embeddable":true,"href":"https:\/\/phuquocxanh.com\/vi\/wp-json\/wp\/v2\/comments?post=6145"}],"version-history":[{"count":3,"href":"https:\/\/phuquocxanh.com\/vi\/wp-json\/wp\/v2\/pages\/6145\/revisions"}],"predecessor-version":[{"id":43088,"href":"https:\/\/phuquocxanh.com\/vi\/wp-json\/wp\/v2\/pages\/6145\/revisions\/43088"}],"wp:featuredmedia":[{"embeddable":true,"href":"https:\/\/phuquocxanh.com\/vi\/wp-json\/"}],"wp:attachment":[{"href":"https:\/\/phuquocxanh.com\/vi\/wp-json\/wp\/v2\/media?parent=6145"}],"wp:term":[{"taxonomy":"yst_prominent_words","embeddable":true,"href":"https:\/\/phuquocxanh.com\/vi\/wp-json\/wp\/v2\/yst_prominent_words?post=6145"}],"curies":[{"name":"wp","href":"https:\/\/api.w.org\/{rel}","templated":true}]}}