{"id":7339,"date":"2015-12-08T22:30:30","date_gmt":"2015-12-08T15:30:30","guid":{"rendered":"https:\/\/phuquocxanh.com\/vi\/?page_id=7339"},"modified":"2023-02-24T17:32:46","modified_gmt":"2023-02-24T10:32:46","slug":"cung-cap-phan-phoi-ghe-hai-san-phu-quoc-tai-ho-chi-minh","status":"publish","type":"page","link":"https:\/\/phuquocxanh.com\/vi\/cung-cap-phan-phoi-ghe-hai-san-phu-quoc-tai-ho-chi-minh\/","title":{"rendered":"Cung C\u1ea5p , Ph\u00e2n Ph\u1ed1i Gh\u1eb9 , H\u1ea3i S\u1ea3n Ph\u00fa Qu\u1ed1c t\u1ea1i H\u1ed3 Ch\u00ed Minh"},"content":{"rendered":"<h3><span style=\"color: #008000;\"><strong>C\u00f4ng ty ch\u00fang t\u00f4i chuy\u00ean t\u1ed5 ch\u1ee9c <a style=\"color: #008000;\" href=\"https:\/\/phuquocxanh.com\/vi\/\">tour Ph\u00fa Qu\u1ed1c<\/a>, hi\u1ec7n t\u1ea1i ch\u00fang t\u00f4i \u0111ang c\u00f3 v\u0103n ph\u00f2ng t\u1ea1i TP H\u1ed3 Ch\u00ed Minh v\u00e0 Ph\u00fa Qu\u1ed1c. Do nhu c\u1ea7u c\u1ee7a b\u1ea1n b\u00e8 v\u00e0 kh\u00e1ch h\u00e0ng quen mu\u1ed1n mua h\u1ea3i s\u1ea3n v\u00e0 \u0111\u1eb7c s\u1ea3n Ph\u00fa Qu\u1ed1c n\u00ean ch\u00fang t\u00f4i cung c\u1ea5p d\u1ecbch v\u1ee5 ph\u00e2n ph\u1ed1i h\u1ea3i s\u1ea3n t\u01b0\u01a1i s\u1ed1ng \u0111\u1eb7c bi\u1ec7t l\u00e0 gh\u1eb9 t\u01b0\u01a1i \u0111\u1ebfn t\u1eadn tay qu\u00fd kh\u00e1ch h\u00e0ng t\u1ea1i TP H\u1ed3 Ch\u00ed Minh v\u00e0 l\u00e2n c\u1eadn .<\/strong><\/span><\/h3>\n<p><a href=\"https:\/\/phuquocxanh.com\/vi\/wp-content\/uploads\/2015\/12\/40538-hai-san-phu-quoc-tuoi-song.jpg\"><img loading=\"lazy\" decoding=\"async\" class=\"alignnone size-full wp-image-7340\" src=\"https:\/\/phuquocxanh.com\/vi\/wp-content\/uploads\/2015\/12\/40538-hai-san-phu-quoc-tuoi-song.jpg\" alt=\"40538 hai san phu quoc tuoi song\" width=\"676\" height=\"394\" \/><\/a><\/p>\n<h3><span style=\"color: #008000;\"><strong>\u0110\u1eb7c bi\u1ec7t v\u1edbi gh\u1eb9 t\u01b0\u01a1i c\u1ee7a ch\u00fang t\u00f4i :<\/strong><\/span><\/h3>\n<p>+ Gh\u1eb9 m\u1edbi \u0111\u00e1nh b\u1eaft v\u00e0 v\u1ec1 trong ng\u00e0y n\u00ean lu\u00f4n lu\u00f4n t\u01b0\u01a1i ngon , KHI CHUY\u1ec2N \u0110\u1ebeN TAY QU\u00dd KH\u00c1CH GH\u1eb8 V\u1eaaN C\u00d2N S\u1ed0NG , BAO GH\u1eb8 CH\u1eaeC N\u1ebeU X\u1ed0P\u00a0 HO\u00c0N TI\u1ec0N<\/p>\n<p>+ \u0110a d\u1ea1ng v\u1ec1 ch\u1ee7ng lo\u1ea1i , k\u00edch c\u1ee1 : 3-4 con \/ 1kg, 5-6 con \/ 1 kg , 7-8 con \/ 1 kg..<\/p>\n<p>+ V\u1eadn chuy\u1ec3n b\u1eb1ng \u0111\u01b0\u1eddng h\u00e0ng kh\u00f4ng , \u0111\u00f3ng oxi , kh\u00f4ng \u0111\u00f3ng \u0111\u00e1 l\u1ea1nh n\u00ean khi nh\u1eadn h\u00e0ng gh\u1eb9 v\u1eabn s\u1ed1ng , v\u1eabn b\u01a1i<\/p>\n<p>+ Lu\u00f4n lu\u00f4n c\u00f3 s\u1eb5n h\u00e0ng s\u1ed1 l\u01b0\u1ee3ng l\u1edbn , ch\u1ea5t l\u01b0\u1ee3ng cao<\/p>\n<p><a href=\"https:\/\/phuquocxanh.com\/vi\/wp-content\/uploads\/2015\/12\/hai-san-phu-quoc-tuoi-song-12.jpg\"><img loading=\"lazy\" decoding=\"async\" class=\"alignnone size-full wp-image-7342\" src=\"https:\/\/phuquocxanh.com\/vi\/wp-content\/uploads\/2015\/12\/hai-san-phu-quoc-tuoi-song-12.jpg\" alt=\"hai san phu quoc tuoi song- (12)\" width=\"710\" height=\"500\" \/><\/a><\/p>\n<h3><span style=\"color: #008000;\"><strong>B\u1ea2NG GI\u00c1 GH\u1eb8 XANH BI\u1ec2N T\u01af\u01a0I THAM KH\u1ea2O<\/strong><\/span><\/h3>\n<p>(Gi\u00e1 \u0111\u00e3 bao g\u1ed3m c\u01b0\u1edbc v\u1eadn chuy\u1ec3n v\u00e0 \u0111\u00f3ng g\u00f3i)<\/p>\n<p><strong>K\u00edch C\u1ee1 \u00a0\u00a0\u00a0\u00a0\u00a0\u00a0\u00a0\u00a0\u00a0\u00a0\u00a0\u00a0\u00a0\u00a0\u00a0\u00a0\u00a0\u00a0\u00a0\u00a0\u00a0\u00a0\u00a0\u00a0\u00a0\u00a0\u00a0\u00a0\u00a0\u00a0\u00a0\u00a0\u00a0\u00a0\u00a0\u00a0\u00a0\u00a0\u00a0\u00a0\u00a0\u00a0\u00a0\u00a0\u00a0\u00a0\u00a0\u00a0\u00a0\u00a0\u00a0\u00a0\u00a0\u00a0\u00a0\u00a0 Gi\u00e1<\/strong><\/p>\n<p><em>2-3con\/ 1kg \u00a0\u00a0 \u00a0 \u00a0 \u00a0 \u00a0 \u00a0 \u00a0 \u00a0 \u00a0 \u00a0 \u00a0 \u00a0 \u00a0 \u00a0 \u00a0 \u00a0 \u00a0 \u00a0 \u00a0 \u00a0 \u00a0\u00a0350.000 \/ 1kg \u00a0\u00a0\u00a0\u00a0\u00a0\u00a0<\/em><\/p>\n<p><em>3-5 con \/ 1kg \u00a0 \u00a0 \u00a0 \u00a0 \u00a0 \u00a0 \u00a0 \u00a0 \u00a0 \u00a0 \u00a0 \u00a0 \u00a0 \u00a0 \u00a0 \u00a0 \u00a0 \u00a0 \u00a0 \u00a0 \u00a0 270.000 \/ 1kg<\/em><\/p>\n<p><em>6-8con\/ 1 kg \u00a0 \u00a0 \u00a0 \u00a0 \u00a0 \u00a0 \u00a0 \u00a0 \u00a0 \u00a0 \u00a0 \u00a0 \u00a0 \u00a0 \u00a0 \u00a0 \u00a0 \u00a0 \u00a0 \u00a0 \u00a0250.000 \/ 1kg<\/em><\/p>\n<p>Gh\u1eb9 l\u00e0 m\u1ed9t lo\u00e0i\u00a0h\u1ea3i s\u1ea3n\u00a0\u0111\u01b0\u1ee3c nhi\u1ec1u ng\u01b0\u1eddi \u01b0a th\u00edch. C\u00f3 nhi\u1ec1u lo\u1ea1i nh\u01b0 gh\u1eb9 hoa, gh\u1eb9 \u0111\u1ecf, gh\u1eb9 ba ch\u1ea5m\u2026 nh\u01b0ng\u00a0gh\u1eb9 xanh\u00a0\u0111\u01b0\u1ee3c \u0111\u00e1nh gi\u00e1 l\u00e0 c\u00f3 gi\u00e1 tr\u1ecb h\u01a1n c\u1ea3 v\u00ec to v\u00e0 cho th\u1ecbt ng\u1ecdt, th\u01a1m<\/p>\n<p>Gh\u1eb9 xanh xu\u1ea5t hi\u1ec7n kh\u00e1 ph\u1ed5 bi\u1ebfn \u1edf kh\u1eafp c\u00e1c v\u00f9ng bi\u1ec3n c\u1ee7a Vi\u1ec7t\u00a0Nam. Gh\u1eb9 xanh \u01b0a th\u00edch s\u1ed1ng \u1edf v\u00f9ng n\u01b0\u1edbc c\u00f3 \u0111\u1ed9 m\u1eb7n 25-31\u2030 v\u00e0 th\u01b0\u1eddng s\u1ed1ng \u1edf \u0111\u1ed9 s\u00e2u t\u1eeb 4 \u0111\u1ebfn 10m n\u01b0\u1edbc \u1edf nh\u1eefng v\u00f9ng bi\u1ec3n c\u00f3 \u0111\u00e1y l\u00e0 c\u00e1t, c\u00e1t b\u00f9n v\u00e0 c\u00e1t b\u00f9n c\u00f3 san h\u00f4 ch\u1ebft.<\/p>\n<p>M\u00f9a sinh s\u1ea3n c\u1ee7a gh\u1eb9 k\u00e9o d\u00e0i quanh n\u0103m, nh\u01b0ng th\u1eddi gian gh\u1eb9 xanh \u00f4m tr\u1ee9ng nhi\u1ec1u nh\u1ea5t l\u00e0 th\u00e1ng 2-4 \u1edf v\u00f9ng bi\u1ec3n mi\u1ec1n Trung. C\u0169ng nh\u01b0 c\u00e1c lo\u00e0i cua bi\u1ec3n, sau khi n\u1edf \u1ea5u tr\u00f9ng gh\u1eb9 xanh ph\u1ea3i qua nhi\u1ec1u l\u1ea7n l\u1ed9t v\u1ecf v\u00e0 bi\u1ebfn th\u00e1i m\u1edbi tr\u1edf th\u00e0nh gh\u1eb9 gi\u1ed1ng. \u0110\u1ebfn m\u00f9a sinh s\u1ea3n gh\u1eb9 xanh k\u1ebft th\u00e0nh \u0111\u00e0n ra bi\u1ec3n, n\u01a1i c\u00f3 \u0111\u1ed9 m\u1eb7n 30 \u2013 34\u2030 \u0111\u1ec3 \u0111\u1ebb tr\u1ee9ng.<\/p>\n<p><strong>\u0110\u1eb7c \u0111i\u1ec3m h\u00ecnh th\u00e1i :<\/strong><\/p>\n<p>Gh\u1eb9 th\u01b0\u1eddng c\u00f3 v\u1ecf m\u00e0u xanh, c\u00f3 c\u00e1c ch\u1ea5m tr\u1eafng.<\/p>\n<p>Gh\u1eb9 \u0111\u1ef1c c\u00f3 v\u1ecf m\u00e0u lam s\u00e1ng v\u1edbi c\u00e1c \u0111\u1ed1m tr\u1eafng v\u00e0 c\u00e1c\u00a0c\u00e0ng\u00a0d\u00e0i \u0111\u1eb7c tr\u01b0ng, trong khi gh\u1eb9 c\u00e1i c\u00f3 m\u00e0u n\u00e2u\/l\u1ee5c x\u1ec9n m\u00e0u h\u01a1n v\u00e0\u00a0mai thu\u00f4n tr\u00f2n h\u01a1n. Mai c\u1ee7a ch\u00fang c\u00f3 th\u1ec3 r\u1ed9ng t\u1edbi 20\u00a0cm.<\/p>\n<p><strong>Qui c\u00e1ch<\/strong>:\u00a0gh\u1eb9 \u00a0t\u01b0\u01a1i s\u1ed1ng Ph\u00fa Qu\u1ed1c\u00a0giao h\u00e0ng t\u1eadn n\u01a1i, t\u1edbi n\u01a1i c\u00f2n b\u01a1i.<\/p>\n<p><a href=\"https:\/\/phuquocxanh.com\/vi\/wp-content\/uploads\/2015\/12\/hai-san-phu-quoc-tuoi-song.jpg\"><img loading=\"lazy\" decoding=\"async\" class=\"size-full wp-image-7344 aligncenter\" src=\"https:\/\/phuquocxanh.com\/vi\/wp-content\/uploads\/2015\/12\/hai-san-phu-quoc-tuoi-song.jpg\" alt=\"hai san phu quoc tuoi song\" width=\"300\" height=\"201\" \/><\/a><\/p>\n<p><strong>Gi\u00e1 Gh\u1eb9 xanh<\/strong>:\u00a0gi\u00e1 gh\u1eb9 xanh\u00a0nhi\u00eau ti\u1ec1n 1kg? Gi\u00e1 c\u1ea3 c\u00f3 th\u1ec3 thay \u0111\u1ed5i tu\u1ef3 ng\u00e0y.<\/p>\n<p><strong>M\u00e1ch nh\u1ecf\u00a0:<\/strong>\u00a0L\u1ef1a gh\u1eb9 ph\u1ea3i ch\u1ecdn con th\u1eadt ch\u1eafc, c\u1ea7m n\u1eb7ng tay.<\/p>\n<p>&#8211; N\u1ebfu b\u1ea1n th\u00edch \u0103n gh\u1eb9 th\u1ecbt th\u00ec ch\u1ecdn con \u0111\u1ef1c (\u00a0Gh\u1eb9 \u0111\u1ef1c th\u00ec y\u1ebfm (v\u00f9ng tam gi\u00e1c ph\u00eda d\u01b0\u1edbi b\u1ee5ng) nh\u1ecf, gh\u1eb9 c\u00e1i th\u00ec y\u1ebfm to.), b\u1ea1n b\u1ea5m tay v\u00e0o d\u01b0\u1edbi y\u1ebfm gh\u1eb9 (b\u1ea5m ng\u00f3n tay c\u00e1i v\u00e0o n\u1ea5c th\u1ee9 hai t\u1eeb d\u01b0\u1edbi \u0111\u1ebfm l\u00ean, b\u00ean ph\u1ea3i con gh\u1eb9) kh\u00f4ng b\u1ecb l\u00f5m v\u00e0o trong l\u00e0 gh\u1eb9 ch\u1eafc th\u1ecbt.<\/p>\n<p>&#8211;\u00a0\u00a0N\u1ebfu th\u00edch \u0103n gh\u1eb9 c\u00f3 g\u1ea1ch th\u00ec ch\u1ecdn con c\u00e1i. Nh\u1eefng con n\u00e0y c\u00f3 m\u00e0u h\u01a1i ng\u1ea3 v\u00e0ng, c\u00e1c ch\u00e2n c\u1ee7a ch\u00fang b\u00f3p r\u1ea5t ch\u1eafc ch\u1ee9 kh\u00f4ng m\u1ec1m ho\u1eb7c h\u01a1i l\u00f5m.<\/p>\n<p>T\u1ed1t nh\u1ea5t n\u00ean ch\u1ecdn gh\u1eb9 c\u00f2n s\u1ed1ng. Theo kinh nghi\u1ec7m c\u00e1 nh\u00e2n Gh\u1eb9 \u0103n ngon th\u01b0\u1eddng c\u00f3 tr\u1ecdng l\u01b0\u1ee3ng t\u1eeb 3 \u2013 5 con\/kg.\u00a0Khi mua gh\u1eb9, n\u00ean l\u01b0u \u00fd l\u00e0 kh\u00f4ng mua v\u00e0o \u201cm\u00f9a tr\u0103ng\u201d (t\u1eeb 14 -16 \u00e2m l\u1ecbch), v\u00ec th\u1eddi \u0111i\u1ec3m n\u00e0y gh\u1eb9 kh\u00f4ng \u0111i \u0103n n\u00ean gh\u1eb9 \u1ed1m, d\u1ec5 b\u1ecb \u00f3p, th\u1ecbt kh\u00f4ng \u0111\u01b0\u1ee3c ch\u1eafc v\u00e0 ng\u1ecdt<\/p>\n<h3><strong>Mua\u00a0Gh\u1eb9 xanh\u00a0 \u1edf \u0111\u00e2u?\u00a0<\/strong><\/h3>\n<p>Hi\u1ec7n t\u1ea1i ch\u00fang t\u00f4i \u0111ang ng\u01b0ng \u0111\u1ec3 s\u1eeda ch\u1eefa. Xin c\u1ea3m \u01a1n<\/p>\n<h3><strong>C\u00e1c m\u00f3n ngon t\u1eeb Gh\u1eb9 xanh<\/strong><\/h3>\n<p>Gh\u1eb9 c\u00f3 th\u1ec3 ch\u1ebf bi\u1ebfn th\u00e0nh nhi\u1ec1u m\u00f3n \u0103n th\u01a1m ngon, h\u1ea5p d\u1eabn: lu\u1ed9c, n\u01b0\u1edbng, h\u1ea5p, n\u1ea5u ch\u00e1o, n\u1ea5u l\u1ea9u,\u2026Nh\u01b0ng theo kinh nghi\u1ec7m b\u1ea3n th\u00e2n m\u00f3n ngon nh\u1ea5t v\u1eabn l\u00e0 h\u1ea5p bia, \u0103n k\u00e8m mu\u1ed1i ti\u00eau chanh \u1edbt ( Th\u1ea5y m\u1eb9 d\u00e3 mu\u1ed1i \u1edbt xanh b\u1ecf m\u1ed9t \u00edt \u0111\u01b0\u1eddng, \u0103n th\u1ea5y cay the the, ng\u1ecdt \u0111\u1ea7u l\u01b0\u1ee1i l\u00e0 nh\u1ea5t. D\u00e3 mu\u1ed1i nh\u01b0 v\u1eady th\u00ec hao bia l\u1eafm !)<\/p>\n<p><strong>C\u00e1ch Ch\u1ebf bi\u1ebfn<\/strong>: Gh\u1eb9 sau khi r\u1eeda s\u1ea1ch, x\u1ebfp v\u00e0o m\u1ed9t c\u00e1i xoong, cho 1 \u00edt bia v\u00e0o sau \u0111\u00f3 b\u1eaft l\u00ean b\u1ebfp cho l\u1eeda l\u1edbn, ch\u1ec9 c\u1ea7n n\u01b0\u1edbc s\u00f4i b\u00f9ng l\u00ean l\u00e0 t\u1eaft b\u1ebfp (khi h\u1ea5p gh\u1eb9 n\u00f3i ri\u00eang v\u00e0\u00a0h\u1ea3i s\u1ea3n\u00a0n\u00f3i chung, n\u00ean \u0103n khi v\u1eeba ch\u00edn t\u1edbi, tr\u00e1nh \u0111\u1ec3 tr\u00ean b\u1ebfp qu\u00e1 l\u00e2u v\u00ec th\u1ecbt b\u1ecb ng\u00f3t v\u00e0 v\u1ecb ng\u1ecdt gi\u1ea3m h\u1eb3n).\u00a0V\u1ecb ng\u1ecdt c\u1ee7a gh\u1eb9, quy\u1ec7n v\u1edbi v\u1ecb cay n\u1ed3ng c\u1ee7a mu\u1ed1i ti\u00eau chanh \u1edbt s\u1ebd l\u00e0m b\u1ea1n kh\u00f3 qu\u00ean. \u0110\u1eb7c bi\u1ec7t khi ch\u1ebf bi\u1ebfn m\u00f3n gh\u1eb9 bi\u1ec3n n\u00ean h\u1ea1n ch\u1ebf n\u00eam n\u1ebfm \u00edt gia v\u1ecb, \u0111\u1ec3 gi\u1eef l\u1ea1i v\u1ecb ng\u1ecdt t\u1ef1 nhi\u00ean c\u1ee7a n\u00f3. C\u1ea7u k\u1ef3 h\u01a1n th\u00ec l\u00e0m c\u00e1c m\u00f3n nh\u01b0:<\/p>\n<ol>\n<li>\n<h4><strong> Gh\u1eb9 h\u1ea5p<\/strong><\/h4>\n<\/li>\n<\/ol>\n<p><a href=\"https:\/\/phuquocxanh.com\/vi\/wp-content\/uploads\/2015\/12\/hai-san-phu-quoc-tuoi-song-08044.jpg\"><img loading=\"lazy\" decoding=\"async\" class=\"alignnone size-full wp-image-7346\" src=\"https:\/\/phuquocxanh.com\/vi\/wp-content\/uploads\/2015\/12\/hai-san-phu-quoc-tuoi-song-08044.jpg\" alt=\"hai san phu quoc tuoi song-08044\" width=\"600\" height=\"450\" \/><\/a><\/p>\n<h4><strong>2.Gh\u1eb9 s\u1ed1t me<\/strong><\/h4>\n<p><a href=\"https:\/\/phuquocxanh.com\/vi\/wp-content\/uploads\/2015\/12\/hai-san-phu-quoc-tuoi-song-6-10.jpg\"><img loading=\"lazy\" decoding=\"async\" class=\"alignnone size-full wp-image-7343\" src=\"https:\/\/phuquocxanh.com\/vi\/wp-content\/uploads\/2015\/12\/hai-san-phu-quoc-tuoi-song-6-10.jpg\" alt=\"hai san phu quoc tuoi song 6-10\" width=\"500\" height=\"375\" \/><\/a><\/p>\n<h4><strong>3.B\u00e1nh canh gh\u1eb9<\/strong><\/h4>\n<p><a href=\"https:\/\/phuquocxanh.com\/vi\/wp-content\/uploads\/2015\/12\/banh-canh-ghe-phu-quoc.jpg\"><img loading=\"lazy\" decoding=\"async\" class=\"alignnone size-full wp-image-7347\" src=\"https:\/\/phuquocxanh.com\/vi\/wp-content\/uploads\/2015\/12\/banh-canh-ghe-phu-quoc.jpg\" alt=\"banh canh ghe phu quoc\" width=\"500\" height=\"332\" \/><\/a><\/p>\n<h4><strong>4.L\u1ea9u gh\u1eb9<\/strong><\/h4>\n<p><a href=\"https:\/\/phuquocxanh.com\/vi\/wp-content\/uploads\/2015\/12\/lau-ghe-phu-quoc.jpg\"><img loading=\"lazy\" decoding=\"async\" class=\"alignnone size-full wp-image-7348\" src=\"https:\/\/phuquocxanh.com\/vi\/wp-content\/uploads\/2015\/12\/lau-ghe-phu-quoc.jpg\" alt=\"lau ghe phu quoc\" width=\"646\" height=\"462\" \/><\/a><\/p>\n<p><strong>GIAO H\u00c0NG T\u1eacN N\u01a0I TRONG N\u1ed8I TH\u00c0NH GI\u00c1 C\u1ea2 C\u1ea0NH TRANH<\/strong><em><br \/>\n<em>******************\u00a0MUA 2KG TR\u1ede L\u00caN GIAO H\u00c0NG MI\u1ec4N PH\u00cd\u00a0******************<\/em><\/em><br \/>\nGI\u00c1 LU\u00d4N THAY \u0110\u1ed4I T\u1eeaNG TH\u1edcI \u0110I\u1ec2M<\/p>\n<p>&nbsp;<\/p>\n<p><strong>QUY TR\u00ccNH MUA H\u00c0NG<\/strong><\/p>\n<p>\u0110\u1ec3 ORDER H\u00c0NG: qu\u00fd kh\u00e1ch vui l\u00f2ng g\u1ecdi \u0111i\u1ec7n tho\u1ea1i ho\u1eb7c \u00a0nh\u1eafn tin v\u00e0o s\u1ed1 \u0111i\u1ec7n tho\u1ea1i 0862719982 \u2013 0963551271 -0963551271 theo c\u00fa ph\u00e1p &#8220;S\u1ea3n ph\u1ea9m c\u1ea7n order + t\u00ean + \u0111\u1ecba ch\u1ec9 ng\u01b0\u1eddi nh\u1eadn h\u00e0ng + c\u00e1ch th\u1ee9c thanh to\u00e1n&#8221;<\/p>\n<p>C\u00f3 hai h\u00ecnh th\u1ee9c thanh to\u00e1n:<\/p>\n<p>1. Ti\u1ec1n m\u1eb7t : Qu\u00fd kh\u00e1ch vui l\u00f2ng \u0111\u1eb7t c\u1ecdc 30% gi\u00e1 tr\u1ecb \u0111\u01a1n h\u00e0ng t\u1ea1i v\u0103n ph\u00f2ng c\u1ee7a ch\u00fang t\u00f4i t\u1ea1i Tp H\u1ed3 Ch\u00ed Minh , ch\u1ec9 t\u1ea1i Tp HCM. T\u00e2n s\u1ebd giao h\u00e0ng t\u1edbi \u0111\u1ecba ch\u1ec9 c\u1ee7a kh\u00e1ch v\u00e0 thu ti\u1ec1n h\u00e0ng, ph\u00ed ship 25.000\/\u0111\u01a1n h\u00e0ng . C\u00e1c qu\u1eadn Q2, Q4, Q7, Q12 B\u00ecnh Ch\u00e1nh, Th\u1ee7 \u0110\u1ee9c, H\u00f3c M\u00f4n, Nh\u00e0 B\u00e8 ph\u00ed ship 40.000 \/ \u0111\u01a1n h\u00e0ng( c\u00e1c v\u00f9ng l\u00e2n c\u1eadn : \u0110\u1ed3ng Nai , B\u00ecnh D\u01b0\u01a1ng , \u2026 vui l\u00f2ng li\u00ean h\u1ec7 \u0111\u1ec3 \u0111\u01b0\u1ee3c b\u00e1o gi\u00e1)<\/p>\n<p>2. Chuy\u1ec3n kho\u1ea3n : Qu\u00fd kh\u00e1ch \u0111\u1eb7t c\u1ecdc v\u00e0 thanh to\u00e1n b\u1eb1ng chuy\u1ec3n kho\u1ea3n ch\u00fang t\u00f4i s\u1ebd giao h\u00e0ng t\u1edbi \u0111\u1ecba ch\u1ec9 c\u1ee7a kh\u00e1ch v\u00e0 thu ti\u1ec1n h\u00e0ng, ph\u00ed ship 25.000\/\u0111\u01a1n h\u00e0ng . C\u00e1c qu\u1eadn Q2, Q4, Q7, Q12 B\u00ecnh Ch\u00e1nh, Th\u1ee7 \u0110\u1ee9c, H\u00f3c M\u00f4n, Nh\u00e0 B\u00e8 ph\u00ed ship 40.000 \/ \u0111\u01a1n h\u00e0ng( c\u00e1c v\u00f9ng l\u00e2n c\u1eadn : \u0110\u1ed3ng Nai , B\u00ecnh D\u01b0\u01a1ng , \u2026 vui l\u00f2ng li\u00ean h\u1ec7 \u0111\u1ec3 \u0111\u01b0\u1ee3c b\u00e1o gi\u00e1)<br \/>\nV\u00ed d\u1ee5: so\u1ea1n m\u1eabu tin: &#8220;10kg ghe Nguy\u1ec5n Ng\u1ecdc N, 123 duong SKGP, P3, Q4, TpHCM, CK&#8221;<\/p>\n<p>Tin nh\u1eafn kh\u00f4ng \u0111\u1ea7y \u0111\u1ee7 th\u00f4ng tin s\u1ebd ch\u1eadm tr\u1ec5 giao d\u1ecbch h\u01a1n v\u00ec ph\u1ea3i x\u00e1c minh l\u1ea1i th\u00f4ng tin.<\/p>\n<p>S\u1ed1 \u0111i\u1ec7n tho\u1ea1i <strong>0939743036 ( Anh Long) &#8211; 0932995481 ( Ch\u1ecb T\u00ecnh)\u00a0<\/strong>ch\u1ec9 giao d\u1ecbch trong gi\u1edd l\u00e0m vi\u1ec7c, ngo\u00e0i gi\u1edd l\u00e0m vi\u1ec7c c\u00e1c b\u1ea1n vui l\u00f2ng \u0111\u1ec3 l\u1ea1i tin nh\u1eafn, ch\u00fang t\u00f4i s\u1ebd s\u1edbm ph\u1ea3n h\u1ed3i.<\/p>\n<p><strong>PH\u01af\u01a0NG TH\u1ee8C THANH TO\u00c1N<\/strong><\/p>\n<p>1. \u0110\u1ed1i v\u1edbi kh\u00e1ch h\u00e0ng \u1edf HCM: \u0111\u1eb7t c\u1ecdc t\u1ea1i v\u0103n ph\u00f2ng v\u00e0 thanh to\u00e1n s\u1ed1 ti\u1ec1n c\u00f2n l\u1ea1i khi nh\u1eadn h\u00e0ng.<br \/>\n2. \u0110\u1ed1i v\u1edbi kh\u00e1ch h\u00e0ng \u1edf c\u00e1c t\u1ec9nh: thanh to\u00e1n tr\u01b0\u1edbc 100% gi\u00e1 tr\u1ecb \u0111\u01a1n h\u00e0ng + ship v\u00e0o t\u00e0i kho\u1ea3n:<\/p>\n<p>1, \u00a0TR\u1ea6N TH\u1eca HO\u00c0I TRINH<\/p>\n<p>S\u1ed1 TK : 070054514865<\/p>\n<p>Ng\u00e2n h\u00e0ng S\u00e0i G\u00f2n Th\u01b0\u01a1ng T\u00edn Sacombank chi nh\u00e1nh Ph\u00fa Qu\u1ed1c , Ki\u00ean Giang<\/p>\n<p>2, TR\u1ea6N TH\u1eca HO\u00c0I TRINH<\/p>\n<p>S\u1ed1 TK : 0091000600902<\/p>\n<p>Ng\u00e2n h\u00e0ng Vietcombank chi nh\u00e1nh Ph\u00fa Qu\u1ed1c , Ki\u00ean Giang<br \/>\n3. Nh\u1eafn tin th\u00f4ng b\u00e1o cho m\u00ecnh v\u1ec1 s\u1ed1 ti\u1ec1n \u0111\u00e3 chuy\u1ec3n v\u00e0 t\u00ean ng\u01b0\u1eddi mua h\u00e0ng<\/p>\n<p><strong>CAM K\u1ebeT:<\/strong><\/p>\n<p><em>&#8211; Ch\u1ea5t l\u01b0\u1ee3ng h\u00e0ng h\u00f3a lu\u00f4n l\u00e0 t\u1ed1t nh\u1ea5t. ch\u00fang t\u00f4i mu\u1ed1n x\u00e2y d\u1ef1ng th\u01b0\u01a1ng hi\u1ec7u n\u00ean \u00a0mua h\u00e0ng ch\u1ed7 s\u1ebd kh\u00f4ng m\u1eafc c\u00f4ng ki\u1ec3m tra l\u1ea1i.<\/em><br \/>\n<em> &#8211; Gi\u00e1 c\u1ea3 \u0111\u01b0\u1ee3c c\u1eadp nh\u1eadt th\u01b0\u1eddng xuy\u00ean v\u00e0 lu\u00f4n r\u1ebb h\u01a1n. Gi\u00e1 ch\u00fang t\u00f4i \u00a0b\u00e1n c\u00f3 th\u1ec3 s\u1ebd r\u1ebb h\u01a1n b\u1ea1n mua ngay t\u1ea1i Ph\u00fa Qu\u1ed1c.<\/em><br \/>\n<em> &#8211; N\u1ebfu GH\u1eb8\u00a0 CH\u1ebeT HO\u1eb6C GH\u1eb8\u00a0 X\u1ed0P, b\u1ea1n c\u00f3 quy\u1ec1n kh\u00f4ng nh\u1eadn h\u00e0ng v\u00e0 \u0111\u01b0\u1ee3c ho\u00e0n ti\u1ec1n \u0111\u1ea7y \u0111\u1ee7.<\/em><\/p>\n<p><strong>TH\u00d4NG TIN LI\u00caN H\u1ec6 :<\/strong><\/p>\n<h3>\u0110C: 28\/324C Th\u1ed1ng Nh\u1ea5t, Ph\u01b0\u1eddng 15, Qu\u1eadn G\u00f2 V\u1ea5p, Th\u00e0nh ph\u1ed1 H\u1ed3 Ch\u00ed Minh<\/h3>\n<h3>\u00a0VPGD: 44 L\u00fd Th\u01b0\u1eddng Ki\u1ec7t , TT D\u01b0\u01a1ng \u0110\u00f4ng , huy\u1ec7n \u0111\u1ea3o Ph\u00fa Qu\u1ed1c , t\u1ec9nh Ki\u00ean Giang , Vi\u1ec7t Nam<\/h3>\n<h3>\u00a0Email : dulichphuquocxanh@gmail.com<\/h3>\n<h3>\u00a0\u0110T: <strong>0939743036 ( Anh Long) &#8211; 0932995481 ( Ch\u1ecb T\u00ecnh)<\/strong><\/h3>\n<p>Ch\u00e2n th\u00e0nh c\u1ea3m \u01a1n v\u00e0 r\u1ea5t h\u00e2n h\u1ea1nh \u0111\u01b0\u1ee3c ph\u1ee5c v\u1ee5 c\u00e1c b\u1ea1n!<\/p>\n","protected":false},"excerpt":{"rendered":"<p>C\u00f4ng ty ch\u00fang t\u00f4i chuy\u00ean t\u1ed5 ch\u1ee9c tour Ph\u00fa Qu\u1ed1c, hi\u1ec7n t\u1ea1i ch\u00fang t\u00f4i \u0111ang c\u00f3 v\u0103n ph\u00f2ng t\u1ea1i TP H\u1ed3 Ch\u00ed Minh v\u00e0 Ph\u00fa Qu\u1ed1c. Do nhu c\u1ea7u c\u1ee7a b\u1ea1n b\u00e8 v\u00e0 kh\u00e1ch h\u00e0ng quen mu\u1ed1n mua h\u1ea3i s\u1ea3n v\u00e0 \u0111\u1eb7c s\u1ea3n Ph\u00fa Qu\u1ed1c n\u00ean ch\u00fang t\u00f4i cung c\u1ea5p d\u1ecbch v\u1ee5 ph\u00e2n ph\u1ed1i h\u1ea3i [&hellip;]<\/p>\n","protected":false},"author":2,"featured_media":7341,"parent":0,"menu_order":0,"comment_status":"open","ping_status":"closed","template":"","meta":{"footnotes":""},"yst_prominent_words":[],"class_list":["post-7339","page","type-page","status-publish","has-post-thumbnail","hentry"],"_links":{"self":[{"href":"https:\/\/phuquocxanh.com\/vi\/wp-json\/wp\/v2\/pages\/7339","targetHints":{"allow":["GET"]}}],"collection":[{"href":"https:\/\/phuquocxanh.com\/vi\/wp-json\/wp\/v2\/pages"}],"about":[{"href":"https:\/\/phuquocxanh.com\/vi\/wp-json\/wp\/v2\/types\/page"}],"author":[{"embeddable":true,"href":"https:\/\/phuquocxanh.com\/vi\/wp-json\/wp\/v2\/users\/2"}],"replies":[{"embeddable":true,"href":"https:\/\/phuquocxanh.com\/vi\/wp-json\/wp\/v2\/comments?post=7339"}],"version-history":[{"count":0,"href":"https:\/\/phuquocxanh.com\/vi\/wp-json\/wp\/v2\/pages\/7339\/revisions"}],"wp:featuredmedia":[{"embeddable":true,"href":"https:\/\/phuquocxanh.com\/vi\/wp-json\/"}],"wp:attachment":[{"href":"https:\/\/phuquocxanh.com\/vi\/wp-json\/wp\/v2\/media?parent=7339"}],"wp:term":[{"taxonomy":"yst_prominent_words","embeddable":true,"href":"https:\/\/phuquocxanh.com\/vi\/wp-json\/wp\/v2\/yst_prominent_words?post=7339"}],"curies":[{"name":"wp","href":"https:\/\/api.w.org\/{rel}","templated":true}]}}