{"id":7547,"date":"2015-12-28T08:35:31","date_gmt":"2015-12-28T01:35:31","guid":{"rendered":"https:\/\/phuquocxanh.com\/vi\/?page_id=7547"},"modified":"2024-05-16T15:57:37","modified_gmt":"2024-05-16T08:57:37","slug":"tour-du-lich-phu-quoc-tet-nguyen-dan-am-lich","status":"publish","type":"page","link":"https:\/\/phuquocxanh.com\/vi\/tour-du-lich-phu-quoc-tet-nguyen-dan-am-lich\/","title":{"rendered":"Tour Du L\u1ecbch Ph\u00fa Qu\u1ed1c T\u1ebft 2026 | Tour Ph\u00fa Qu\u1ed1c T\u1ebft 2026"},"content":{"rendered":"<h4><strong><span style=\"color: #008000;\">T\u1ebft \u0110\u1ebfn R\u1ed3i ! Tham kh\u1ea3o ngay ch\u00f9m<span style=\"color: #0000ff;\"><a style=\"color: #0000ff;\" href=\"https:\/\/phuquocxanh.com\/vi\/tour-du-lich-phu-quoc-tet-nguyen-dan-am-lich\/\"> tour t\u1ebft Ph\u00fa Qu\u1ed1c<\/a><\/span> c\u1ee7a Ph\u00fa Qu\u1ed1c Xanh nh\u00e9. T\u1ebft n\u00e0y \u0111i \u0111\u00e2u l\u00e0m g\u00ec m\u00e0 kh\u00f4ng book <span style=\"color: #0000ff;\"><a style=\"color: #0000ff;\" href=\"https:\/\/phuquocxanh.com\/vi\/tour-du-lich-phu-quoc-tet-nguyen-dan-am-lich\/\">tour Ph\u00fa Qu\u1ed1c t\u1ebft 2026<\/a><\/span> ngay h\u00f4m nay \u0111\u1ec3 c\u00f3 nh\u1eefng tr\u1ea3i nghi\u1ec7m h\u1ea5p d\u1eabn c\u00f9ng gia \u0111\u00ecnh v\u00e0 b\u1ea1n b\u00e8.<\/span><\/strong><\/h4>\n<p><strong>B\u1ea1n \u0111ang l\u00ean k\u1ebf ho\u1ea1ch du xu\u00e2n ? \u0110ang t\u00ecm ki\u1ebfm 1 \u0111i\u1ec3m \u0111\u1ebfn hay m\u1ed9t tour t\u1ebft Ph\u00fa Qu\u1ed1c ch\u1ea5t l\u01b0\u1ee3ng ? V\u1eady <a href=\"https:\/\/phuquocxanh.com\/vi\/tour-du-lich-phu-quoc-tet-nguyen-dan-am-lich\/\">tour du l\u1ecbch Ph\u00fa Qu\u1ed1c t\u1ebft nguy\u00ean \u0111\u00e1n 2026 <\/a>s\u1ebd l\u00e0 l\u1ef1a ch\u1ecdn s\u1ed1 1 cho c\u1ea3 gia \u0111\u00ecnh b\u1ea1n.<\/strong><\/p>\n<p>Tour du l\u1ecbch Ph\u00fa Qu\u1ed1c t\u1ebft lu\u00f4n l\u00e0 s\u1ef1 l\u1ef1a ch\u1ecdn h\u00e0ng \u0111\u1ea7u c\u1ee7a nhi\u1ec1u du kh\u00e1ch . Nhi\u1ec1u ng\u01b0\u1eddi d\u00f9 \u0111\u00e3 \u0111i tour t\u1ebft Ph\u00fa Qu\u1ed1c n\u0103m tr\u01b0\u1edbc r\u1ed3i nh\u01b0ng n\u0103m nay v\u1eabn ch\u1ecdn \u0111i du l\u1ecbch Ph\u00fa Qu\u1ed1c d\u1ecbp t\u1ebft b\u1edfi v\u00ec luy\u1ebfn ti\u1ebfc ch\u01b0a \u0111i h\u1ebft \u0111\u01b0\u1ee3c Ph\u00fa Qu\u1ed1c trong k\u1ef3 du xu\u00e2n Ph\u00fa Qu\u1ed1c n\u0103m tr\u01b0\u1edbc.<\/p>\n","protected":false},"excerpt":{"rendered":"<p>T\u1ebft \u0110\u1ebfn R\u1ed3i ! Tham kh\u1ea3o ngay ch\u00f9m tour t\u1ebft Ph\u00fa Qu\u1ed1c c\u1ee7a Ph\u00fa Qu\u1ed1c Xanh nh\u00e9. T\u1ebft n\u00e0y \u0111i \u0111\u00e2u l\u00e0m g\u00ec m\u00e0 kh\u00f4ng book tour Ph\u00fa Qu\u1ed1c t\u1ebft 2026 ngay h\u00f4m nay \u0111\u1ec3 c\u00f3 nh\u1eefng tr\u1ea3i nghi\u1ec7m h\u1ea5p d\u1eabn c\u00f9ng gia \u0111\u00ecnh v\u00e0 b\u1ea1n b\u00e8. B\u1ea1n \u0111ang l\u00ean k\u1ebf ho\u1ea1ch du xu\u00e2n ? [&hellip;]<\/p>\n","protected":false},"author":2,"featured_media":34314,"parent":0,"menu_order":0,"comment_status":"closed","ping_status":"closed","template":"","meta":{"footnotes":""},"yst_prominent_words":[],"class_list":["post-7547","page","type-page","status-publish","has-post-thumbnail","hentry"],"_links":{"self":[{"href":"https:\/\/phuquocxanh.com\/vi\/wp-json\/wp\/v2\/pages\/7547","targetHints":{"allow":["GET"]}}],"collection":[{"href":"https:\/\/phuquocxanh.com\/vi\/wp-json\/wp\/v2\/pages"}],"about":[{"href":"https:\/\/phuquocxanh.com\/vi\/wp-json\/wp\/v2\/types\/page"}],"author":[{"embeddable":true,"href":"https:\/\/phuquocxanh.com\/vi\/wp-json\/wp\/v2\/users\/2"}],"replies":[{"embeddable":true,"href":"https:\/\/phuquocxanh.com\/vi\/wp-json\/wp\/v2\/comments?post=7547"}],"version-history":[{"count":0,"href":"https:\/\/phuquocxanh.com\/vi\/wp-json\/wp\/v2\/pages\/7547\/revisions"}],"wp:featuredmedia":[{"embeddable":true,"href":"https:\/\/phuquocxanh.com\/vi\/wp-json\/wp\/v2\/media\/34314"}],"wp:attachment":[{"href":"https:\/\/phuquocxanh.com\/vi\/wp-json\/wp\/v2\/media?parent=7547"}],"wp:term":[{"taxonomy":"yst_prominent_words","embeddable":true,"href":"https:\/\/phuquocxanh.com\/vi\/wp-json\/wp\/v2\/yst_prominent_words?post=7547"}],"curies":[{"name":"wp","href":"https:\/\/api.w.org\/{rel}","templated":true}]}}