{"id":7836,"date":"2016-01-07T07:10:32","date_gmt":"2016-01-07T00:10:32","guid":{"rendered":"https:\/\/phuquocxanh.com\/vi\/?page_id=7836"},"modified":"2026-01-06T15:23:04","modified_gmt":"2026-01-06T08:23:04","slug":"tour-phu-quoc-hang-ngay","status":"publish","type":"page","link":"https:\/\/phuquocxanh.com\/vi\/tour-phu-quoc-hang-ngay\/","title":{"rendered":"Ch\u00f9m Tour Ph\u00fa Qu\u1ed1c 1 Ng\u00e0y Kh\u1edfi H\u00e0nh H\u00e0ng Ng\u00e0y"},"content":{"rendered":"<p><strong><span style=\"color: #0000ff;\">N\u1ebfu b\u1ea1n c\u00f3 1 ng\u00e0y \u1edf Ph\u00fa Qu\u1ed1c th\u00ec n\u00ean \u0111i \u0111\u00e2u ? l\u00e0m g\u00ec ? Hay n\u1ebfu b\u1ea1n \u00a0kh\u00f4ng mu\u1ed1n \u0111i tour Ph\u00fa Qu\u1ed1c tr\u1ecdn g\u00f3i th\u00ec ph\u1ea3i l\u00e0m sao ? H\u00e3y tham kh\u1ea3o <a href=\"https:\/\/phuquocxanh.com\/vi\/tour-phu-quoc-hang-ngay\/\">tour Ph\u00fa Qu\u1ed1c 1 ng\u00e0y<\/a> c\u1ee7a ch\u00fang t\u00f4i . <a href=\"https:\/\/phuquocxanh.com\/vi\/tour-phu-quoc-hang-ngay\/\">Tour Ph\u00fa Qu\u1ed1c 1 ng\u00e0y<\/a> c\u1ee7a ch\u00fang t\u00f4i ph\u00f9 h\u1ee3p v\u1edbi m\u1ecdi du kh\u00e1ch \u0111\u1ebfn Ph\u00fa Qu\u1ed1c n\u0103m 2026 : \u0111i t\u1ef1 t\u00fac , \u0111i ph\u01b0\u1ee3t &#8230;. C\u00f3 r\u1ea5t nhi\u1ec1u d\u1ea1ng tour , g\u00f3i tour , g\u00f3i d\u1ecbch v\u1ee5 \u0111\u1ec3 qu\u00fd kh\u00e1ch l\u1ef1a ch\u1ecdn.<\/span><\/strong><\/p>\n<p>Ph\u00fa Qu\u1ed1c Xanh lu\u00f4n c\u00f3 c\u00e1c\u00a0<a href=\"https:\/\/phuquocxanh.com\/vi\/tour-phu-quoc-hang-ngay\/\">tour Ph\u00fa Qu\u1ed1c H\u00e0ng ng\u00e0y<\/a>\u00a0gh\u00e9p \u0111o\u00e0n , kh\u1edfi h\u00e0nh li\u00ean t\u1ee5c t\u1ea5t c\u1ea3 c\u1ea3 ng\u00e0y \u1edf Ph\u00fa Qu\u1ed1c .C\u00e1c b\u1ea1n s\u1ebd c\u00f3 nh\u1eefng chuy\u1ebfn <a href=\"https:\/\/phuquocxanh.com\/vi\">du l\u1ecbch ph\u00fa qu\u1ed1c<\/a> nh\u01b0 \u00fd , v\u1edbi nh\u1eefng l\u1ef1a ch\u1ecdn \u0111a d\u1ea1ng , \u0111\u00e1p \u1ee9ng v\u1edbi m\u1ecdi nhu c\u1ea7u c\u1ee7a qu\u00fd du kh\u00e1ch : tham quan , chinh ph\u1ee5c , tr\u1ea3i nghi\u1ec7m&#8230;<\/p>\n","protected":false},"excerpt":{"rendered":"<p>N\u1ebfu b\u1ea1n c\u00f3 1 ng\u00e0y \u1edf Ph\u00fa Qu\u1ed1c th\u00ec n\u00ean \u0111i \u0111\u00e2u ? l\u00e0m g\u00ec ? Hay n\u1ebfu b\u1ea1n \u00a0kh\u00f4ng mu\u1ed1n \u0111i tour Ph\u00fa Qu\u1ed1c tr\u1ecdn g\u00f3i th\u00ec ph\u1ea3i l\u00e0m sao ? H\u00e3y tham kh\u1ea3o tour Ph\u00fa Qu\u1ed1c 1 ng\u00e0y c\u1ee7a ch\u00fang t\u00f4i . Tour Ph\u00fa Qu\u1ed1c 1 ng\u00e0y c\u1ee7a ch\u00fang t\u00f4i ph\u00f9 h\u1ee3p v\u1edbi [&hellip;]<\/p>\n","protected":false},"author":2,"featured_media":35118,"parent":0,"menu_order":0,"comment_status":"closed","ping_status":"closed","template":"","meta":{"footnotes":""},"yst_prominent_words":[],"class_list":["post-7836","page","type-page","status-publish","has-post-thumbnail","hentry"],"_links":{"self":[{"href":"https:\/\/phuquocxanh.com\/vi\/wp-json\/wp\/v2\/pages\/7836","targetHints":{"allow":["GET"]}}],"collection":[{"href":"https:\/\/phuquocxanh.com\/vi\/wp-json\/wp\/v2\/pages"}],"about":[{"href":"https:\/\/phuquocxanh.com\/vi\/wp-json\/wp\/v2\/types\/page"}],"author":[{"embeddable":true,"href":"https:\/\/phuquocxanh.com\/vi\/wp-json\/wp\/v2\/users\/2"}],"replies":[{"embeddable":true,"href":"https:\/\/phuquocxanh.com\/vi\/wp-json\/wp\/v2\/comments?post=7836"}],"version-history":[{"count":5,"href":"https:\/\/phuquocxanh.com\/vi\/wp-json\/wp\/v2\/pages\/7836\/revisions"}],"predecessor-version":[{"id":43090,"href":"https:\/\/phuquocxanh.com\/vi\/wp-json\/wp\/v2\/pages\/7836\/revisions\/43090"}],"wp:featuredmedia":[{"embeddable":true,"href":"https:\/\/phuquocxanh.com\/vi\/wp-json\/wp\/v2\/media\/35118"}],"wp:attachment":[{"href":"https:\/\/phuquocxanh.com\/vi\/wp-json\/wp\/v2\/media?parent=7836"}],"wp:term":[{"taxonomy":"yst_prominent_words","embeddable":true,"href":"https:\/\/phuquocxanh.com\/vi\/wp-json\/wp\/v2\/yst_prominent_words?post=7836"}],"curies":[{"name":"wp","href":"https:\/\/api.w.org\/{rel}","templated":true}]}}