{"id":8183,"date":"2016-03-23T06:27:21","date_gmt":"2016-03-22T23:27:21","guid":{"rendered":"https:\/\/phuquocxanh.com\/vi\/?page_id=8183"},"modified":"2025-05-15T15:38:26","modified_gmt":"2025-05-15T08:38:26","slug":"tour-du-lich-sai-gon-phu-quoc","status":"publish","type":"page","link":"https:\/\/phuquocxanh.com\/vi\/tour-du-lich-sai-gon-phu-quoc\/","title":{"rendered":"Tour S\u00e0i G\u00f2n Ph\u00fa Qu\u1ed1c b\u1eb1ng m\u00e1y bay , t\u00e0u cao t\u1ed1c , xe \u00f4 t\u00f4 gi\u01b0\u1eddng n\u1eb1m"},"content":{"rendered":"<p style=\"text-align: center;\"><strong><span style=\"color: #008000;\">Qu\u00fd du kh\u00e1ch c\u00f3 th\u1ec3 l\u1ef1a ch\u1ecdn\u00a0tour du l\u1ecbch Ph\u00fa Qu\u1ed1c kh\u1edfi h\u00e0nh t\u1eeb S\u00e0i G\u00f2n b\u1eb1ng m\u00e1y bay , \u00f4 t\u00f4 + t\u00e0u \u00a0v\u1edbi d\u1ecbch v\u1ee5 \u0111a d\u1ea1ng , gi\u00e1 c\u1ea3 h\u1ee3p l\u00fd v\u00e0 l\u1ecbch kh\u1edfi h\u00e0nh li\u00ean t\u1ee5c h\u00e0ng ng\u00e0y theo y\u00eau c\u1ea7u<\/span><\/strong><\/p>\n<p>&nbsp;<\/p>\n","protected":false},"excerpt":{"rendered":"<p>Qu\u00fd du kh\u00e1ch c\u00f3 th\u1ec3 l\u1ef1a ch\u1ecdn\u00a0tour du l\u1ecbch Ph\u00fa Qu\u1ed1c kh\u1edfi h\u00e0nh t\u1eeb S\u00e0i G\u00f2n b\u1eb1ng m\u00e1y bay , \u00f4 t\u00f4 + t\u00e0u \u00a0v\u1edbi d\u1ecbch v\u1ee5 \u0111a d\u1ea1ng , gi\u00e1 c\u1ea3 h\u1ee3p l\u00fd v\u00e0 l\u1ecbch kh\u1edfi h\u00e0nh li\u00ean t\u1ee5c h\u00e0ng ng\u00e0y theo y\u00eau c\u1ea7u &nbsp;<\/p>\n","protected":false},"author":2,"featured_media":35135,"parent":0,"menu_order":0,"comment_status":"closed","ping_status":"closed","template":"","meta":{"footnotes":""},"yst_prominent_words":[],"class_list":["post-8183","page","type-page","status-publish","has-post-thumbnail","hentry"],"_links":{"self":[{"href":"https:\/\/phuquocxanh.com\/vi\/wp-json\/wp\/v2\/pages\/8183","targetHints":{"allow":["GET"]}}],"collection":[{"href":"https:\/\/phuquocxanh.com\/vi\/wp-json\/wp\/v2\/pages"}],"about":[{"href":"https:\/\/phuquocxanh.com\/vi\/wp-json\/wp\/v2\/types\/page"}],"author":[{"embeddable":true,"href":"https:\/\/phuquocxanh.com\/vi\/wp-json\/wp\/v2\/users\/2"}],"replies":[{"embeddable":true,"href":"https:\/\/phuquocxanh.com\/vi\/wp-json\/wp\/v2\/comments?post=8183"}],"version-history":[{"count":3,"href":"https:\/\/phuquocxanh.com\/vi\/wp-json\/wp\/v2\/pages\/8183\/revisions"}],"predecessor-version":[{"id":42790,"href":"https:\/\/phuquocxanh.com\/vi\/wp-json\/wp\/v2\/pages\/8183\/revisions\/42790"}],"wp:featuredmedia":[{"embeddable":true,"href":"https:\/\/phuquocxanh.com\/vi\/wp-json\/wp\/v2\/media\/35135"}],"wp:attachment":[{"href":"https:\/\/phuquocxanh.com\/vi\/wp-json\/wp\/v2\/media?parent=8183"}],"wp:term":[{"taxonomy":"yst_prominent_words","embeddable":true,"href":"https:\/\/phuquocxanh.com\/vi\/wp-json\/wp\/v2\/yst_prominent_words?post=8183"}],"curies":[{"name":"wp","href":"https:\/\/api.w.org\/{rel}","templated":true}]}}