{"id":8953,"date":"2016-05-03T17:12:39","date_gmt":"2016-05-03T10:12:39","guid":{"rendered":"https:\/\/phuquocxanh.com\/vi\/?page_id=8953"},"modified":"2026-01-06T15:22:13","modified_gmt":"2026-01-06T08:22:13","slug":"tour-phu-quoc-tron-goi","status":"publish","type":"page","link":"https:\/\/phuquocxanh.com\/vi\/tour-phu-quoc-tron-goi\/","title":{"rendered":"Ch\u00f9m Tour Ph\u00fa Qu\u1ed1c Tr\u1ecdn G\u00f3i H\u00e8 2026"},"content":{"rendered":"<h4><span style=\"color: #0000ff;\">Tr\u1ea3i nghi\u1ec7m 1 k\u1ef3 ngh\u1ec9 d\u01b0\u1ee1ng h\u00e8 2026 c\u00f9ng gia \u0111\u00ecnh ,b\u1ea1n b\u00e8 ,ng\u01b0\u1eddi th\u00e2n t\u1ea1i \u0111\u1ea3o ng\u1ecdc Ph\u00fa Qu\u1ed1c v\u1edbi c\u00e1c<strong><a href=\"https:\/\/phuquocxanh.com\/vi\/tour-phu-quoc-tron-goi\/\"> tour ph\u00fa qu\u1ed1c tr\u1ecdn g\u00f3i<\/a> <\/strong>\u00a0ho\u1eb7c c\u00e1c<a style=\"color: #0000ff;\" href=\"https:\/\/phuquocxanh.com\/vi\/tour-phu-quoc-tron-goi\/\"> tour\u00a0 du lich ph\u00fa qu\u1ed1c tr\u1ecdn g\u00f3i<\/a> theo y\u00eau c\u1ea7u c\u1ef1c k\u1ef3 h\u1ea5p d\u1eabn c\u1ee7a <a href=\"https:\/\/phuquocxanh.com\/\">Ph\u00fa Qu\u1ed1c Xanh<\/a> . <\/span><\/h4>\n","protected":false},"excerpt":{"rendered":"<p>Tr\u1ea3i nghi\u1ec7m 1 k\u1ef3 ngh\u1ec9 d\u01b0\u1ee1ng h\u00e8 2026 c\u00f9ng gia \u0111\u00ecnh ,b\u1ea1n b\u00e8 ,ng\u01b0\u1eddi th\u00e2n t\u1ea1i \u0111\u1ea3o ng\u1ecdc Ph\u00fa Qu\u1ed1c v\u1edbi c\u00e1c tour ph\u00fa qu\u1ed1c tr\u1ecdn g\u00f3i \u00a0ho\u1eb7c c\u00e1c tour\u00a0 du lich ph\u00fa qu\u1ed1c tr\u1ecdn g\u00f3i theo y\u00eau c\u1ea7u c\u1ef1c k\u1ef3 h\u1ea5p d\u1eabn c\u1ee7a Ph\u00fa Qu\u1ed1c Xanh .<\/p>\n","protected":false},"author":2,"featured_media":34911,"parent":0,"menu_order":0,"comment_status":"closed","ping_status":"closed","template":"","meta":{"footnotes":""},"yst_prominent_words":[],"class_list":["post-8953","page","type-page","status-publish","has-post-thumbnail","hentry"],"_links":{"self":[{"href":"https:\/\/phuquocxanh.com\/vi\/wp-json\/wp\/v2\/pages\/8953","targetHints":{"allow":["GET"]}}],"collection":[{"href":"https:\/\/phuquocxanh.com\/vi\/wp-json\/wp\/v2\/pages"}],"about":[{"href":"https:\/\/phuquocxanh.com\/vi\/wp-json\/wp\/v2\/types\/page"}],"author":[{"embeddable":true,"href":"https:\/\/phuquocxanh.com\/vi\/wp-json\/wp\/v2\/users\/2"}],"replies":[{"embeddable":true,"href":"https:\/\/phuquocxanh.com\/vi\/wp-json\/wp\/v2\/comments?post=8953"}],"version-history":[{"count":3,"href":"https:\/\/phuquocxanh.com\/vi\/wp-json\/wp\/v2\/pages\/8953\/revisions"}],"predecessor-version":[{"id":43087,"href":"https:\/\/phuquocxanh.com\/vi\/wp-json\/wp\/v2\/pages\/8953\/revisions\/43087"}],"wp:featuredmedia":[{"embeddable":true,"href":"https:\/\/phuquocxanh.com\/vi\/wp-json\/wp\/v2\/media\/34911"}],"wp:attachment":[{"href":"https:\/\/phuquocxanh.com\/vi\/wp-json\/wp\/v2\/media?parent=8953"}],"wp:term":[{"taxonomy":"yst_prominent_words","embeddable":true,"href":"https:\/\/phuquocxanh.com\/vi\/wp-json\/wp\/v2\/yst_prominent_words?post=8953"}],"curies":[{"name":"wp","href":"https:\/\/api.w.org\/{rel}","templated":true}]}}